{"id":778,"date":"2022-12-31T02:58:49","date_gmt":"2022-12-31T02:58:49","guid":{"rendered":"https:\/\/cmykprinted.com\/?post_type=product&#038;p=778"},"modified":"2022-12-31T03:33:16","modified_gmt":"2022-12-31T03:33:16","slug":"heavy-duty-instant-enclosed-10x20ft-pop-up-canopies-gazebo","status":"publish","type":"product","link":"https:\/\/cmykprinted.com\/fi\/tuote\/heavy-duty-instant-enclosed-10x20ft-pop-up-canopies-gazebo\/","title":{"rendered":"Kest\u00e4v\u00e4t pikasuljetut 10 x 20 jalan pikakatokset ja huvimaja"},"content":{"rendered":"","protected":false},"excerpt":{"rendered":"<p>10x20 jalan ponnahduskatokset on suunniteltu ulkotapahtumiin, ja niiss\u00e4 on k\u00e4tev\u00e4 kantolaukku kuljetusta varten. 10 x 20 jalan ponnahduskatokset tarjoavat suuren 200 neli\u00f6metrin varjostusalueen, johon mahtuu 8 jalan suorakaiteen muotoinen p\u00f6yt\u00e4, jossa on 25 tuolia tai noin 30 ihmist\u00e4 seisomassa samanaikaisesti. Katos on valmistettu kest\u00e4v\u00e4st\u00e4 420D Oxford -kankaasta, jossa on PVC-pinnoite tuulen- ja kulutuksenkest\u00e4v\u00e4ksi sek\u00e4 UV30+-suojaksi ja vedenpit\u00e4v\u00e4ksi. Se on nopea ja helppo asentaa ty\u00f6kaluvapaalla asennusprosessilla ja raskaalla ter\u00e4srungolla, jossa on 4-asentoinen korkeuss\u00e4\u00e4t\u00f6. Katoksessa on my\u00f6s sivusein\u00e4t l\u00e4pin\u00e4kyvill\u00e4 ikkunoilla ja keskell\u00e4 oleva vetoketjullinen ovi, joka lis\u00e4\u00e4 suojaa tuulelta ja haitallisilta auringonpaisteelta, mutta antaa silti selke\u00e4n n\u00e4kym\u00e4n ulos. Sivusein\u00e4t voidaan helposti kiinnitt\u00e4\u00e4 tai irrottaa katosrungosta koukkukiinnikkeill\u00e4.<\/p>\n<div style=\"width: 1280px;\" class=\"wp-video\"><!--[if lt IE 9]><script>document.createElement('video');<\/script><![endif]--><br \/>\n<video class=\"wp-video-shortcode\" id=\"video-778-1\" width=\"1280\" height=\"720\" loop autoplay preload=\"auto\" controls=\"controls\"><source type=\"video\/mp4\" src=\"http:\/\/cmykprinted.com\/wp-content\/uploads\/2022\/12\/10x20ft-Pop-Up-Canopies.mp4?_=1\" \/><a href=\"http:\/\/cmykprinted.com\/wp-content\/uploads\/2022\/12\/10x20ft-Pop-Up-Canopies.mp4\">http:\/\/cmykprinted.com\/wp-content\/uploads\/2022\/12\/10x20ft-Pop-Up-Canopies.mp4<\/a><\/video><\/div>","protected":false},"featured_media":780,"template":"","meta":{"_kad_post_transparent":"default","_kad_post_title":"hide","_kad_post_layout":"fullwidth","_kad_post_sidebar_id":"","_kad_post_content_style":"unboxed","_kad_post_vertical_padding":"hide","_kad_post_feature":"hide","_kad_post_feature_position":"","_kad_post_header":false,"_kad_post_footer":false},"product_cat":[68,72,69],"product_tag":[208,211,209,210],"class_list":{"0":"post-778","1":"product","2":"type-product","3":"status-publish","4":"has-post-thumbnail","6":"product_cat-custom-canopy-tents","7":"product_cat-10x20ft-pop-up-canopies","8":"product_cat-40mm-hexagon-aluminum-tents","9":"product_tag-10x20ft-pop-up-canopies","10":"product_tag-heavy-duty-gazebo","11":"product_tag-heavy-duty-pop-up-canopies","12":"product_tag-instant-pop-up-canopies","14":"first","15":"instock","16":"shipping-taxable","17":"product-type-simple","18":"entry","19":"content-bg","20":"loop-entry"},"_links":{"self":[{"href":"https:\/\/cmykprinted.com\/fi\/wp-json\/wp\/v2\/product\/778","targetHints":{"allow":["GET"]}}],"collection":[{"href":"https:\/\/cmykprinted.com\/fi\/wp-json\/wp\/v2\/product"}],"about":[{"href":"https:\/\/cmykprinted.com\/fi\/wp-json\/wp\/v2\/types\/product"}],"version-history":[{"count":4,"href":"https:\/\/cmykprinted.com\/fi\/wp-json\/wp\/v2\/product\/778\/revisions"}],"predecessor-version":[{"id":790,"href":"https:\/\/cmykprinted.com\/fi\/wp-json\/wp\/v2\/product\/778\/revisions\/790"}],"wp:featuredmedia":[{"embeddable":true,"href":"https:\/\/cmykprinted.com\/fi\/wp-json\/wp\/v2\/media\/780"}],"wp:attachment":[{"href":"https:\/\/cmykprinted.com\/fi\/wp-json\/wp\/v2\/media?parent=778"}],"wp:term":[{"taxonomy":"product_cat","embeddable":true,"href":"https:\/\/cmykprinted.com\/fi\/wp-json\/wp\/v2\/product_cat?post=778"},{"taxonomy":"product_tag","embeddable":true,"href":"https:\/\/cmykprinted.com\/fi\/wp-json\/wp\/v2\/product_tag?post=778"}],"curies":[{"name":"wp","href":"https:\/\/api.w.org\/{rel}","templated":true}]}}