{"id":791,"date":"2022-12-31T06:57:00","date_gmt":"2022-12-31T06:57:00","guid":{"rendered":"https:\/\/cmykprinted.com\/?post_type=product&#038;p=791"},"modified":"2022-12-31T07:06:35","modified_gmt":"2022-12-31T07:06:35","slug":"wall-mounted-promotional-flags-end-sign-flags-custom-printed","status":"publish","type":"product","link":"https:\/\/cmykprinted.com\/fi\/tuote\/wall-mounted-promotional-flags-end-sign-flags-custom-printed\/","title":{"rendered":"Sein\u00e4lle kiinnitetyt mainosliput P\u00e4\u00e4tykylttiliput r\u00e4\u00e4t\u00e4l\u00f6ityj\u00e4 painettuja"},"content":{"rendered":"","protected":false},"excerpt":{"rendered":"<p>Sein\u00e4\u00e4n kiinnitett\u00e4v\u00e4t mainoslippumme on painettu kovalle, kulutusta kest\u00e4v\u00e4lle PVC-bannerimateriaalille ja k\u00e4sitelty UV-musteella pitk\u00e4n k\u00e4ytt\u00f6i\u00e4n takaamiseksi. N\u00e4m\u00e4 liput ovat 430 mm leveit\u00e4 ja 355 mm toisella puolella ja 560 mm toisella puolella, ja ne on valmistettu vahvasta mutta joustavasta valkoisesta PVC:st\u00e4 ja niiss\u00e4 on 750 mm pitk\u00e4 lipputanko. Suippeneva pistorasia varmistaa varman otteen tangosta ja est\u00e4\u00e4 lipun katoamisen tuulisissa olosuhteissa. N\u00e4m\u00e4 liput voidaan helposti ruuvata seiniin, ja niiden mukana tulee sarja, joka sis\u00e4lt\u00e4\u00e4 polypropeenikiinnikkeen, PVC-tangon, p\u00e4\u00e4teosan ja kauluksen. Tarjoamme my\u00f6s tavallisia 780 gsm vahvistetusta PVC:st\u00e4 valmistettuja &#039;n\u00e4ytt\u00f6lippuja&#039;, jotka soveltuvat vinyylimaalaukseen ja voidaan tulostaa tilauksesta. Saatavilla on my\u00f6s mukautettuja lippuja. Kaikki lippumme on valmistettu eritt\u00e4in vahvoista materiaaleista ja merilaatuisista polyesteriompeleista parhaan ulkoilun saavuttamiseksi.<\/p>","protected":false},"featured_media":792,"template":"","meta":{"_kad_post_transparent":"default","_kad_post_title":"hide","_kad_post_layout":"fullwidth","_kad_post_sidebar_id":"","_kad_post_content_style":"unboxed","_kad_post_vertical_padding":"hide","_kad_post_feature":"hide","_kad_post_feature_position":"","_kad_post_header":false,"_kad_post_footer":false},"product_cat":[79],"product_tag":[215,213,214,212],"class_list":{"0":"post-791","1":"product","2":"type-product","3":"status-publish","4":"has-post-thumbnail","6":"product_cat-custom-flags","7":"product_tag-custom-promotional-flags","8":"product_tag-end-sign-flags","9":"product_tag-promotional-flags","10":"product_tag-wall-mounted-promotional-flags","12":"first","13":"instock","14":"shipping-taxable","15":"product-type-simple","16":"entry","17":"content-bg","18":"loop-entry"},"_links":{"self":[{"href":"https:\/\/cmykprinted.com\/fi\/wp-json\/wp\/v2\/product\/791","targetHints":{"allow":["GET"]}}],"collection":[{"href":"https:\/\/cmykprinted.com\/fi\/wp-json\/wp\/v2\/product"}],"about":[{"href":"https:\/\/cmykprinted.com\/fi\/wp-json\/wp\/v2\/types\/product"}],"version-history":[{"count":3,"href":"https:\/\/cmykprinted.com\/fi\/wp-json\/wp\/v2\/product\/791\/revisions"}],"predecessor-version":[{"id":799,"href":"https:\/\/cmykprinted.com\/fi\/wp-json\/wp\/v2\/product\/791\/revisions\/799"}],"wp:featuredmedia":[{"embeddable":true,"href":"https:\/\/cmykprinted.com\/fi\/wp-json\/wp\/v2\/media\/792"}],"wp:attachment":[{"href":"https:\/\/cmykprinted.com\/fi\/wp-json\/wp\/v2\/media?parent=791"}],"wp:term":[{"taxonomy":"product_cat","embeddable":true,"href":"https:\/\/cmykprinted.com\/fi\/wp-json\/wp\/v2\/product_cat?post=791"},{"taxonomy":"product_tag","embeddable":true,"href":"https:\/\/cmykprinted.com\/fi\/wp-json\/wp\/v2\/product_tag?post=791"}],"curies":[{"name":"wp","href":"https:\/\/api.w.org\/{rel}","templated":true}]}}