{"id":810,"date":"2022-12-31T13:39:50","date_gmt":"2022-12-31T13:39:50","guid":{"rendered":"https:\/\/cmykprinted.com\/?post_type=product&#038;p=810"},"modified":"2022-12-31T13:53:52","modified_gmt":"2022-12-31T13:53:52","slug":"durable-custom-printed-outdoor-scrim-glossy-vinyl-banner","status":"publish","type":"product","link":"https:\/\/cmykprinted.com\/fi\/tuote\/durable-custom-printed-outdoor-scrim-glossy-vinyl-banner\/","title":{"rendered":"Kest\u00e4v\u00e4 r\u00e4\u00e4t\u00e4l\u00f6ity ulkok\u00e4ytt\u00f6\u00f6n painettu kiilt\u00e4v\u00e4 vinyylibanneri"},"content":{"rendered":"","protected":false},"excerpt":{"rendered":"<p>Kiilt\u00e4v\u00e4t vinyylibannerimme sopivat sek\u00e4 sis\u00e4- ett\u00e4 ulkok\u00e4ytt\u00f6\u00f6n, koska ne ovat haalistumattomia, repeytym\u00e4tt\u00f6mi\u00e4 ja tuulenpit\u00e4vi\u00e4. Ne ovat my\u00f6s eritt\u00e4in kustannustehokkaita, joten ne ovat loistava valinta niille, joilla on budjetti. N\u00e4iss\u00e4 bannereissa k\u00e4ytetty vinyylimateriaali on kirkasta ja kiilt\u00e4v\u00e4\u00e4, mik\u00e4 auttaa saamaan suunnittelusi v\u00e4rit n\u00e4ytt\u00e4m\u00e4\u00e4n el\u00e4v\u00e4mmilt\u00e4 ja katseenvangitsevilta. Lis\u00e4ksi n\u00e4iden bannerien eritt\u00e4in sile\u00e4 tekstipinta auttaa her\u00e4tt\u00e4m\u00e4\u00e4n grafiikkasi eloon.<br \/>\nKiilt\u00e4v\u00e4t vinyylibannerimme ovat suosittu valinta ulkotapahtumiin, kuten jalkapallo-otteluihin, joissa ne voidaan ripustaa kentt\u00e4\u00e4 ymp\u00e4r\u00f6iv\u00e4n aidan tai sein\u00e4n varrelle esittelem\u00e4\u00e4n joukkueen sponsoreita. Ne ovat my\u00f6s loistava valinta perhejuhliin, yritysten piknikeihin ja muihin ulkoilmatapaamisiin, koska ne voidaan ripustaa helposti kahden puun v\u00e4liin eloisan ja edullisen esittelyn luomiseksi. Olipa tilaisuus mik\u00e4 tahansa, kiilt\u00e4v\u00e4t vinyylibannerimme tekev\u00e4t tapahtumastasi erityisen.<\/p>\n<div style=\"width: 1290px;\" class=\"wp-video\"><!--[if lt IE 9]><script>document.createElement('video');<\/script><![endif]--><br \/>\n<video class=\"wp-video-shortcode\" id=\"video-810-1\" width=\"1290\" height=\"726\" loop autoplay preload=\"auto\" controls=\"controls\"><source type=\"video\/mp4\" src=\"http:\/\/cmykprinted.com\/wp-content\/uploads\/2022\/12\/vinyl-PVC-banners.mp4?_=1\" \/><a href=\"http:\/\/cmykprinted.com\/wp-content\/uploads\/2022\/12\/vinyl-PVC-banners.mp4\">http:\/\/cmykprinted.com\/wp-content\/uploads\/2022\/12\/vinyl-PVC-banners.mp4<\/a><\/video><\/div>\n<p>&nbsp;<\/p>","protected":false},"featured_media":811,"template":"","meta":{"_kad_post_transparent":"default","_kad_post_title":"hide","_kad_post_layout":"fullwidth","_kad_post_sidebar_id":"","_kad_post_content_style":"unboxed","_kad_post_vertical_padding":"hide","_kad_post_feature":"hide","_kad_post_feature_position":"","_kad_post_header":false,"_kad_post_footer":false},"product_cat":[85,90,91,89],"product_tag":[221,220,219,222],"class_list":{"0":"post-810","1":"product","2":"type-product","3":"status-publish","4":"has-post-thumbnail","6":"product_cat-outdoor-vinyl-banners","7":"product_cat-glossy-pvc-banners","8":"product_cat-matte-vinyl-banners","9":"product_cat-pvc-banners","10":"product_tag-custom-vinyl-banner","11":"product_tag-durable-vinyl-banner","12":"product_tag-glossy-vinyl-banner","13":"product_tag-outdoor-vinyl-banner","15":"first","16":"instock","17":"shipping-taxable","18":"product-type-simple","19":"entry","20":"content-bg","21":"loop-entry"},"_links":{"self":[{"href":"https:\/\/cmykprinted.com\/fi\/wp-json\/wp\/v2\/product\/810","targetHints":{"allow":["GET"]}}],"collection":[{"href":"https:\/\/cmykprinted.com\/fi\/wp-json\/wp\/v2\/product"}],"about":[{"href":"https:\/\/cmykprinted.com\/fi\/wp-json\/wp\/v2\/types\/product"}],"version-history":[{"count":2,"href":"https:\/\/cmykprinted.com\/fi\/wp-json\/wp\/v2\/product\/810\/revisions"}],"predecessor-version":[{"id":817,"href":"https:\/\/cmykprinted.com\/fi\/wp-json\/wp\/v2\/product\/810\/revisions\/817"}],"wp:featuredmedia":[{"embeddable":true,"href":"https:\/\/cmykprinted.com\/fi\/wp-json\/wp\/v2\/media\/811"}],"wp:attachment":[{"href":"https:\/\/cmykprinted.com\/fi\/wp-json\/wp\/v2\/media?parent=810"}],"wp:term":[{"taxonomy":"product_cat","embeddable":true,"href":"https:\/\/cmykprinted.com\/fi\/wp-json\/wp\/v2\/product_cat?post=810"},{"taxonomy":"product_tag","embeddable":true,"href":"https:\/\/cmykprinted.com\/fi\/wp-json\/wp\/v2\/product_tag?post=810"}],"curies":[{"name":"wp","href":"https:\/\/api.w.org\/{rel}","templated":true}]}}