{"id":818,"date":"2022-12-31T14:04:19","date_gmt":"2022-12-31T14:04:19","guid":{"rendered":"https:\/\/cmykprinted.com\/?post_type=product&#038;p=818"},"modified":"2022-12-31T14:16:24","modified_gmt":"2022-12-31T14:16:24","slug":"vertical-pop-up-banners-for-promotional-outdoor-advertising","status":"publish","type":"product","link":"https:\/\/cmykprinted.com\/fi\/tuote\/vertical-pop-up-banners-for-promotional-outdoor-advertising\/","title":{"rendered":"Pystysuuntaiset ponnahdusbannerit ulkomainonnan edist\u00e4miseen"},"content":{"rendered":"","protected":false},"excerpt":{"rendered":"<p>Pystysuuntaiset pop-up-bannerit ovat loistava vaihtoehto perinteisille A-kehysmalleille, koska ne tarjoavat paljon enemm\u00e4n tulostettavaa pinta-alaa. N\u00e4m\u00e4 bannerit on suunniteltu helposti kuljetettaviksi, pystytt\u00e4viksi ja irrotettaviksi, joten ne ovat k\u00e4tev\u00e4 valinta tapahtumiin, messuihin ja muihin tilaisuuksiin. Ne sopivat my\u00f6s sis\u00e4- ja ulkok\u00e4ytt\u00f6\u00f6n, ja niiss\u00e4 on nelj\u00e4 maadoituspiikki\u00e4 lis\u00e4\u00e4m\u00e4\u00e4n vakautta.<br \/>\nYksi vertikaalisten pop-up-bannerien t\u00e4rkeimmist\u00e4 eduista on, ett\u00e4 ne ovat yksiosainen kokonaisuus, mik\u00e4 tarkoittaa, ett\u00e4 jalusta ja grafiikka yhdistet\u00e4\u00e4n yhdeksi kokonaisuudeksi. T\u00e4m\u00e4n ansiosta niit\u00e4 on helppo siirt\u00e4\u00e4 ja kuljettaa, koska sinun ei tarvitse huolehtia erillisist\u00e4 osista. Grafiikka itsess\u00e4\u00e4n on painettu korkealaatuiselle polysatiinikankaalle, joka on sile\u00e4, kest\u00e4v\u00e4 ja helppo taittaa l\u00e4hetyst\u00e4 varten.<br \/>\nJokaisessa kokoonpanossa on saatavana useita kokoja, joten voit valita tarpeisiisi parhaiten sopivan. Lis\u00e4ksi mukana tulee aina mukautettu kantolaukku, jonka ansiosta bannerisi on helppo s\u00e4ilytt\u00e4\u00e4 ja kuljettaa tapahtumasta toiseen. Kaiken kaikkiaan pystysuuntaiset ponnahdusbannerit ovat monipuolinen, k\u00e4tev\u00e4 ja tehokas tapa esitell\u00e4 br\u00e4ndisi tai viestisi suurella tavalla.<\/p>\n<div style=\"width: 1290px;\" class=\"wp-video\"><!--[if lt IE 9]><script>document.createElement('video');<\/script><![endif]--><br \/>\n<video class=\"wp-video-shortcode\" id=\"video-818-1\" width=\"1290\" height=\"726\" loop autoplay preload=\"auto\" controls=\"controls\"><source type=\"video\/mp4\" src=\"http:\/\/cmykprinted.com\/wp-content\/uploads\/2022\/12\/horizontal-pop-up-banners.mp4?_=1\" \/><a href=\"http:\/\/cmykprinted.com\/wp-content\/uploads\/2022\/12\/horizontal-pop-up-banners.mp4\">http:\/\/cmykprinted.com\/wp-content\/uploads\/2022\/12\/horizontal-pop-up-banners.mp4<\/a><\/video><\/div>\n<p>&nbsp;<\/p>","protected":false},"featured_media":819,"template":"","meta":{"_kad_post_transparent":"default","_kad_post_title":"hide","_kad_post_layout":"fullwidth","_kad_post_sidebar_id":"","_kad_post_content_style":"unboxed","_kad_post_vertical_padding":"hide","_kad_post_feature":"hide","_kad_post_feature_position":"","_kad_post_header":false,"_kad_post_footer":false},"product_cat":[92,96],"product_tag":[224,167,225,166,195,223],"class_list":{"0":"post-818","1":"product","2":"type-product","3":"status-publish","4":"has-post-thumbnail","6":"product_cat-pop-up-banners","7":"product_cat-vertical-pop-up-banners","8":"product_tag-advertising-pop-up-banners","9":"product_tag-custom-pop-up-banners","10":"product_tag-outdoor-pop-up-banners","11":"product_tag-pop-up-banners","12":"product_tag-promotional-pop-up-banners","13":"product_tag-vertical-pop-up-banners","15":"first","16":"instock","17":"shipping-taxable","18":"product-type-simple","19":"entry","20":"content-bg","21":"loop-entry"},"_links":{"self":[{"href":"https:\/\/cmykprinted.com\/fi\/wp-json\/wp\/v2\/product\/818","targetHints":{"allow":["GET"]}}],"collection":[{"href":"https:\/\/cmykprinted.com\/fi\/wp-json\/wp\/v2\/product"}],"about":[{"href":"https:\/\/cmykprinted.com\/fi\/wp-json\/wp\/v2\/types\/product"}],"version-history":[{"count":1,"href":"https:\/\/cmykprinted.com\/fi\/wp-json\/wp\/v2\/product\/818\/revisions"}],"predecessor-version":[{"id":825,"href":"https:\/\/cmykprinted.com\/fi\/wp-json\/wp\/v2\/product\/818\/revisions\/825"}],"wp:featuredmedia":[{"embeddable":true,"href":"https:\/\/cmykprinted.com\/fi\/wp-json\/wp\/v2\/media\/819"}],"wp:attachment":[{"href":"https:\/\/cmykprinted.com\/fi\/wp-json\/wp\/v2\/media?parent=818"}],"wp:term":[{"taxonomy":"product_cat","embeddable":true,"href":"https:\/\/cmykprinted.com\/fi\/wp-json\/wp\/v2\/product_cat?post=818"},{"taxonomy":"product_tag","embeddable":true,"href":"https:\/\/cmykprinted.com\/fi\/wp-json\/wp\/v2\/product_tag?post=818"}],"curies":[{"name":"wp","href":"https:\/\/api.w.org\/{rel}","templated":true}]}}