{"id":834,"date":"2023-01-01T06:16:03","date_gmt":"2023-01-01T06:16:03","guid":{"rendered":"https:\/\/cmykprinted.com\/?post_type=product&#038;p=834"},"modified":"2023-01-01T06:28:27","modified_gmt":"2023-01-01T06:28:27","slug":"metallic-letters-labels-adhesive-3d-transfer-metal-sticker","status":"publish","type":"product","link":"https:\/\/cmykprinted.com\/fi\/tuote\/metallic-letters-labels-adhesive-3d-transfer-metal-sticker\/","title":{"rendered":"Metalliset kirjaimet tarrat, 3D-siirtometallitarra"},"content":{"rendered":"","protected":false},"excerpt":{"rendered":"<p>Metallisten kirjainten tarrojen avulla voit helposti vangita asiakkaidesi huomion ja vet\u00e4\u00e4 heid\u00e4t puoleensa saadaksesi lis\u00e4tietoja tarjonnastasi. N\u00e4m\u00e4 katseenvangitsijat tarrat on suunniteltu lis\u00e4\u00e4m\u00e4\u00e4n visuaalista vaikutusta tuotteeseesi tai palveluusi ja erottumaan kilpailijoistasi.<br \/>\nViimeisint\u00e4 teknologiaa k\u00e4ytt\u00e4en n\u00e4m\u00e4 tarrat on valmistettu hohtavilla v\u00e4reill\u00e4 erilaisissa kaltevuus- ja puolis\u00e4vyiss\u00e4, mik\u00e4 antaa niille kiilt\u00e4v\u00e4n ja houkuttelevan ulkon\u00e4\u00f6n, mik\u00e4 parantaa tarjouksesi arvoa. Olitpa sitten myym\u00e4ss\u00e4 tuotteita tai mainostamassa tapahtumia tai palveluita, n\u00e4m\u00e4 mukautetut tarrat kiinnitt\u00e4v\u00e4t varmasti kohdeyleis\u00f6si huomion ja auttavat sinua erottumaan joukosta t\u00e4p\u00f6t\u00e4ynn\u00e4 markkinoilla.<br \/>\nJoten miksi odottaa? Sijoita metallikirjaimiin Etiketit t\u00e4n\u00e4\u00e4n ja katso, kuinka yrityksesi nousee uusiin korkeuksiin!<\/p>\n<div style=\"width: 1280px;\" class=\"wp-video\"><!--[if lt IE 9]><script>document.createElement('video');<\/script><![endif]--><br \/>\n<video class=\"wp-video-shortcode\" id=\"video-834-1\" width=\"1280\" height=\"720\" loop autoplay preload=\"metadata\" controls=\"controls\"><source type=\"video\/mp4\" src=\"http:\/\/cmykprinted.com\/wp-content\/uploads\/2022\/12\/Metal-Transfer-Sticker.mp4?_=1\" \/><a href=\"http:\/\/cmykprinted.com\/wp-content\/uploads\/2022\/12\/Metal-Transfer-Sticker.mp4\">http:\/\/cmykprinted.com\/wp-content\/uploads\/2022\/12\/Metal-Transfer-Sticker.mp4<\/a><\/video><\/div>\n<p>&nbsp;<\/p>","protected":false},"featured_media":835,"template":"","meta":{"_kad_post_transparent":"default","_kad_post_title":"hide","_kad_post_layout":"fullwidth","_kad_post_sidebar_id":"","_kad_post_content_style":"unboxed","_kad_post_vertical_padding":"hide","_kad_post_feature":"hide","_kad_post_feature_position":"","_kad_post_header":false,"_kad_post_footer":false},"product_cat":[101,102],"product_tag":[232,233,230,231],"class_list":{"0":"post-834","1":"product","2":"type-product","3":"status-publish","4":"has-post-thumbnail","6":"product_cat-transfer-stickers","7":"product_cat-metal-transfer-stickers","8":"product_tag-3d-transfer-sticker","9":"product_tag-adhesive-metal-sticker","10":"product_tag-metallic-letters-labels","11":"product_tag-transfer-metal-sticker","13":"first","14":"instock","15":"shipping-taxable","16":"product-type-simple","17":"entry","18":"content-bg","19":"loop-entry"},"_links":{"self":[{"href":"https:\/\/cmykprinted.com\/fi\/wp-json\/wp\/v2\/product\/834","targetHints":{"allow":["GET"]}}],"collection":[{"href":"https:\/\/cmykprinted.com\/fi\/wp-json\/wp\/v2\/product"}],"about":[{"href":"https:\/\/cmykprinted.com\/fi\/wp-json\/wp\/v2\/types\/product"}],"version-history":[{"count":1,"href":"https:\/\/cmykprinted.com\/fi\/wp-json\/wp\/v2\/product\/834\/revisions"}],"predecessor-version":[{"id":841,"href":"https:\/\/cmykprinted.com\/fi\/wp-json\/wp\/v2\/product\/834\/revisions\/841"}],"wp:featuredmedia":[{"embeddable":true,"href":"https:\/\/cmykprinted.com\/fi\/wp-json\/wp\/v2\/media\/835"}],"wp:attachment":[{"href":"https:\/\/cmykprinted.com\/fi\/wp-json\/wp\/v2\/media?parent=834"}],"wp:term":[{"taxonomy":"product_cat","embeddable":true,"href":"https:\/\/cmykprinted.com\/fi\/wp-json\/wp\/v2\/product_cat?post=834"},{"taxonomy":"product_tag","embeddable":true,"href":"https:\/\/cmykprinted.com\/fi\/wp-json\/wp\/v2\/product_tag?post=834"}],"curies":[{"name":"wp","href":"https:\/\/api.w.org\/{rel}","templated":true}]}}