{"id":842,"date":"2023-01-01T06:44:35","date_gmt":"2023-01-01T06:44:35","guid":{"rendered":"https:\/\/cmykprinted.com\/?post_type=product&#038;p=842"},"modified":"2023-01-01T06:50:35","modified_gmt":"2023-01-01T06:50:35","slug":"rectangle-flag-banners-with-custom-printing-fast-delivery","status":"publish","type":"product","link":"https:\/\/cmykprinted.com\/fi\/tuote\/rectangle-flag-banners-with-custom-printing-fast-delivery\/","title":{"rendered":"Suorakulmaiset lippubannerit r\u00e4\u00e4t\u00e4l\u00f6idyll\u00e4 painatuksella ja nopealla toimituksella"},"content":{"rendered":"","protected":false},"excerpt":{"rendered":"<p>Jos haluat tehd\u00e4 suuren vaikutuksen seuraavalla kampanjallasi tai tapahtumallasi, harkitse r\u00e4\u00e4t\u00e4l\u00f6ityjen suorakaiteen muotoisten lippubannerien tulostamista valitsemallasi logolla tai mallilla. N\u00e4it\u00e4 bannereita on saatavana kolmessa koossa \u2013 5 jalkaa, 8 jalkaa tai 11 jalkaa \u2013 joten voit valita tarpeisiisi parhaiten sopivan vaihtoehdon. Kun useita lippuja on riviss\u00e4 per\u00e4kk\u00e4in, ne luovat valtavan ja visuaalisesti vaikuttavan esityksen, joka luo tapahtumaasi puhtaan, ammattimaisen ja j\u00e4nnitt\u00e4v\u00e4n tunnelman.<br \/>\nYksi upeista asioista n\u00e4iss\u00e4 suorakaiteen muotoisissa bannereissa on, ett\u00e4 etupuolen mukautettu painatus n\u00e4kyy k\u00e4\u00e4nt\u00f6puolella peilikuvamuodossa. T\u00e4m\u00e4 tarkoittaa, ett\u00e4 voit k\u00e4ytt\u00e4\u00e4 niit\u00e4 useissa eri asetuksissa ja silti viestisi n\u00e4kyy n\u00e4kyv\u00e4sti. Lis\u00e4ksi kaksipuolinen tulostus on saatavilla niille, jotka haluavat v\u00e4litt\u00e4\u00e4 kaksinkertaisen viestin.<br \/>\nMuokatun suorakaiteen muotoisen bannerin k\u00e4yt\u00f6n aloittaminen on helppoa \u2013 lataa vain logosi tai mallisi yll\u00e4 olevien ohjeiden mukaisesti tai lataa alla oleva taidemalli ja luo oma tiedosto ladattavaksi ja maksamista varten. Korkealaatuisen painatuksen ja yksityiskohtiin huomioimisen ansiosta voit olla varma, ett\u00e4 suorakaiteen muotoinen lippubannerisi tekee pysyv\u00e4n vaikutuksen yleis\u00f6\u00f6si.<\/p>\n<div style=\"width: 1280px;\" class=\"wp-video\"><!--[if lt IE 9]><script>document.createElement('video');<\/script><![endif]--><br \/>\n<video class=\"wp-video-shortcode\" id=\"video-842-1\" width=\"1280\" height=\"720\" loop autoplay preload=\"metadata\" controls=\"controls\"><source type=\"video\/mp4\" src=\"http:\/\/cmykprinted.com\/wp-content\/uploads\/2022\/12\/Feather-beach-flags.mp4?_=1\" \/><a href=\"http:\/\/cmykprinted.com\/wp-content\/uploads\/2022\/12\/Feather-beach-flags.mp4\">http:\/\/cmykprinted.com\/wp-content\/uploads\/2022\/12\/Feather-beach-flags.mp4<\/a><\/video><\/div>","protected":false},"featured_media":843,"template":"","meta":{"_kad_post_transparent":"default","_kad_post_title":"hide","_kad_post_layout":"fullwidth","_kad_post_sidebar_id":"","_kad_post_content_style":"unboxed","_kad_post_vertical_padding":"hide","_kad_post_feature":"hide","_kad_post_feature_position":"","_kad_post_header":false,"_kad_post_footer":false},"product_cat":[64,66],"product_tag":[236,235,234],"class_list":{"0":"post-842","1":"product","2":"type-product","3":"status-publish","4":"has-post-thumbnail","6":"product_cat-beach-flags","7":"product_cat-rectangular-flags-banners","8":"product_tag-custom-rectangle-banners","9":"product_tag-custom-rectangle-flag","10":"product_tag-rectangle-flag-banners","12":"first","13":"instock","14":"shipping-taxable","15":"product-type-simple","16":"entry","17":"content-bg","18":"loop-entry"},"_links":{"self":[{"href":"https:\/\/cmykprinted.com\/fi\/wp-json\/wp\/v2\/product\/842","targetHints":{"allow":["GET"]}}],"collection":[{"href":"https:\/\/cmykprinted.com\/fi\/wp-json\/wp\/v2\/product"}],"about":[{"href":"https:\/\/cmykprinted.com\/fi\/wp-json\/wp\/v2\/types\/product"}],"version-history":[{"count":1,"href":"https:\/\/cmykprinted.com\/fi\/wp-json\/wp\/v2\/product\/842\/revisions"}],"predecessor-version":[{"id":848,"href":"https:\/\/cmykprinted.com\/fi\/wp-json\/wp\/v2\/product\/842\/revisions\/848"}],"wp:featuredmedia":[{"embeddable":true,"href":"https:\/\/cmykprinted.com\/fi\/wp-json\/wp\/v2\/media\/843"}],"wp:attachment":[{"href":"https:\/\/cmykprinted.com\/fi\/wp-json\/wp\/v2\/media?parent=842"}],"wp:term":[{"taxonomy":"product_cat","embeddable":true,"href":"https:\/\/cmykprinted.com\/fi\/wp-json\/wp\/v2\/product_cat?post=842"},{"taxonomy":"product_tag","embeddable":true,"href":"https:\/\/cmykprinted.com\/fi\/wp-json\/wp\/v2\/product_tag?post=842"}],"curies":[{"name":"wp","href":"https:\/\/api.w.org\/{rel}","templated":true}]}}