{"id":849,"date":"2023-01-01T07:11:40","date_gmt":"2023-01-01T07:11:40","guid":{"rendered":"https:\/\/cmykprinted.com\/?post_type=product&#038;p=849"},"modified":"2023-01-01T07:22:48","modified_gmt":"2023-01-01T07:22:48","slug":"custom-small-instant-5x5ft-pop-up-canopy-tents-wholesale","status":"publish","type":"product","link":"https:\/\/cmykprinted.com\/fi\/tuote\/custom-small-instant-5x5ft-pop-up-canopy-tents-wholesale\/","title":{"rendered":"Pienet pikakatosteltat r\u00e4\u00e4t\u00e4l\u00f6ityin\u00e4, 5x5 jalan (noin 1,5 x 1,5 metrin) tukkumyynniss\u00e4"},"content":{"rendered":"","protected":false},"excerpt":{"rendered":"<p>Jos etsit tehokasta mainosty\u00f6kalua, joka on helppo asentaa ja mukauttaa, 5x5 jalkaa ponnahduskatosteltta on loistava valinta. T\u00e4m\u00e4 teltta on suunniteltu vaikuttamaan, ja siin\u00e4 on korkealaatuinen alumiinirunko, jolla on elinik\u00e4inen takuu, t\u00e4ysin r\u00e4\u00e4t\u00e4l\u00f6ity yl\u00e4osa ja mahdollisuus lis\u00e4t\u00e4 takaosaa ja sivuja lis\u00e4\u00e4m\u00e4\u00e4n n\u00e4kyvyytt\u00e4.<br \/>\nT\u00e4m\u00e4n teltan pop-up-suunnittelun ansiosta se on uskomattoman helppo pystytt\u00e4\u00e4, joten voit aloittaa viestisi esittelyn hetkess\u00e4. K\u00e4yt\u00e4tp\u00e4 sit\u00e4 messuilla, ulkoilmatapahtumassa tai miss\u00e4 tahansa muussa mainosymp\u00e4rist\u00f6ss\u00e4, t\u00e4m\u00e4 teltta kiinnitt\u00e4\u00e4 varmasti kohdeyleis\u00f6si huomion ja auttaa sinua erottumaan kilpailijoista.<br \/>\nJoten miksi odottaa? Sijoita 5 x 5 jalan pop-up katostelttaan t\u00e4n\u00e4\u00e4n ja aloita yrityksesi tai tapahtumasi mainostaminen tyylikk\u00e4\u00e4sti!<\/p>\n<div style=\"width: 1280px;\" class=\"wp-video\"><!--[if lt IE 9]><script>document.createElement('video');<\/script><![endif]--><br \/>\n<video class=\"wp-video-shortcode\" id=\"video-849-1\" width=\"1280\" height=\"720\" loop autoplay preload=\"auto\" controls=\"controls\"><source type=\"video\/mp4\" src=\"http:\/\/cmykprinted.com\/wp-content\/uploads\/2022\/12\/10x20ft-Pop-Up-Canopies.mp4?_=1\" \/><a href=\"http:\/\/cmykprinted.com\/wp-content\/uploads\/2022\/12\/10x20ft-Pop-Up-Canopies.mp4\">http:\/\/cmykprinted.com\/wp-content\/uploads\/2022\/12\/10x20ft-Pop-Up-Canopies.mp4<\/a><\/video><\/div>","protected":false},"featured_media":850,"template":"","meta":{"_kad_post_transparent":"default","_kad_post_title":"hide","_kad_post_layout":"fullwidth","_kad_post_sidebar_id":"","_kad_post_content_style":"unboxed","_kad_post_vertical_padding":"hide","_kad_post_feature":"hide","_kad_post_feature_position":"","_kad_post_header":false,"_kad_post_footer":false},"product_cat":[68,69,73],"product_tag":[238,237,239,240],"class_list":{"0":"post-849","1":"product","2":"type-product","3":"status-publish","4":"has-post-thumbnail","6":"product_cat-custom-canopy-tents","7":"product_cat-40mm-hexagon-aluminum-tents","8":"product_cat-5x5ft-custom-pop-up-canopies","9":"product_tag-5x5ft-canopy-tents","10":"product_tag-5x5ft-pop-up-canopy-tents","11":"product_tag-custom-pop-up-canopy-tents","12":"product_tag-small-pop-up-canopy-tents","14":"first","15":"instock","16":"shipping-taxable","17":"product-type-simple","18":"entry","19":"content-bg","20":"loop-entry"},"_links":{"self":[{"href":"https:\/\/cmykprinted.com\/fi\/wp-json\/wp\/v2\/product\/849","targetHints":{"allow":["GET"]}}],"collection":[{"href":"https:\/\/cmykprinted.com\/fi\/wp-json\/wp\/v2\/product"}],"about":[{"href":"https:\/\/cmykprinted.com\/fi\/wp-json\/wp\/v2\/types\/product"}],"version-history":[{"count":1,"href":"https:\/\/cmykprinted.com\/fi\/wp-json\/wp\/v2\/product\/849\/revisions"}],"predecessor-version":[{"id":857,"href":"https:\/\/cmykprinted.com\/fi\/wp-json\/wp\/v2\/product\/849\/revisions\/857"}],"wp:featuredmedia":[{"embeddable":true,"href":"https:\/\/cmykprinted.com\/fi\/wp-json\/wp\/v2\/media\/850"}],"wp:attachment":[{"href":"https:\/\/cmykprinted.com\/fi\/wp-json\/wp\/v2\/media?parent=849"}],"wp:term":[{"taxonomy":"product_cat","embeddable":true,"href":"https:\/\/cmykprinted.com\/fi\/wp-json\/wp\/v2\/product_cat?post=849"},{"taxonomy":"product_tag","embeddable":true,"href":"https:\/\/cmykprinted.com\/fi\/wp-json\/wp\/v2\/product_tag?post=849"}],"curies":[{"name":"wp","href":"https:\/\/api.w.org\/{rel}","templated":true}]}}