{"id":858,"date":"2023-01-01T07:50:37","date_gmt":"2023-01-01T07:50:37","guid":{"rendered":"https:\/\/cmykprinted.com\/?post_type=product&#038;p=858"},"modified":"2023-01-01T07:57:12","modified_gmt":"2023-01-01T07:57:12","slug":"custom-branded-promotional-hand-held-stick-flags-printing","status":"publish","type":"product","link":"https:\/\/cmykprinted.com\/fi\/tuote\/custom-branded-promotional-hand-held-stick-flags-printing\/","title":{"rendered":"R\u00e4\u00e4t\u00e4l\u00f6ityjen merkkien myynninedist\u00e4mistarkoituksessa pidett\u00e4vien lippujen tulostus"},"content":{"rendered":"","protected":false},"excerpt":{"rendered":"<p>K\u00e4dess\u00e4 pidett\u00e4v\u00e4t liput ovat suosittu valinta yrityksille ja organisaatioille, jotka haluavat lis\u00e4t\u00e4 br\u00e4ndin n\u00e4kyvyytt\u00e4 ja olla vuorovaikutuksessa kohdeyleis\u00f6ns\u00e4 kanssa paraateissa, urheilutapahtumissa ja muissa ulkoilmatapaamisissa. N\u00e4m\u00e4 liput ovat erityisen suosittuja lasten ja muiden osallistujien keskuudessa, jotka nauttivat niiden heiluttamisesta ja tukensa osoittamisesta tietylle asialle tai tiimille.<br \/>\nYksi k\u00e4siss\u00e4 pidett\u00e4vien tiklippujen t\u00e4rkeimmist\u00e4 myyntivalteista on suuri br\u00e4nd\u00e4ysalue, jonka avulla yritykset voivat hy\u00f6dynt\u00e4\u00e4 n\u00e4ytett\u00e4v\u00e4n tilan jokaista millimetri\u00e4 paitsi kiinnitetyn tikun ymp\u00e4rill\u00e4 olevaa valkoista nauhaa. T\u00e4m\u00e4 tarjoaa yrityksille runsaasti tilaa esitell\u00e4 br\u00e4ndi-identiteetti\u00e4\u00e4n, logoaan ja viesti\u00e4\u00e4n, mik\u00e4 varmistaa, ett\u00e4 ne n\u00e4kyv\u00e4t suurelle ja vastaanottavaiselle yleis\u00f6lle.<br \/>\nSen lis\u00e4ksi, ett\u00e4 k\u00e4dess\u00e4 pidett\u00e4v\u00e4t liput ovat tehokas markkinointity\u00f6kalu, ne ovat my\u00f6s edullinen valinta yrityksille ja organisaatioille, jotka haluavat mainostaa br\u00e4ndi\u00e4\u00e4n. Ne on valmistettu kest\u00e4vist\u00e4 materiaaleista, kuten polyesterist\u00e4 tai nailonista, ja niiss\u00e4 on puinen tai muovinen tikku, joka helpottaa heiluttamista. N\u00e4m\u00e4 liput ovat kevyit\u00e4 ja helppoja kuljettaa, joten ne ovat k\u00e4yt\u00e4nn\u00f6llinen valinta ulkotapahtumiin.<br \/>\nKaiken kaikkiaan k\u00e4dess\u00e4 pidett\u00e4v\u00e4t liput ovat kustannustehokas ja interaktiivinen markkinointity\u00f6kalu, jota voidaan k\u00e4ytt\u00e4\u00e4 br\u00e4ndi-identiteetin edist\u00e4miseen ja n\u00e4kyvyyden lis\u00e4\u00e4miseen erilaisissa tapahtumissa.<\/p>\n<div style=\"width: 1290px;\" class=\"wp-video\"><!--[if lt IE 9]><script>document.createElement('video');<\/script><![endif]--><br \/>\n<video class=\"wp-video-shortcode\" id=\"video-858-1\" width=\"1290\" height=\"726\" loop autoplay preload=\"auto\" controls=\"controls\"><source type=\"video\/mp4\" src=\"http:\/\/cmykprinted.com\/wp-content\/uploads\/2022\/12\/Custom-Printed-Hand-Flags.mp4?_=1\" \/><a href=\"http:\/\/cmykprinted.com\/wp-content\/uploads\/2022\/12\/Custom-Printed-Hand-Flags.mp4\">http:\/\/cmykprinted.com\/wp-content\/uploads\/2022\/12\/Custom-Printed-Hand-Flags.mp4<\/a><\/video><\/div>\n<p>&nbsp;<\/p>","protected":false},"featured_media":859,"template":"","meta":{"_kad_post_transparent":"default","_kad_post_title":"hide","_kad_post_layout":"fullwidth","_kad_post_sidebar_id":"","_kad_post_content_style":"unboxed","_kad_post_vertical_padding":"hide","_kad_post_feature":"hide","_kad_post_feature_position":"","_kad_post_header":false,"_kad_post_footer":false},"product_cat":[79],"product_tag":[153,243,241,242],"class_list":{"0":"post-858","1":"product","2":"type-product","3":"status-publish","4":"has-post-thumbnail","6":"product_cat-custom-flags","7":"product_tag-custom-hand-flags","8":"product_tag-hand-flags-printing","9":"product_tag-hand-held-stick-flags","10":"product_tag-promotional-hand-flags","12":"first","13":"instock","14":"shipping-taxable","15":"product-type-simple","16":"entry","17":"content-bg","18":"loop-entry"},"_links":{"self":[{"href":"https:\/\/cmykprinted.com\/fi\/wp-json\/wp\/v2\/product\/858","targetHints":{"allow":["GET"]}}],"collection":[{"href":"https:\/\/cmykprinted.com\/fi\/wp-json\/wp\/v2\/product"}],"about":[{"href":"https:\/\/cmykprinted.com\/fi\/wp-json\/wp\/v2\/types\/product"}],"version-history":[{"count":2,"href":"https:\/\/cmykprinted.com\/fi\/wp-json\/wp\/v2\/product\/858\/revisions"}],"predecessor-version":[{"id":865,"href":"https:\/\/cmykprinted.com\/fi\/wp-json\/wp\/v2\/product\/858\/revisions\/865"}],"wp:featuredmedia":[{"embeddable":true,"href":"https:\/\/cmykprinted.com\/fi\/wp-json\/wp\/v2\/media\/859"}],"wp:attachment":[{"href":"https:\/\/cmykprinted.com\/fi\/wp-json\/wp\/v2\/media?parent=858"}],"wp:term":[{"taxonomy":"product_cat","embeddable":true,"href":"https:\/\/cmykprinted.com\/fi\/wp-json\/wp\/v2\/product_cat?post=858"},{"taxonomy":"product_tag","embeddable":true,"href":"https:\/\/cmykprinted.com\/fi\/wp-json\/wp\/v2\/product_tag?post=858"}],"curies":[{"name":"wp","href":"https:\/\/api.w.org\/{rel}","templated":true}]}}