{"id":866,"date":"2023-01-01T08:19:36","date_gmt":"2023-01-01T08:19:36","guid":{"rendered":"https:\/\/cmykprinted.com\/?post_type=product&#038;p=866"},"modified":"2023-01-01T08:25:52","modified_gmt":"2023-01-01T08:25:52","slug":"promotional-advertising-color-printing-custom-table-runner","status":"publish","type":"product","link":"https:\/\/cmykprinted.com\/fi\/tuote\/promotional-advertising-color-printing-custom-table-runner\/","title":{"rendered":"Mainosmainonta V\u00e4ripainatus Mukautettu p\u00f6yt\u00e4juoksija"},"content":{"rendered":"","protected":false},"excerpt":{"rendered":"<p>Tarvitsetko korkealaatuisia, mukautettuja p\u00f6yt\u00e4liinoja seuraavaa tapahtumaasi tai messuja varten? \u00c4l\u00e4 etsi en\u00e4\u00e4! Tehtaallamme tarjoamme ensiluokkaisia p\u00f6yt\u00e4liinoja, jotka sopivat t\u00e4ydellisesti niin henkil\u00f6kohtaisiin kuin ammattitapahtumiin. P\u00f6yt\u00e4listamme on valmistettu laadukkaasta polyesterikankaasta ja niiss\u00e4 on t\u00e4ysv\u00e4ri, 1440 DPI, v\u00e4risublimaatiopainatus, mik\u00e4 varmistaa, ett\u00e4 ne ovat pitk\u00e4ik\u00e4isi\u00e4 ja tehokkaita mainostamassa yrityst\u00e4si tai mainostamassa logoasi.<br \/>\nN\u00e4m\u00e4 mukautetut juoksut ovat loistava tapa br\u00e4nd\u00e4t\u00e4 yrityksesi tai lis\u00e4t\u00e4 ripauksen sisustusta ja eleganssia mihin tahansa p\u00f6yt\u00e4\u00e4n. Niit\u00e4 on saatavana ennalta m\u00e4\u00e4ritetyiss\u00e4 mitoissa 2&#039;x7,5&#039;, tai voit valita mukautetun kokovaihtoehdon saadaksesi tarkan koon tarvitsemasi. Aseta ne yksinkertaisesti kiinte\u00e4n p\u00f6yt\u00e4peitteen p\u00e4\u00e4lle ja lis\u00e4\u00e4 tapahtumaasi ammattimainen ja yhten\u00e4inen ilme.<br \/>\nOlitpa sitten mukana messuilla, is\u00e4nn\u00f6itk\u00f6 konferenssia tai suunnittelet varainkeruuta, mukautettu p\u00f6yt\u00e4jalka on erinomainen valinta br\u00e4ndisi tehokkaaseen mainostamiseen ja pysyv\u00e4\u00e4n vaikutukseen. \u00c4l\u00e4 missaa t\u00e4t\u00e4 tilaisuutta lis\u00e4t\u00e4 laadukasta ja ammattimaista ilmett\u00e4 tapahtumaasi.<\/p>","protected":false},"featured_media":867,"template":"","meta":{"_kad_post_transparent":"default","_kad_post_title":"hide","_kad_post_layout":"fullwidth","_kad_post_sidebar_id":"","_kad_post_content_style":"unboxed","_kad_post_vertical_padding":"hide","_kad_post_feature":"hide","_kad_post_feature_position":"","_kad_post_header":false,"_kad_post_footer":false},"product_cat":[80,82],"product_tag":[246,244,245],"class_list":{"0":"post-866","1":"product","2":"type-product","3":"status-publish","4":"has-post-thumbnail","6":"product_cat-custom-tablecloth","7":"product_cat-custom-table-runner","8":"product_tag-advertising-table-runner","9":"product_tag-custom-table-runner","10":"product_tag-promotional-table-runner","12":"first","13":"instock","14":"shipping-taxable","15":"product-type-simple","16":"entry","17":"content-bg","18":"loop-entry"},"_links":{"self":[{"href":"https:\/\/cmykprinted.com\/fi\/wp-json\/wp\/v2\/product\/866","targetHints":{"allow":["GET"]}}],"collection":[{"href":"https:\/\/cmykprinted.com\/fi\/wp-json\/wp\/v2\/product"}],"about":[{"href":"https:\/\/cmykprinted.com\/fi\/wp-json\/wp\/v2\/types\/product"}],"version-history":[{"count":2,"href":"https:\/\/cmykprinted.com\/fi\/wp-json\/wp\/v2\/product\/866\/revisions"}],"predecessor-version":[{"id":874,"href":"https:\/\/cmykprinted.com\/fi\/wp-json\/wp\/v2\/product\/866\/revisions\/874"}],"wp:featuredmedia":[{"embeddable":true,"href":"https:\/\/cmykprinted.com\/fi\/wp-json\/wp\/v2\/media\/867"}],"wp:attachment":[{"href":"https:\/\/cmykprinted.com\/fi\/wp-json\/wp\/v2\/media?parent=866"}],"wp:term":[{"taxonomy":"product_cat","embeddable":true,"href":"https:\/\/cmykprinted.com\/fi\/wp-json\/wp\/v2\/product_cat?post=866"},{"taxonomy":"product_tag","embeddable":true,"href":"https:\/\/cmykprinted.com\/fi\/wp-json\/wp\/v2\/product_tag?post=866"}],"curies":[{"name":"wp","href":"https:\/\/api.w.org\/{rel}","templated":true}]}}