{"id":875,"date":"2023-01-01T08:42:13","date_gmt":"2023-01-01T08:42:13","guid":{"rendered":"https:\/\/cmykprinted.com\/?post_type=product&#038;p=875"},"modified":"2023-01-01T08:53:01","modified_gmt":"2023-01-01T08:53:01","slug":"wholesale-personalized-advertising-matte-pvc-vinyl-banner","status":"publish","type":"product","link":"https:\/\/cmykprinted.com\/fi\/tuote\/wholesale-personalized-advertising-matte-pvc-vinyl-banner\/","title":{"rendered":"Tukkumyynti Personoitu Mainos Matta PVC Vinyyli Banneri"},"content":{"rendered":"","protected":false},"excerpt":{"rendered":"<p>Jos tarvitset pitk\u00e4ik\u00e4isen ja kest\u00e4v\u00e4n mainosratkaisun yrityksellesi, mattapintaiset PVC-vinyylibannerimme voivat olla t\u00e4ydellinen valinta. Tukevasta PVC-flex-materiaalista valmistetut bannerit tarjoavat erinomaisen joustavuuden ja kest\u00e4vyyden kovia ulkoisia elementtej\u00e4 vastaan, joten ne sopivat ulkok\u00e4ytt\u00f6\u00f6n.<br \/>\nMainostatpa tapahtumaa, esittelet tuotteitasi tai palveluitasi tai yksinkertaisesti jaat t\u00e4rkeit\u00e4 tietoja yleis\u00f6si kanssa, mukautetut mattabannerimme ovat tehokas ja kustannustehokas valinta. Niiden kest\u00e4v\u00e4 luonne mahdollistaa sen, ett\u00e4 ne kest\u00e4v\u00e4t elementtej\u00e4 ja tarjoavat pitk\u00e4aikaista palvelua, joten voit k\u00e4ytt\u00e4\u00e4 niit\u00e4 uudelleen aina tarvittaessa.<br \/>\nYksi mattapintaisten PVC-vinyylibannerien k\u00e4yt\u00f6n eduista on, ett\u00e4 ne voivat auttaa v\u00e4hent\u00e4m\u00e4\u00e4n laitoksesi yleisi\u00e4 mainoskuluja. Koska ne ovat niin kest\u00e4vi\u00e4 ja pitk\u00e4ik\u00e4isi\u00e4, sinun ei tarvitse huolehtia toistuvista ostoista tai vaihdoista. T\u00e4m\u00e4 voi s\u00e4\u00e4st\u00e4\u00e4 aikaa ja rahaa pitk\u00e4ll\u00e4 aikav\u00e4lill\u00e4 ja varmistaa samalla, ett\u00e4 bannerisi pysyv\u00e4t huippukunnossa ja jatkavat yrityksesi tehokasta mainostamista.<br \/>\nYhteenvetona voidaan todeta, ett\u00e4 mattapintaiset PVC-vinyylibannerimme ovat luotettava ja kustannustehokas valinta yrityksesi ulkomainontaan. Niiden tukeva materiaali ja kest\u00e4v\u00e4 rakenne tekev\u00e4t niist\u00e4 sopivia pitk\u00e4aikaiseen k\u00e4ytt\u00f6\u00f6n, mik\u00e4 auttaa sinua s\u00e4\u00e4st\u00e4m\u00e4\u00e4n rahaa ja saavuttamaan mainontatavoitteesi.<\/p>\n<div style=\"width: 1280px;\" class=\"wp-video\"><!--[if lt IE 9]><script>document.createElement('video');<\/script><![endif]--><br \/>\n<video class=\"wp-video-shortcode\" id=\"video-875-1\" width=\"1280\" height=\"720\" loop autoplay preload=\"metadata\" controls=\"controls\"><source type=\"video\/mp4\" src=\"http:\/\/cmykprinted.com\/wp-content\/uploads\/2022\/12\/PVC-Mesh-Banner.mp4?_=1\" \/><a href=\"http:\/\/cmykprinted.com\/wp-content\/uploads\/2022\/12\/PVC-Mesh-Banner.mp4\">http:\/\/cmykprinted.com\/wp-content\/uploads\/2022\/12\/PVC-Mesh-Banner.mp4<\/a><\/video><\/div>","protected":false},"featured_media":876,"template":"","meta":{"_kad_post_transparent":"default","_kad_post_title":"hide","_kad_post_layout":"fullwidth","_kad_post_sidebar_id":"","_kad_post_content_style":"unboxed","_kad_post_vertical_padding":"hide","_kad_post_feature":"hide","_kad_post_feature_position":"","_kad_post_header":false,"_kad_post_footer":false},"product_cat":[85,90,91,89,88],"product_tag":[189,191,188,190,187],"class_list":{"0":"post-875","1":"product","2":"type-product","3":"status-publish","4":"has-post-thumbnail","6":"product_cat-outdoor-vinyl-banners","7":"product_cat-glossy-pvc-banners","8":"product_cat-matte-vinyl-banners","9":"product_cat-pvc-banners","10":"product_cat-pvc-mesh-banners","11":"product_tag-advertising-mesh-banner","12":"product_tag-all-weather-mesh-banner","13":"product_tag-mesh-banner-printing","14":"product_tag-outdoor-mesh-banner","15":"product_tag-pvc-mesh-banner","17":"first","18":"instock","19":"shipping-taxable","20":"product-type-simple","21":"entry","22":"content-bg","23":"loop-entry"},"_links":{"self":[{"href":"https:\/\/cmykprinted.com\/fi\/wp-json\/wp\/v2\/product\/875","targetHints":{"allow":["GET"]}}],"collection":[{"href":"https:\/\/cmykprinted.com\/fi\/wp-json\/wp\/v2\/product"}],"about":[{"href":"https:\/\/cmykprinted.com\/fi\/wp-json\/wp\/v2\/types\/product"}],"version-history":[{"count":2,"href":"https:\/\/cmykprinted.com\/fi\/wp-json\/wp\/v2\/product\/875\/revisions"}],"predecessor-version":[{"id":883,"href":"https:\/\/cmykprinted.com\/fi\/wp-json\/wp\/v2\/product\/875\/revisions\/883"}],"wp:featuredmedia":[{"embeddable":true,"href":"https:\/\/cmykprinted.com\/fi\/wp-json\/wp\/v2\/media\/876"}],"wp:attachment":[{"href":"https:\/\/cmykprinted.com\/fi\/wp-json\/wp\/v2\/media?parent=875"}],"wp:term":[{"taxonomy":"product_cat","embeddable":true,"href":"https:\/\/cmykprinted.com\/fi\/wp-json\/wp\/v2\/product_cat?post=875"},{"taxonomy":"product_tag","embeddable":true,"href":"https:\/\/cmykprinted.com\/fi\/wp-json\/wp\/v2\/product_tag?post=875"}],"curies":[{"name":"wp","href":"https:\/\/api.w.org\/{rel}","templated":true}]}}