{"id":913,"date":"2023-01-13T12:49:09","date_gmt":"2023-01-13T12:49:09","guid":{"rendered":"https:\/\/cmykprinted.com\/?post_type=product&#038;p=913"},"modified":"2023-01-13T12:59:43","modified_gmt":"2023-01-13T12:59:43","slug":"custom-personalized-teardrop-shaped-advertising-flags","status":"publish","type":"product","link":"https:\/\/cmykprinted.com\/fi\/tuote\/custom-personalized-teardrop-shaped-advertising-flags\/","title":{"rendered":"Mukautetut henkil\u00f6kohtaiset pisaranmuotoiset mainosliput"},"content":{"rendered":"","protected":false},"excerpt":{"rendered":"<p>Pisaran muotoiset mainosliput, jotka tunnetaan my\u00f6s nimell\u00e4 h\u00f6yhenbannerit, ovat erinomainen tapa mainostaa yrityst\u00e4si ja vangita potentiaalisten asiakkaiden huomio. Saatavilla olevien eri vaihtoehtojen ansiosta lippujamme voidaan k\u00e4ytt\u00e4\u00e4 sek\u00e4 sis\u00e4ll\u00e4 ett\u00e4 ulkona, mik\u00e4 tekee niist\u00e4 monipuolisen valinnan mihin tahansa yritykseen.<br \/>\nLippujemme mukana tulee useita pohjavaihtoehtoja, mukaan lukien maapiikit ja poikittaistelineet, jotta ne voidaan sijoittaa mihin tahansa paikkaan. Tarjoamme my\u00f6s sek\u00e4 yksi- ett\u00e4 kaksipuolisia tulostusvaihtoehtoja, jotta mainoksesi n\u00e4kyy kaikista kulmista.<br \/>\nLippumme on valmistettu kest\u00e4v\u00e4st\u00e4 3,24 unssia. polyesterikangasta ja ne on painettu UV-kest\u00e4v\u00e4ll\u00e4 musteella varmistaakseen, ett\u00e4 ne kest\u00e4v\u00e4t elementtej\u00e4 ja kest\u00e4v\u00e4t pitk\u00e4\u00e4n. Liput ovat my\u00f6s kevyit\u00e4 ja helppoja kuljettaa, joten ne sopivat t\u00e4ydellisesti tapahtumiin ja messuille.<br \/>\nKun ostat yhden sauvasarjoistamme, saat my\u00f6s matkalaukun, jonka avulla lippusi on helppo kuljettaa eri paikkoihin. Laadukkaiden lippujemme ja k\u00e4tevien matkustusvaihtoehtojemme avulla voit olla varma, ett\u00e4 yrityksesi n\u00e4hd\u00e4\u00e4n miss\u00e4 ikin\u00e4 menetkin.<\/p>\n<div style=\"width: 1280px;\" class=\"wp-video\"><!--[if lt IE 9]><script>document.createElement('video');<\/script><![endif]--><br \/>\n<video class=\"wp-video-shortcode\" id=\"video-913-1\" width=\"1280\" height=\"720\" loop autoplay preload=\"metadata\" controls=\"controls\"><source type=\"video\/mp4\" src=\"http:\/\/cmykprinted.com\/wp-content\/uploads\/2022\/12\/Feather-beach-flags.mp4?_=1\" \/><a href=\"http:\/\/cmykprinted.com\/wp-content\/uploads\/2022\/12\/Feather-beach-flags.mp4\">http:\/\/cmykprinted.com\/wp-content\/uploads\/2022\/12\/Feather-beach-flags.mp4<\/a><\/video><\/div>","protected":false},"featured_media":914,"template":"","meta":{"_kad_post_transparent":"default","_kad_post_title":"hide","_kad_post_layout":"fullwidth","_kad_post_sidebar_id":"","_kad_post_content_style":"unboxed","_kad_post_vertical_padding":"hide","_kad_post_feature":"hide","_kad_post_feature_position":"","_kad_post_header":false,"_kad_post_footer":false},"product_cat":[64,67],"product_tag":[254,255,256,253],"class_list":{"0":"post-913","1":"product","2":"type-product","3":"status-publish","4":"has-post-thumbnail","6":"product_cat-beach-flags","7":"product_cat-teardrop-flags-banners","8":"product_tag-custom-teardrop-flags","9":"product_tag-personalized-teardrop-flags","10":"product_tag-teardrop-advertising-flags","11":"product_tag-teardrop-shaped-advertising-flags","13":"first","14":"instock","15":"shipping-taxable","16":"product-type-simple","17":"entry","18":"content-bg","19":"loop-entry"},"_links":{"self":[{"href":"https:\/\/cmykprinted.com\/fi\/wp-json\/wp\/v2\/product\/913","targetHints":{"allow":["GET"]}}],"collection":[{"href":"https:\/\/cmykprinted.com\/fi\/wp-json\/wp\/v2\/product"}],"about":[{"href":"https:\/\/cmykprinted.com\/fi\/wp-json\/wp\/v2\/types\/product"}],"version-history":[{"count":2,"href":"https:\/\/cmykprinted.com\/fi\/wp-json\/wp\/v2\/product\/913\/revisions"}],"predecessor-version":[{"id":920,"href":"https:\/\/cmykprinted.com\/fi\/wp-json\/wp\/v2\/product\/913\/revisions\/920"}],"wp:featuredmedia":[{"embeddable":true,"href":"https:\/\/cmykprinted.com\/fi\/wp-json\/wp\/v2\/media\/914"}],"wp:attachment":[{"href":"https:\/\/cmykprinted.com\/fi\/wp-json\/wp\/v2\/media?parent=913"}],"wp:term":[{"taxonomy":"product_cat","embeddable":true,"href":"https:\/\/cmykprinted.com\/fi\/wp-json\/wp\/v2\/product_cat?post=913"},{"taxonomy":"product_tag","embeddable":true,"href":"https:\/\/cmykprinted.com\/fi\/wp-json\/wp\/v2\/product_tag?post=913"}],"curies":[{"name":"wp","href":"https:\/\/api.w.org\/{rel}","templated":true}]}}