{"id":921,"date":"2023-01-13T13:12:06","date_gmt":"2023-01-13T13:12:06","guid":{"rendered":"https:\/\/cmykprinted.com\/?post_type=product&#038;p=921"},"modified":"2023-01-13T13:59:27","modified_gmt":"2023-01-13T13:59:27","slug":"promotional-5-x-5-pop-up-tent-outdoor-indoor-canopy-tent","status":"publish","type":"product","link":"https:\/\/cmykprinted.com\/fi\/tuote\/promotional-5-x-5-pop-up-tent-outdoor-indoor-canopy-tent\/","title":{"rendered":"Kampanjakoodi 5\u2032 x 5\u2032 pop-up-teltta ulko- ja sis\u00e4katosteltta"},"content":{"rendered":"","protected":false},"excerpt":{"rendered":"<p>T\u00e4m\u00e4 5 \u00d7 5 pop-up -teltta on t\u00e4ydellinen ratkaisu varjon ja suojan tarjoamiseen jalkak\u00e4yt\u00e4v\u00e4ll\u00e4, maanviljelij\u00f6iden torilla tai ulkotilaisuudessa. Saatavana useissa eri v\u00e4reiss\u00e4, kuten valkoinen, vihre\u00e4, punainen, laivastonsininen ja musta, voit valita t\u00e4ydellisen v\u00e4rin tapahtumaasi tai br\u00e4ndiisi sopivaksi. Teltta on valmistettu kest\u00e4v\u00e4st\u00e4 alumiinista, joten se on helppo koota sekunneissa, ja se mahtuu py\u00f6rill\u00e4 varustettuun kantolaukkuun, kun olet k\u00e4ytt\u00e4nyt sit\u00e4, mik\u00e4 helpottaa kuljettamista ja varastointia.<br \/>\nT\u00e4m\u00e4 kaupallinen 5 \u00d7 5 ponnahdusteltta pysyy tukevasti paikallaan ankkurointipanosten avulla ja luo yhteens\u00e4 25 neli\u00f6jalkaa varjoa. Se on t\u00e4ydellinen ulkotapahtumiin, pieniin l\u00e4ht\u00f6selvityskopeihin, urheiluotteluihin tai rantaretkiin, sill\u00e4 siihen mahtuu mukavasti noin kaksi nurmikkotuolia tai pieni p\u00f6yt\u00e4 ja se kest\u00e4\u00e4 30 MPH tuulia. V\u00e4rillinen polyesterimarkiisi on palosuojattu ja hydrostaattinen painetesti sertifioitu turvalliseksi kaupalliseksi ratkaisuksi. Vetotapin vapautusteleskooppijalat voidaan s\u00e4\u00e4t\u00e4\u00e4 viiteen korkeusasteeseen ty\u00f6nt\u00f6vivuilla, jotka lukittuvat paikalleen.<br \/>\nKaupallisen luokan 5\u00d75 pop-up-telttamme on k\u00e4tev\u00e4 tapa pystytt\u00e4\u00e4 nopeasti varjoisa ty\u00f6- tai leikkipaikka sekunneissa. Onko sinulla yrityst\u00e4 tai etsit vain k\u00e4tev\u00e4\u00e4 tapaa nauttia ulkoilmasta, t\u00e4m\u00e4 teltta on t\u00e4ydellinen valinta. Kest\u00e4v\u00e4n alumiinirungon ja helposti koottavan muotoilunsa ansiosta se on t\u00e4ydellinen lis\u00e4 mihin tahansa tapahtumaan tai ulkoilmatapaamiseen.<\/p>\n<div style=\"width: 1280px;\" class=\"wp-video\"><!--[if lt IE 9]><script>document.createElement('video');<\/script><![endif]--><br \/>\n<video class=\"wp-video-shortcode\" id=\"video-921-1\" width=\"1280\" height=\"720\" loop autoplay preload=\"auto\" controls=\"controls\"><source type=\"video\/mp4\" src=\"http:\/\/cmykprinted.com\/wp-content\/uploads\/2022\/12\/10x20ft-Pop-Up-Canopies.mp4?_=1\" \/><a href=\"http:\/\/cmykprinted.com\/wp-content\/uploads\/2022\/12\/10x20ft-Pop-Up-Canopies.mp4\">http:\/\/cmykprinted.com\/wp-content\/uploads\/2022\/12\/10x20ft-Pop-Up-Canopies.mp4<\/a><\/video><\/div>","protected":false},"featured_media":922,"template":"","meta":{"_kad_post_transparent":"default","_kad_post_title":"hide","_kad_post_layout":"fullwidth","_kad_post_sidebar_id":"","_kad_post_content_style":"unboxed","_kad_post_vertical_padding":"hide","_kad_post_feature":"hide","_kad_post_feature_position":"","_kad_post_header":false,"_kad_post_footer":false},"product_cat":[68,74,78],"product_tag":[257,259,258,260],"class_list":{"0":"post-921","1":"product","2":"type-product","3":"status-publish","4":"has-post-thumbnail","6":"product_cat-custom-canopy-tents","7":"product_cat-50mm-heavy-duty-hexagon-aluminum-tents","8":"product_cat-5x5ft-custom-pop-up-canopies-50mm-heavy-duty-hexagon-aluminum-tents-custom-canopy-tents","9":"product_tag-5-x-5-pop-up-tent","10":"product_tag-indoor-canopy-tent","11":"product_tag-outdoor-canopy-tent","12":"product_tag-promotional-pop-up-tent","14":"first","15":"instock","16":"shipping-taxable","17":"product-type-simple","18":"entry","19":"content-bg","20":"loop-entry"},"_links":{"self":[{"href":"https:\/\/cmykprinted.com\/fi\/wp-json\/wp\/v2\/product\/921","targetHints":{"allow":["GET"]}}],"collection":[{"href":"https:\/\/cmykprinted.com\/fi\/wp-json\/wp\/v2\/product"}],"about":[{"href":"https:\/\/cmykprinted.com\/fi\/wp-json\/wp\/v2\/types\/product"}],"version-history":[{"count":2,"href":"https:\/\/cmykprinted.com\/fi\/wp-json\/wp\/v2\/product\/921\/revisions"}],"predecessor-version":[{"id":929,"href":"https:\/\/cmykprinted.com\/fi\/wp-json\/wp\/v2\/product\/921\/revisions\/929"}],"wp:featuredmedia":[{"embeddable":true,"href":"https:\/\/cmykprinted.com\/fi\/wp-json\/wp\/v2\/media\/922"}],"wp:attachment":[{"href":"https:\/\/cmykprinted.com\/fi\/wp-json\/wp\/v2\/media?parent=921"}],"wp:term":[{"taxonomy":"product_cat","embeddable":true,"href":"https:\/\/cmykprinted.com\/fi\/wp-json\/wp\/v2\/product_cat?post=921"},{"taxonomy":"product_tag","embeddable":true,"href":"https:\/\/cmykprinted.com\/fi\/wp-json\/wp\/v2\/product_tag?post=921"}],"curies":[{"name":"wp","href":"https:\/\/api.w.org\/{rel}","templated":true}]}}