{"id":930,"date":"2023-01-15T04:21:00","date_gmt":"2023-01-15T04:21:00","guid":{"rendered":"https:\/\/cmykprinted.com\/?post_type=product&#038;p=930"},"modified":"2023-01-15T05:50:05","modified_gmt":"2023-01-15T05:50:05","slug":"cheapest-personalized-custom-printed-handheld-stick-flag","status":"publish","type":"product","link":"https:\/\/cmykprinted.com\/fi\/tuote\/cheapest-personalized-custom-printed-handheld-stick-flag\/","title":{"rendered":"Halvin henkil\u00f6kohtainen r\u00e4\u00e4t\u00e4l\u00f6ity painettu k\u00e4dess\u00e4 pidett\u00e4v\u00e4 lippu"},"content":{"rendered":"","protected":false},"excerpt":{"rendered":"<p>K\u00e4dess\u00e4 pidett\u00e4v\u00e4 lippulippu on kustannustehokas ja visuaalisesti houkutteleva tapa esitell\u00e4 tapahtumiasi tai tarjouksiasi. R\u00e4\u00e4t\u00e4l\u00f6im\u00e4ll\u00e4 niit\u00e4 aivan kuten tavallisia mukautettuja lippujamme, mutta pienemm\u00e4ll\u00e4 koossa, jota on helppo pit\u00e4\u00e4, ne ovat t\u00e4ydellinen lis\u00e4 mihin tahansa messuihin, urheiluotteluun, paraatiin, konferenssiin tai tapahtumaan. N\u00e4m\u00e4 liput on valmistettu kest\u00e4v\u00e4st\u00e4 polyesterikankaasta ja painettu v\u00e4risublimaatiolla, mik\u00e4 varmistaa, ett\u00e4 v\u00e4rit ovat kirkkaita ja vahvoja. Liput viimeistell\u00e4\u00e4n muovi- tai puisella tapilla ja jokainen lippu on kiinnitetty tikkuun lippuholkin kautta, mik\u00e4 varmistaa lipun pysymisen tukevasti paikoillaan. Mainostatpa yrityst\u00e4, asiaa tai erityist\u00e4 tapahtumaa, n\u00e4m\u00e4 liput ovat loistava tapa vied\u00e4 viestisi perille.<\/p>","protected":false},"featured_media":931,"template":"","meta":{"_kad_post_transparent":"default","_kad_post_title":"hide","_kad_post_layout":"fullwidth","_kad_post_sidebar_id":"","_kad_post_content_style":"unboxed","_kad_post_vertical_padding":"hide","_kad_post_feature":"hide","_kad_post_feature_position":"","_kad_post_header":false,"_kad_post_footer":false},"product_cat":[79],"product_tag":[263,262,154,261],"class_list":{"0":"post-930","1":"product","2":"type-product","3":"status-publish","4":"has-post-thumbnail","6":"product_cat-custom-flags","7":"product_tag-cheapest-stick-flag","8":"product_tag-custom-stick-flag","9":"product_tag-handheld-stick-flag","10":"product_tag-personalized-stick-flag","12":"first","13":"instock","14":"shipping-taxable","15":"product-type-simple","16":"entry","17":"content-bg","18":"loop-entry"},"_links":{"self":[{"href":"https:\/\/cmykprinted.com\/fi\/wp-json\/wp\/v2\/product\/930","targetHints":{"allow":["GET"]}}],"collection":[{"href":"https:\/\/cmykprinted.com\/fi\/wp-json\/wp\/v2\/product"}],"about":[{"href":"https:\/\/cmykprinted.com\/fi\/wp-json\/wp\/v2\/types\/product"}],"version-history":[{"count":2,"href":"https:\/\/cmykprinted.com\/fi\/wp-json\/wp\/v2\/product\/930\/revisions"}],"predecessor-version":[{"id":937,"href":"https:\/\/cmykprinted.com\/fi\/wp-json\/wp\/v2\/product\/930\/revisions\/937"}],"wp:featuredmedia":[{"embeddable":true,"href":"https:\/\/cmykprinted.com\/fi\/wp-json\/wp\/v2\/media\/931"}],"wp:attachment":[{"href":"https:\/\/cmykprinted.com\/fi\/wp-json\/wp\/v2\/media?parent=930"}],"wp:term":[{"taxonomy":"product_cat","embeddable":true,"href":"https:\/\/cmykprinted.com\/fi\/wp-json\/wp\/v2\/product_cat?post=930"},{"taxonomy":"product_tag","embeddable":true,"href":"https:\/\/cmykprinted.com\/fi\/wp-json\/wp\/v2\/product_tag?post=930"}],"curies":[{"name":"wp","href":"https:\/\/api.w.org\/{rel}","templated":true}]}}