{"id":956,"date":"2023-02-08T03:23:59","date_gmt":"2023-02-08T03:23:59","guid":{"rendered":"https:\/\/cmykprinted.com\/?post_type=product&#038;p=956"},"modified":"2023-02-08T03:36:40","modified_gmt":"2023-02-08T03:36:40","slug":"double-side-printed-folding-horizontal-pop-up-banner-stand","status":"publish","type":"product","link":"https:\/\/cmykprinted.com\/fi\/tuote\/double-side-printed-folding-horizontal-pop-up-banner-stand\/","title":{"rendered":"Kaksipuoleinen painettu taitettava vaakasuora pop-up-banneriteline"},"content":{"rendered":"","protected":false},"excerpt":{"rendered":"<p>Horisontaalinen Pop Up Banner Stand on monipuolinen ja k\u00e4tev\u00e4 ratkaisu sek\u00e4 sis\u00e4- ett\u00e4 ulkotiloihin. N\u00e4m\u00e4 A-runkoiset bannerit ovat kevyet ja kannettavat, ja ne tarjoavat v\u00e4litt\u00f6m\u00e4n n\u00e4kyvyyden ja ne on helppo asentaa sekunneissa. Ne sopivat ihanteellisesti urheilutapahtumiin, messuihin, kampanjoihin ja suuntakyltteihin. S\u00e4ilytyspussiksi taittuvan metallirungon ansiosta ne ovat turvallisia k\u00e4ytett\u00e4v\u00e4ksi urheilukentill\u00e4 ja helppoja kuljettaa. Bannereita on saatavana eri muotoisina ja kokoisina, mukaan lukien vaaka-, pysty-, ympyr\u00e4- ja kolmio, ja ne ovat kaksipuolisia maksimaalisen valotuksen saavuttamiseksi. Kummallakin puolella voidaan n\u00e4ytt\u00e4\u00e4 erilaisia kuvia tai k\u00e4ytt\u00e4\u00e4 samaa kuvaa. Bannereissa on hiotut panokset pehmeille pinnoille tai niit\u00e4 voidaan painottaa koville pinnoille.<\/p>\n<div style=\"width: 1290px;\" class=\"wp-video\"><!--[if lt IE 9]><script>document.createElement('video');<\/script><![endif]--><br \/>\n<video class=\"wp-video-shortcode\" id=\"video-956-1\" width=\"1290\" height=\"726\" loop autoplay preload=\"auto\" controls=\"controls\"><source type=\"video\/mp4\" src=\"http:\/\/cmykprinted.com\/wp-content\/uploads\/2022\/12\/horizontal-pop-up-banners.mp4?_=1\" \/><a href=\"http:\/\/cmykprinted.com\/wp-content\/uploads\/2022\/12\/horizontal-pop-up-banners.mp4\">http:\/\/cmykprinted.com\/wp-content\/uploads\/2022\/12\/horizontal-pop-up-banners.mp4<\/a><\/video><\/div>\n<p>&nbsp;<\/p>","protected":false},"featured_media":957,"template":"","meta":{"_kad_post_transparent":"default","_kad_post_title":"hide","_kad_post_layout":"fullwidth","_kad_post_sidebar_id":"","_kad_post_content_style":"unboxed","_kad_post_vertical_padding":"hide","_kad_post_feature":"hide","_kad_post_feature_position":"","_kad_post_header":false,"_kad_post_footer":false},"product_cat":[92,94],"product_tag":[272,271,270,273],"class_list":{"0":"post-956","1":"product","2":"type-product","3":"status-publish","4":"has-post-thumbnail","6":"product_cat-pop-up-banners","7":"product_cat-horizontal-pop-up-banners","8":"product_tag-folding-horizontal-pop-up-banner","9":"product_tag-horizontal-pop-up-banner","10":"product_tag-horizontal-pop-up-banner-stand","11":"product_tag-printed-horizontal-pop-up-banner","13":"first","14":"instock","15":"shipping-taxable","16":"product-type-simple","17":"entry","18":"content-bg","19":"loop-entry"},"_links":{"self":[{"href":"https:\/\/cmykprinted.com\/fi\/wp-json\/wp\/v2\/product\/956","targetHints":{"allow":["GET"]}}],"collection":[{"href":"https:\/\/cmykprinted.com\/fi\/wp-json\/wp\/v2\/product"}],"about":[{"href":"https:\/\/cmykprinted.com\/fi\/wp-json\/wp\/v2\/types\/product"}],"version-history":[{"count":2,"href":"https:\/\/cmykprinted.com\/fi\/wp-json\/wp\/v2\/product\/956\/revisions"}],"predecessor-version":[{"id":964,"href":"https:\/\/cmykprinted.com\/fi\/wp-json\/wp\/v2\/product\/956\/revisions\/964"}],"wp:featuredmedia":[{"embeddable":true,"href":"https:\/\/cmykprinted.com\/fi\/wp-json\/wp\/v2\/media\/957"}],"wp:attachment":[{"href":"https:\/\/cmykprinted.com\/fi\/wp-json\/wp\/v2\/media?parent=956"}],"wp:term":[{"taxonomy":"product_cat","embeddable":true,"href":"https:\/\/cmykprinted.com\/fi\/wp-json\/wp\/v2\/product_cat?post=956"},{"taxonomy":"product_tag","embeddable":true,"href":"https:\/\/cmykprinted.com\/fi\/wp-json\/wp\/v2\/product_tag?post=956"}],"curies":[{"name":"wp","href":"https:\/\/api.w.org\/{rel}","templated":true}]}}