{"id":965,"date":"2023-02-08T04:50:30","date_gmt":"2023-02-08T04:50:30","guid":{"rendered":"https:\/\/cmykprinted.com\/?post_type=product&#038;p=965"},"modified":"2023-02-08T05:02:02","modified_gmt":"2023-02-08T05:02:02","slug":"straight-tension-fabric-backdrop-media-wall-for-events","status":"publish","type":"product","link":"https:\/\/cmykprinted.com\/fi\/tuote\/straight-tension-fabric-backdrop-media-wall-for-events\/","title":{"rendered":"Suoraj\u00e4nnitysinen kangastausta mediasein\u00e4 tapahtumiin"},"content":{"rendered":"","protected":false},"excerpt":{"rendered":"<p>Eniten myydyt suorakiristyskangastaustamme on monipuolinen ja ihanteellinen erilaisiin sovelluksiin, kuten studiotaustalle, lavataustalle, valokuvakopille, lehdist\u00f6tilaisuuteen, palkintoseremoniaan ja punaiselle matolle. Kahden mallin valinnalla saat maksimaalisen arvon ja helpon kuljetuksen. Valmistettu kest\u00e4v\u00e4st\u00e4, joustavasta 100%-konepest\u00e4v\u00e4st\u00e4 polyesterist\u00e4, r\u00e4\u00e4t\u00e4l\u00f6ity kangaspainatusprosessimme varmistaa, ett\u00e4 muotoilu pysyy el\u00e4v\u00e4n\u00e4 jopa useiden pesujen j\u00e4lkeen ja kaikissa s\u00e4\u00e4olosuhteissa. Painatuksessamme k\u00e4ytet\u00e4\u00e4n ekologisia liuottimia, t\u00e4ysin luonnollisia biohajoavia liuottimia turvallisemman ja v\u00e4hemm\u00e4n ankaran prosessin takaamiseksi. Kevyt mutta tukeva alumiinirunko tukee kangasta ja mukana tulee pikalukkoputket, jotka helpottavat asennusta ilman ty\u00f6kaluja. Jalusta on s\u00e4\u00e4dett\u00e4viss\u00e4 haluamaasi kokoon ja mukana tulee kannettava rullaava kova kotelo. Toimitus on ilmainen ja kest\u00e4\u00e4 4-5 arkip\u00e4iv\u00e4\u00e4.<\/p>\n<div style=\"width: 1290px;\" class=\"wp-video\"><!--[if lt IE 9]><script>document.createElement('video');<\/script><![endif]--><br \/>\n<video class=\"wp-video-shortcode\" id=\"video-965-1\" width=\"1290\" height=\"726\" loop autoplay preload=\"metadata\" controls=\"controls\"><source type=\"video\/mp4\" src=\"http:\/\/cmykprinted.com\/wp-content\/uploads\/2023\/02\/Straight-Tension-Fabric-Backdrop.mp4?_=1\" \/><a href=\"http:\/\/cmykprinted.com\/wp-content\/uploads\/2023\/02\/Straight-Tension-Fabric-Backdrop.mp4\">http:\/\/cmykprinted.com\/wp-content\/uploads\/2023\/02\/Straight-Tension-Fabric-Backdrop.mp4<\/a><\/video><\/div>","protected":false},"featured_media":966,"template":"","meta":{"_kad_post_transparent":"default","_kad_post_title":"hide","_kad_post_layout":"fullwidth","_kad_post_sidebar_id":"","_kad_post_content_style":"unboxed","_kad_post_vertical_padding":"hide","_kad_post_feature":"hide","_kad_post_feature_position":"","_kad_post_header":false,"_kad_post_footer":false},"product_cat":[97,100],"product_tag":[274,196,197,198],"class_list":{"0":"post-965","1":"product","2":"type-product","3":"status-publish","4":"has-post-thumbnail","6":"product_cat-tension-fabric-displays","7":"product_cat-straight-tension-fabric-backdrop","8":"product_tag-events-media-wall","9":"product_tag-straight-tension-fabric-backdrop","10":"product_tag-tension-fabric-backdrop","11":"product_tag-tension-fabric-media-wall","13":"first","14":"instock","15":"shipping-taxable","16":"product-type-simple","17":"entry","18":"content-bg","19":"loop-entry"},"_links":{"self":[{"href":"https:\/\/cmykprinted.com\/fi\/wp-json\/wp\/v2\/product\/965","targetHints":{"allow":["GET"]}}],"collection":[{"href":"https:\/\/cmykprinted.com\/fi\/wp-json\/wp\/v2\/product"}],"about":[{"href":"https:\/\/cmykprinted.com\/fi\/wp-json\/wp\/v2\/types\/product"}],"version-history":[{"count":2,"href":"https:\/\/cmykprinted.com\/fi\/wp-json\/wp\/v2\/product\/965\/revisions"}],"predecessor-version":[{"id":975,"href":"https:\/\/cmykprinted.com\/fi\/wp-json\/wp\/v2\/product\/965\/revisions\/975"}],"wp:featuredmedia":[{"embeddable":true,"href":"https:\/\/cmykprinted.com\/fi\/wp-json\/wp\/v2\/media\/966"}],"wp:attachment":[{"href":"https:\/\/cmykprinted.com\/fi\/wp-json\/wp\/v2\/media?parent=965"}],"wp:term":[{"taxonomy":"product_cat","embeddable":true,"href":"https:\/\/cmykprinted.com\/fi\/wp-json\/wp\/v2\/product_cat?post=965"},{"taxonomy":"product_tag","embeddable":true,"href":"https:\/\/cmykprinted.com\/fi\/wp-json\/wp\/v2\/product_tag?post=965"}],"curies":[{"name":"wp","href":"https:\/\/api.w.org\/{rel}","templated":true}]}}