{"id":976,"date":"2023-02-11T03:41:11","date_gmt":"2023-02-11T03:41:11","guid":{"rendered":"https:\/\/cmykprinted.com\/?post_type=product&#038;p=976"},"modified":"2023-02-11T03:46:13","modified_gmt":"2023-02-11T03:46:13","slug":"double-sided-feather-flags-with-free-design-at-cheap-price","status":"publish","type":"product","link":"https:\/\/cmykprinted.com\/fi\/tuote\/double-sided-feather-flags-with-free-design-at-cheap-price\/","title":{"rendered":"Kaksipuoliset h\u00f6yhenliput ilmaisella suunnittelulla edulliseen hintaan"},"content":{"rendered":"","protected":false},"excerpt":{"rendered":"<p>Kaksipuoliset h\u00f6yhenliput ovat laajalti k\u00e4ytetty vaihtoehto yrityksille ja organisaatioille, jotka etsiv\u00e4t k\u00e4tev\u00e4\u00e4 tapaa mainostaa br\u00e4ndi\u00e4\u00e4n tai viesti\u00e4\u00e4n. Yksinkertainen asennus ja mahdollisuus sijoittaa mihin tahansa paikkaan tarjoavat k\u00e4yt\u00e4nn\u00f6llisen ratkaisun. H\u00f6yhenrantalipun masto on valmistettu vahvoista materiaaleista, kuten alumiinista ja lasikuidusta, joten se s\u00e4ilytt\u00e4\u00e4 muotonsa my\u00f6s tuulisissa olosuhteissa ja kovalla s\u00e4\u00e4ll\u00e4. Lippu on painettu korkealaatuiselle 115 g\/m2 polyesterikankaalle, jonka k\u00e4\u00e4nt\u00f6puolella on l\u00e4hes 100% heijastus, mik\u00e4 takaa, ett\u00e4 lippu on helposti havaittavissa ja luettavissa kaukaa.<br \/>\nLuotettavuuden ja n\u00e4kyvyyden lis\u00e4ksi h\u00f6yhenrantaliput ovat my\u00f6s helppoja kuljettaa ja viev\u00e4t v\u00e4h\u00e4n tilaa. Ne voidaan siirt\u00e4\u00e4 vaivattomasti paikasta toiseen, ja ne voidaan asentaa mille tahansa pinnalle erilaisten pohjavaihtoehtojen avulla.<br \/>\nLopuksi, h\u00f6yhenrantaliput ovat joustava ja tehokas tapa esitell\u00e4 br\u00e4ndi\u00e4si tai viesti\u00e4si. Yksinkertaisen kokoonpanon, lujuuden ja erinomaisen n\u00e4kyvyyden ansiosta ne ovat erinomainen valinta mille tahansa yritykselle tai organisaatiolle, joka haluaa kiinnitt\u00e4\u00e4 huomiota.<\/p>\n<div style=\"width: 1280px;\" class=\"wp-video\"><!--[if lt IE 9]><script>document.createElement('video');<\/script><![endif]--><br \/>\n<video class=\"wp-video-shortcode\" id=\"video-976-1\" width=\"1280\" height=\"720\" loop autoplay preload=\"metadata\" controls=\"controls\"><source type=\"video\/mp4\" src=\"http:\/\/cmykprinted.com\/wp-content\/uploads\/2022\/12\/Feather-beach-flags.mp4?_=1\" \/><a href=\"http:\/\/cmykprinted.com\/wp-content\/uploads\/2022\/12\/Feather-beach-flags.mp4\">http:\/\/cmykprinted.com\/wp-content\/uploads\/2022\/12\/Feather-beach-flags.mp4<\/a><\/video><\/div>","protected":false},"featured_media":977,"template":"","meta":{"_kad_post_transparent":"default","_kad_post_title":"hide","_kad_post_layout":"fullwidth","_kad_post_sidebar_id":"","_kad_post_content_style":"unboxed","_kad_post_vertical_padding":"hide","_kad_post_feature":"hide","_kad_post_feature_position":"","_kad_post_header":false,"_kad_post_footer":false},"product_cat":[64,65],"product_tag":[278,275,276,277],"class_list":{"0":"post-976","1":"product","2":"type-product","3":"status-publish","4":"has-post-thumbnail","6":"product_cat-beach-flags","7":"product_cat-feather-flags-banners","8":"product_tag-cheap-feather-flags","9":"product_tag-double-sided-feather-flags","10":"product_tag-feather-flags","11":"product_tag-free-design-feather-flags","13":"first","14":"instock","15":"shipping-taxable","16":"product-type-simple","17":"entry","18":"content-bg","19":"loop-entry"},"_links":{"self":[{"href":"https:\/\/cmykprinted.com\/fi\/wp-json\/wp\/v2\/product\/976","targetHints":{"allow":["GET"]}}],"collection":[{"href":"https:\/\/cmykprinted.com\/fi\/wp-json\/wp\/v2\/product"}],"about":[{"href":"https:\/\/cmykprinted.com\/fi\/wp-json\/wp\/v2\/types\/product"}],"version-history":[{"count":2,"href":"https:\/\/cmykprinted.com\/fi\/wp-json\/wp\/v2\/product\/976\/revisions"}],"predecessor-version":[{"id":983,"href":"https:\/\/cmykprinted.com\/fi\/wp-json\/wp\/v2\/product\/976\/revisions\/983"}],"wp:featuredmedia":[{"embeddable":true,"href":"https:\/\/cmykprinted.com\/fi\/wp-json\/wp\/v2\/media\/977"}],"wp:attachment":[{"href":"https:\/\/cmykprinted.com\/fi\/wp-json\/wp\/v2\/media?parent=976"}],"wp:term":[{"taxonomy":"product_cat","embeddable":true,"href":"https:\/\/cmykprinted.com\/fi\/wp-json\/wp\/v2\/product_cat?post=976"},{"taxonomy":"product_tag","embeddable":true,"href":"https:\/\/cmykprinted.com\/fi\/wp-json\/wp\/v2\/product_tag?post=976"}],"curies":[{"name":"wp","href":"https:\/\/api.w.org\/{rel}","templated":true}]}}