{"id":984,"date":"2023-02-11T03:57:42","date_gmt":"2023-02-11T03:57:42","guid":{"rendered":"https:\/\/cmykprinted.com\/?post_type=product&#038;p=984"},"modified":"2023-02-11T04:04:18","modified_gmt":"2023-02-11T04:04:18","slug":"10x15ft-50mm-hexagonal-pop-up-canopy-tent-aluminum-frame","status":"publish","type":"product","link":"https:\/\/cmykprinted.com\/fi\/tuote\/10x15ft-50mm-hexagonal-pop-up-canopy-tent-aluminum-frame\/","title":{"rendered":"10X15FT 50mm kuusikulmainen pop up -teltta, alumiinirunko"},"content":{"rendered":"","protected":false},"excerpt":{"rendered":"<p>50 mm:n kuusikulmainen ponnahduskatos alumiinikehyksell\u00e4 on t\u00e4ydellinen tuomaan katoksesi erottumaan markkinoilla tai messuilla. Rungossa on vaikuttavat tekniset tiedot, mukaan lukien kuusikulmainen alumiininen ulkojalka, jonka koko on 50 x 50 mm ja paksuus 1,8 mm. Siin\u00e4 on my\u00f6s viisi korkeusasentoa 7,5 cm:n v\u00e4lein ja se on vahva ja vakaa pitk\u00e4aikaiseen k\u00e4ytt\u00f6\u00f6n.<br \/>\nKatoksen pystytys ja irrottaminen on nopeaa ja helppoa sen taittuvan alumiinirungon ja irrallisten osien puuttumisen ansiosta. Jalkojen s\u00e4\u00e4t\u00f6painikkeet ja ylisuuret, helposti tarttuvat vetotapit yl\u00e4kulmissa tekev\u00e4t asennuksesta ja purkamisesta helppoa ilman ty\u00f6kaluja.<br \/>\nPaketti sis\u00e4lt\u00e4\u00e4 kaupallisen pop up -katoksen alumiinirungon, ja sen voi pystytt\u00e4\u00e4 ja purkaa yksi tai kaksi henkil\u00f6\u00e4 minuuteissa ilman ty\u00f6kaluja. Sen mukana tulee 1 vuoden takuu ja elinik\u00e4inen tarvikkeiden ja osien toimitus. Jos tarvitset mittatilausty\u00f6t\u00e4, ota rohkeasti yhteytt\u00e4. Takaamme 100%-tyytyv\u00e4isyyden ja pyrimme ratkaisemaan mahdolliset ongelmasi.<br \/>\nT\u00e4m\u00e4 katos sopii erilaisiin ulkotapahtumiin, kuten juhliin, messuihin, urheiluun, piknikeihin, grillauksiin ja muihin. Sit\u00e4 voidaan k\u00e4ytt\u00e4\u00e4 kaupallisilla alueilla, rannoilla, leikkikentill\u00e4, pihoilla, puutarhoissa, maatiloilla ja muissa ulkotiloissa sek\u00e4 sis\u00e4tiloissa, kuten suurilla kuntosalilla. Korkealaatuisen laadun ansiosta voit olla varma sen pitk\u00e4ik\u00e4isyydest\u00e4 ja kest\u00e4vyydest\u00e4. Jos sinulla on laatuongelmia ensimm\u00e4isen vuoden aikana, \u00e4l\u00e4 ep\u00e4r\u00f6i ottaa meihin yhteytt\u00e4. 100%-tyytyv\u00e4isyystakuumme varmistaa, ett\u00e4 pyrimme ratkaisemaan mahdolliset ongelmasi.<\/p>\n<div style=\"width: 1280px;\" class=\"wp-video\"><!--[if lt IE 9]><script>document.createElement('video');<\/script><![endif]--><br \/>\n<video class=\"wp-video-shortcode\" id=\"video-984-1\" width=\"1280\" height=\"720\" loop autoplay preload=\"auto\" controls=\"controls\"><source type=\"video\/mp4\" src=\"http:\/\/cmykprinted.com\/wp-content\/uploads\/2022\/12\/10x15ft-Pop-up-Tent.mp4?_=1\" \/><a href=\"http:\/\/cmykprinted.com\/wp-content\/uploads\/2022\/12\/10x15ft-Pop-up-Tent.mp4\">http:\/\/cmykprinted.com\/wp-content\/uploads\/2022\/12\/10x15ft-Pop-up-Tent.mp4<\/a><\/video><\/div>","protected":false},"featured_media":985,"template":"","meta":{"_kad_post_transparent":"default","_kad_post_title":"hide","_kad_post_layout":"fullwidth","_kad_post_sidebar_id":"","_kad_post_content_style":"unboxed","_kad_post_vertical_padding":"hide","_kad_post_feature":"hide","_kad_post_feature_position":"","_kad_post_header":false,"_kad_post_footer":false},"product_cat":[68,76,74],"product_tag":[279,282,281,280],"class_list":{"0":"post-984","1":"product","2":"type-product","3":"status-publish","4":"has-post-thumbnail","6":"product_cat-custom-canopy-tents","7":"product_cat-10x15ft-pop-up-tents-50mm-heavy-duty-hexagon-aluminum-tents-custom-canopy-tents","8":"product_cat-50mm-heavy-duty-hexagon-aluminum-tents","9":"product_tag-10x15ft-hexagonal-pop-up-canopy-tent","10":"product_tag-50mm-hexagonal-pop-up-canopy","11":"product_tag-aluminum-frame-pop-up-canopy-tent","12":"product_tag-hexagonal-pop-up-canopy-tent","14":"first","15":"instock","16":"shipping-taxable","17":"product-type-simple","18":"entry","19":"content-bg","20":"loop-entry"},"_links":{"self":[{"href":"https:\/\/cmykprinted.com\/fi\/wp-json\/wp\/v2\/product\/984","targetHints":{"allow":["GET"]}}],"collection":[{"href":"https:\/\/cmykprinted.com\/fi\/wp-json\/wp\/v2\/product"}],"about":[{"href":"https:\/\/cmykprinted.com\/fi\/wp-json\/wp\/v2\/types\/product"}],"version-history":[{"count":2,"href":"https:\/\/cmykprinted.com\/fi\/wp-json\/wp\/v2\/product\/984\/revisions"}],"predecessor-version":[{"id":992,"href":"https:\/\/cmykprinted.com\/fi\/wp-json\/wp\/v2\/product\/984\/revisions\/992"}],"wp:featuredmedia":[{"embeddable":true,"href":"https:\/\/cmykprinted.com\/fi\/wp-json\/wp\/v2\/media\/985"}],"wp:attachment":[{"href":"https:\/\/cmykprinted.com\/fi\/wp-json\/wp\/v2\/media?parent=984"}],"wp:term":[{"taxonomy":"product_cat","embeddable":true,"href":"https:\/\/cmykprinted.com\/fi\/wp-json\/wp\/v2\/product_cat?post=984"},{"taxonomy":"product_tag","embeddable":true,"href":"https:\/\/cmykprinted.com\/fi\/wp-json\/wp\/v2\/product_tag?post=984"}],"curies":[{"name":"wp","href":"https:\/\/api.w.org\/{rel}","templated":true}]}}