{"id":993,"date":"2023-02-11T08:06:52","date_gmt":"2023-02-11T08:06:52","guid":{"rendered":"https:\/\/cmykprinted.com\/?post_type=product&#038;p=993"},"modified":"2023-02-11T08:14:57","modified_gmt":"2023-02-11T08:14:57","slug":"wall-mounted-shop-front-flagpole-end-sign-shop-front-flags","status":"publish","type":"product","link":"https:\/\/cmykprinted.com\/fi\/tuote\/wall-mounted-shop-front-flagpole-end-sign-shop-front-flags\/","title":{"rendered":"Sein\u00e4\u00e4n kiinnitett\u00e4v\u00e4t myym\u00e4l\u00e4n etuosan lipputangon p\u00e4\u00e4tykylttien liput"},"content":{"rendered":"","protected":false},"excerpt":{"rendered":"<p>Liikkeen edess\u00e4 oleva lipputanko on suunniteltu erikokoisille ja -muotoisille lipuille. Sen tukeva rakenne ja yksinkertainen asennus tekev\u00e4t siit\u00e4 suositun valinnan niille, jotka haluavat ylpe\u00e4n\u00e4 n\u00e4ytt\u00e4\u00e4 lippunsa. Tanko on esikonfiguroitu lent\u00e4m\u00e4\u00e4n 3\u2032 x 5\u2032 USA:n lippua, joka on vakiokoko useimmissa asuin- ja liikekiinteist\u00f6iss\u00e4. Jos kuitenkin haluat vaihtaa lipun eri kokoiseksi, se on yksinkertainen ja suoraviivainen prosessi, joka voidaan suorittaa muutamassa minuutissa.<\/p>","protected":false},"featured_media":994,"template":"","meta":{"_kad_post_transparent":"default","_kad_post_title":"hide","_kad_post_layout":"fullwidth","_kad_post_sidebar_id":"","_kad_post_content_style":"unboxed","_kad_post_vertical_padding":"hide","_kad_post_feature":"hide","_kad_post_feature_position":"","_kad_post_header":false,"_kad_post_footer":false},"product_cat":[79],"product_tag":[213,283,285,284,286],"class_list":{"0":"post-993","1":"product","2":"type-product","3":"status-publish","4":"has-post-thumbnail","6":"product_cat-custom-flags","7":"product_tag-end-sign-flags","8":"product_tag-shop-front-flagpole","9":"product_tag-small-wall-flags","10":"product_tag-wall-mounted-flags","11":"product_tag-window-mounted-flags-signs","13":"first","14":"instock","15":"shipping-taxable","16":"product-type-simple","17":"entry","18":"content-bg","19":"loop-entry"},"_links":{"self":[{"href":"https:\/\/cmykprinted.com\/fi\/wp-json\/wp\/v2\/product\/993","targetHints":{"allow":["GET"]}}],"collection":[{"href":"https:\/\/cmykprinted.com\/fi\/wp-json\/wp\/v2\/product"}],"about":[{"href":"https:\/\/cmykprinted.com\/fi\/wp-json\/wp\/v2\/types\/product"}],"version-history":[{"count":1,"href":"https:\/\/cmykprinted.com\/fi\/wp-json\/wp\/v2\/product\/993\/revisions"}],"predecessor-version":[{"id":999,"href":"https:\/\/cmykprinted.com\/fi\/wp-json\/wp\/v2\/product\/993\/revisions\/999"}],"wp:featuredmedia":[{"embeddable":true,"href":"https:\/\/cmykprinted.com\/fi\/wp-json\/wp\/v2\/media\/994"}],"wp:attachment":[{"href":"https:\/\/cmykprinted.com\/fi\/wp-json\/wp\/v2\/media?parent=993"}],"wp:term":[{"taxonomy":"product_cat","embeddable":true,"href":"https:\/\/cmykprinted.com\/fi\/wp-json\/wp\/v2\/product_cat?post=993"},{"taxonomy":"product_tag","embeddable":true,"href":"https:\/\/cmykprinted.com\/fi\/wp-json\/wp\/v2\/product_tag?post=993"}],"curies":[{"name":"wp","href":"https:\/\/api.w.org\/{rel}","templated":true}]}}