{"id":1000,"date":"2023-02-12T10:41:09","date_gmt":"2023-02-12T10:41:09","guid":{"rendered":"https:\/\/cmykprinted.com\/?post_type=product&#038;p=1000"},"modified":"2023-02-12T10:46:25","modified_gmt":"2023-02-12T10:46:25","slug":"logo-printed-premium-full-color-trade-show-table-throw","status":"publish","type":"product","link":"https:\/\/cmykprinted.com\/fr\/produit\/logo-printed-premium-full-color-trade-show-table-throw\/","title":{"rendered":"Jet\u00e9 de table de salon professionnel imprim\u00e9 avec logo en couleur de qualit\u00e9 sup\u00e9rieure"},"content":{"rendered":"","protected":false},"excerpt":{"rendered":"<p>Dans notre entreprise, nous nous engageons \u00e0 fournir des jet\u00e9s de table de haute qualit\u00e9 et abordables aux entreprises et organisations de toutes tailles. Nous comprenons l&#039;importance de faire une forte impression lors des salons professionnels et des expositions, et nous nous engageons \u00e0 aider nos clients \u00e0 y parvenir. Notre \u00e9quipe d&#039;imprimeurs professionnels utilise un processus complet de sublimation thermique pour s&#039;assurer que nos jet\u00e9s de table sont \u00e9clatants, accrocheurs et enti\u00e8rement personnalisables. Que vous ayez besoin d&#039;une nappe pour une foire commerciale, d&#039;une nappe pour une exposition sp\u00e9ciale ou de tout autre type de jet\u00e9 de table, nous avons les produits dont vous avez besoin \u00e0 la vitesse dont vous avez besoin.<br \/>\nNotre usine propose une large gamme de jet\u00e9s de table pour salons professionnels, y compris des housses extensibles, des housses \u00e0 3 et 4 c\u00f4t\u00e9s, des chemins de table et bien plus encore. Nous proposons m\u00eame des jet\u00e9s de table con\u00e7us pour compl\u00e9ter la palette de couleurs de votre entreprise ou organisation. Et si vous n&#039;avez pas de logo, ce n&#039;est pas un probl\u00e8me ! Nous pouvons cr\u00e9er pour vous un design personnalis\u00e9 qui vous aidera \u00e0 promouvoir votre marque et \u00e0 attirer de nouveaux clients.<br \/>\nNous offrons un d\u00e9lai d&#039;ex\u00e9cution de 24 heures sur tous nos lancers de table de salon, garantissant que vous pouvez obtenir les produits dont vous avez besoin quand vous en avez besoin. Et pour plus de commodit\u00e9, nous exp\u00e9dions tous nos produits le jour ouvrable suivant l&#039;achat. Ainsi, que vous ayez besoin d&#039;un seul lancer de table ou d&#039;une commande importante pour un \u00e9v\u00e9nement \u00e0 venir, nous avons les produits et services dont vous avez besoin pour r\u00e9ussir.<\/p>","protected":false},"featured_media":1001,"template":"","meta":{"_kad_post_transparent":"default","_kad_post_title":"hide","_kad_post_layout":"fullwidth","_kad_post_sidebar_id":"","_kad_post_content_style":"unboxed","_kad_post_vertical_padding":"hide","_kad_post_feature":"hide","_kad_post_feature_position":"","_kad_post_header":false,"_kad_post_footer":false},"product_cat":[80,84],"product_tag":[218,216,217],"class_list":{"0":"post-1000","1":"product","2":"type-product","3":"status-publish","4":"has-post-thumbnail","6":"product_cat-custom-tablecloth","7":"product_cat-trade-show-table-throw","8":"product_tag-custom-table-throw","9":"product_tag-trade-show-table-throw","10":"product_tag-tradeshow-table-throw","12":"first","13":"instock","14":"shipping-taxable","15":"product-type-simple","16":"entry","17":"content-bg","18":"loop-entry"},"_links":{"self":[{"href":"https:\/\/cmykprinted.com\/fr\/wp-json\/wp\/v2\/product\/1000","targetHints":{"allow":["GET"]}}],"collection":[{"href":"https:\/\/cmykprinted.com\/fr\/wp-json\/wp\/v2\/product"}],"about":[{"href":"https:\/\/cmykprinted.com\/fr\/wp-json\/wp\/v2\/types\/product"}],"version-history":[{"count":1,"href":"https:\/\/cmykprinted.com\/fr\/wp-json\/wp\/v2\/product\/1000\/revisions"}],"predecessor-version":[{"id":1007,"href":"https:\/\/cmykprinted.com\/fr\/wp-json\/wp\/v2\/product\/1000\/revisions\/1007"}],"wp:featuredmedia":[{"embeddable":true,"href":"https:\/\/cmykprinted.com\/fr\/wp-json\/wp\/v2\/media\/1001"}],"wp:attachment":[{"href":"https:\/\/cmykprinted.com\/fr\/wp-json\/wp\/v2\/media?parent=1000"}],"wp:term":[{"taxonomy":"product_cat","embeddable":true,"href":"https:\/\/cmykprinted.com\/fr\/wp-json\/wp\/v2\/product_cat?post=1000"},{"taxonomy":"product_tag","embeddable":true,"href":"https:\/\/cmykprinted.com\/fr\/wp-json\/wp\/v2\/product_tag?post=1000"}],"curies":[{"name":"wp","href":"https:\/\/api.w.org\/{rel}","templated":true}]}}