{"id":1016,"date":"2023-02-12T14:30:04","date_gmt":"2023-02-12T14:30:04","guid":{"rendered":"https:\/\/cmykprinted.com\/?post_type=product&#038;p=1016"},"modified":"2023-02-12T14:40:07","modified_gmt":"2023-02-12T14:40:07","slug":"personalized-triangle-pop-up-banners-a-frame-stand-display","status":"publish","type":"product","link":"https:\/\/cmykprinted.com\/fr\/produit\/personalized-triangle-pop-up-banners-a-frame-stand-display\/","title":{"rendered":"Pr\u00e9sentoir de support A-Frame de banni\u00e8res pop-up triangulaires personnalis\u00e9es"},"content":{"rendered":"","protected":false},"excerpt":{"rendered":"<p>Les banni\u00e8res pop-up Triangle sont la solution ultime pour promouvoir votre marque ou votre entreprise de mani\u00e8re \u00e9l\u00e9gante et efficace. Avec un design qui permet une installation et un d\u00e9montage faciles, ces banni\u00e8res sont id\u00e9ales pour les salons professionnels, les \u00e9v\u00e9nements et les conf\u00e9rences. Fabriqu\u00e9s en tissu peau de p\u00eache l\u00e9ger et durable, ils sont livr\u00e9s avec un sac de transport pratique pour le stockage et le transport.<br \/>\nNon seulement ils sont pratiques \u00e0 utiliser, mais ils sont \u00e9galement garantis pour attirer l&#039;attention de votre public cible. Qu&#039;il s&#039;agisse d&#039;un lancement de nouveau produit, d&#039;une vente ou d&#039;un \u00e9v\u00e9nement \u00e0 venir, ces banni\u00e8res susciteront l&#039;int\u00e9r\u00eat et cr\u00e9eront un impact durable. Ils peuvent \u00eatre utilis\u00e9s \u00e0 l&#039;int\u00e9rieur ou \u00e0 l&#039;ext\u00e9rieur et sont faciles \u00e0 assembler gr\u00e2ce \u00e0 leur mat\u00e9riel en acier \u00e0 ressort et leurs piquets.<br \/>\nAm\u00e9liorez la publicit\u00e9 de votre entreprise avec une banni\u00e8re pop-up triangulaire. Le manuel d&#039;installation complet vous fournit tous les outils n\u00e9cessaires pour installer et d\u00e9monter votre banni\u00e8re sans effort. Investissez dans une banni\u00e8re pop-up aujourd&#039;hui et faites une d\u00e9claration audacieuse lors de votre prochain \u00e9v\u00e9nement ou conf\u00e9rence.<\/p>\n<div style=\"width: 1280px;\" class=\"wp-video\"><!--[if lt IE 9]><script>document.createElement('video');<\/script><![endif]--><br \/>\n<video class=\"wp-video-shortcode\" id=\"video-1016-1\" width=\"1280\" height=\"720\" loop autoplay preload=\"metadata\" controls=\"controls\"><source type=\"video\/mp4\" src=\"http:\/\/cmykprinted.com\/wp-content\/uploads\/2022\/12\/Triangle-Pop-Up-Banners.mp4?_=1\" \/><a href=\"http:\/\/cmykprinted.com\/wp-content\/uploads\/2022\/12\/Triangle-Pop-Up-Banners.mp4\">http:\/\/cmykprinted.com\/wp-content\/uploads\/2022\/12\/Triangle-Pop-Up-Banners.mp4<\/a><\/video><\/div>","protected":false},"featured_media":1017,"template":"","meta":{"_kad_post_transparent":"default","_kad_post_title":"hide","_kad_post_layout":"fullwidth","_kad_post_sidebar_id":"","_kad_post_content_style":"unboxed","_kad_post_vertical_padding":"hide","_kad_post_feature":"hide","_kad_post_feature_position":"","_kad_post_header":false,"_kad_post_footer":false},"product_cat":[92,95],"product_tag":[292,293,166,291],"class_list":{"0":"post-1016","1":"product","2":"type-product","3":"status-publish","4":"has-post-thumbnail","6":"product_cat-pop-up-banners","7":"product_cat-triangle-pop-up-banners","8":"product_tag-a-frame-stand-display","9":"product_tag-personalized-pop-up-banners","10":"product_tag-pop-up-banners","11":"product_tag-triangle-pop-up-banners","13":"first","14":"instock","15":"shipping-taxable","16":"product-type-simple","17":"entry","18":"content-bg","19":"loop-entry"},"_links":{"self":[{"href":"https:\/\/cmykprinted.com\/fr\/wp-json\/wp\/v2\/product\/1016","targetHints":{"allow":["GET"]}}],"collection":[{"href":"https:\/\/cmykprinted.com\/fr\/wp-json\/wp\/v2\/product"}],"about":[{"href":"https:\/\/cmykprinted.com\/fr\/wp-json\/wp\/v2\/types\/product"}],"version-history":[{"count":2,"href":"https:\/\/cmykprinted.com\/fr\/wp-json\/wp\/v2\/product\/1016\/revisions"}],"predecessor-version":[{"id":1024,"href":"https:\/\/cmykprinted.com\/fr\/wp-json\/wp\/v2\/product\/1016\/revisions\/1024"}],"wp:featuredmedia":[{"embeddable":true,"href":"https:\/\/cmykprinted.com\/fr\/wp-json\/wp\/v2\/media\/1017"}],"wp:attachment":[{"href":"https:\/\/cmykprinted.com\/fr\/wp-json\/wp\/v2\/media?parent=1016"}],"wp:term":[{"taxonomy":"product_cat","embeddable":true,"href":"https:\/\/cmykprinted.com\/fr\/wp-json\/wp\/v2\/product_cat?post=1016"},{"taxonomy":"product_tag","embeddable":true,"href":"https:\/\/cmykprinted.com\/fr\/wp-json\/wp\/v2\/product_tag?post=1016"}],"curies":[{"name":"wp","href":"https:\/\/api.w.org\/{rel}","templated":true}]}}