{"id":1034,"date":"2023-02-13T02:28:32","date_gmt":"2023-02-13T02:28:32","guid":{"rendered":"https:\/\/cmykprinted.com\/?post_type=product&#038;p=1034"},"modified":"2023-02-13T02:37:55","modified_gmt":"2023-02-13T02:37:55","slug":"multipurpose-wholesale-3d-custom-metal-transfer-stickers","status":"publish","type":"product","link":"https:\/\/cmykprinted.com\/fr\/produit\/multipurpose-wholesale-3d-custom-metal-transfer-stickers\/","title":{"rendered":"Autocollants de transfert de m\u00e9tal personnalis\u00e9s 3D en gros polyvalents"},"content":{"rendered":"","protected":false},"excerpt":{"rendered":"<p>Les autocollants de transfert de m\u00e9tal personnalis\u00e9s sont une solution d&#039;\u00e9tiquetage innovante qui utilise une feuille de nickel robuste pour cr\u00e9er un effet tridimensionnel. Cette approche unique donne aux autocollants un aspect \u00e9l\u00e9gant et raffin\u00e9, car le mat\u00e9riau en exc\u00e8s est retir\u00e9 du design, offrant une apparence \u00ab sans \u00e9tiquette \u00bb. Id\u00e9al pour les produits haut de gamme ou la vente au d\u00e9tail en ligne, ces autocollants sont produits en imprimant le motif sur une feuille de nickel \u00e0 l&#039;aide d&#039;une m\u00e9thode d&#039;impression sp\u00e9cialis\u00e9e. Apr\u00e8s avoir retir\u00e9 le surplus de mat\u00e9riau, les \u00e9l\u00e9ments sur\u00e9lev\u00e9s sont recouverts d&#039;une couche d&#039;adh\u00e9sif, ce qui les rend adapt\u00e9s \u00e0 une application sur diverses surfaces, notamment le plastique, le m\u00e9tal et le papier.<br \/>\nLa durabilit\u00e9 des autocollants de transfert de m\u00e9tal 3D est l&#039;un de ses principaux avantages. Le nickel \u00e9tant un mat\u00e9riau robuste et r\u00e9sistant \u00e0 la corrosion, ces autocollants peuvent r\u00e9sister \u00e0 l&#039;usure tout en conservant leur qualit\u00e9 dans le temps. Ils sont \u00e9galement r\u00e9sistants \u00e0 la d\u00e9coloration et \u00e0 la d\u00e9coloration, ce qui en fait une solution d&#039;\u00e9tiquetage durable. De plus, l&#039;effet tridimensionnel de ces autocollants ajoute une touche attrayante et distinctive \u00e0 l&#039;emballage ou \u00e0 la marque de votre produit.<\/p>\n<div style=\"width: 1280px;\" class=\"wp-video\"><!--[if lt IE 9]><script>document.createElement('video');<\/script><![endif]--><br \/>\n<video class=\"wp-video-shortcode\" id=\"video-1034-1\" width=\"1280\" height=\"720\" loop autoplay preload=\"metadata\" controls=\"controls\"><source type=\"video\/mp4\" src=\"http:\/\/cmykprinted.com\/wp-content\/uploads\/2022\/12\/Metal-Transfer-Sticker.mp4?_=1\" \/><a href=\"http:\/\/cmykprinted.com\/wp-content\/uploads\/2022\/12\/Metal-Transfer-Sticker.mp4\">http:\/\/cmykprinted.com\/wp-content\/uploads\/2022\/12\/Metal-Transfer-Sticker.mp4<\/a><\/video><\/div>\n<p>&nbsp;<\/p>","protected":false},"featured_media":1035,"template":"","meta":{"_kad_post_transparent":"default","_kad_post_title":"hide","_kad_post_layout":"fullwidth","_kad_post_sidebar_id":"","_kad_post_content_style":"unboxed","_kad_post_vertical_padding":"hide","_kad_post_feature":"hide","_kad_post_feature_position":"","_kad_post_header":false,"_kad_post_footer":false},"product_cat":[101,102],"product_tag":[299,297,298,300],"class_list":{"0":"post-1034","1":"product","2":"type-product","3":"status-publish","4":"has-post-thumbnail","6":"product_cat-transfer-stickers","7":"product_cat-metal-transfer-stickers","8":"product_tag-3d-metal-transfer-stickers","9":"product_tag-custom-metal-transfer-stickers","10":"product_tag-metal-transfer-stickers","11":"product_tag-wholesale-metal-transfer-stickers","13":"first","14":"instock","15":"shipping-taxable","16":"product-type-simple","17":"entry","18":"content-bg","19":"loop-entry"},"_links":{"self":[{"href":"https:\/\/cmykprinted.com\/fr\/wp-json\/wp\/v2\/product\/1034","targetHints":{"allow":["GET"]}}],"collection":[{"href":"https:\/\/cmykprinted.com\/fr\/wp-json\/wp\/v2\/product"}],"about":[{"href":"https:\/\/cmykprinted.com\/fr\/wp-json\/wp\/v2\/types\/product"}],"version-history":[{"count":2,"href":"https:\/\/cmykprinted.com\/fr\/wp-json\/wp\/v2\/product\/1034\/revisions"}],"predecessor-version":[{"id":1042,"href":"https:\/\/cmykprinted.com\/fr\/wp-json\/wp\/v2\/product\/1034\/revisions\/1042"}],"wp:featuredmedia":[{"embeddable":true,"href":"https:\/\/cmykprinted.com\/fr\/wp-json\/wp\/v2\/media\/1035"}],"wp:attachment":[{"href":"https:\/\/cmykprinted.com\/fr\/wp-json\/wp\/v2\/media?parent=1034"}],"wp:term":[{"taxonomy":"product_cat","embeddable":true,"href":"https:\/\/cmykprinted.com\/fr\/wp-json\/wp\/v2\/product_cat?post=1034"},{"taxonomy":"product_tag","embeddable":true,"href":"https:\/\/cmykprinted.com\/fr\/wp-json\/wp\/v2\/product_tag?post=1034"}],"curies":[{"name":"wp","href":"https:\/\/api.w.org\/{rel}","templated":true}]}}