{"id":1043,"date":"2023-02-13T04:54:51","date_gmt":"2023-02-13T04:54:51","guid":{"rendered":"https:\/\/cmykprinted.com\/?post_type=product&#038;p=1043"},"modified":"2023-02-13T05:02:42","modified_gmt":"2023-02-13T05:02:42","slug":"personalized-teardrop-banner-flags-with-full-color-printing","status":"publish","type":"product","link":"https:\/\/cmykprinted.com\/fr\/produit\/personalized-teardrop-banner-flags-with-full-color-printing\/","title":{"rendered":"Drapeaux de banni\u00e8re en forme de larme personnalis\u00e9s avec impression en couleur"},"content":{"rendered":"","protected":false},"excerpt":{"rendered":"<p>Les banni\u00e8res en forme de larme, commun\u00e9ment appel\u00e9es banni\u00e8res en forme de larme ou drapeaux \u00e0 plumes, sont de grands drapeaux en forme de larme utilis\u00e9s \u00e0 des fins de publicit\u00e9 et de marketing. Ils pr\u00e9sentent des conceptions personnalis\u00e9es produites par un processus de sublimation de colorant qui se traduit par des graphismes lumineux et de haute qualit\u00e9. Les drapeaux sont mont\u00e9s sur un m\u00e2t flexible et l\u00e9ger en aluminium et fibre de verre, qui maintient le drapeau tendu m\u00eame en cas de vent. Le poteau peut \u00eatre plac\u00e9 dans le sol ou sur un support, en fonction des besoins et des pr\u00e9f\u00e9rences de l&#039;utilisateur.<br \/>\nAfficher un drapeau en forme de larme devant votre entreprise peut \u00eatre un moyen efficace d&#039;attirer l&#039;attention des clients potentiels et des passants. Ces drapeaux sont accrocheurs et peuvent promouvoir efficacement votre entreprise et ses offres. Ils sont \u00e9galement polyvalents et peuvent \u00eatre utilis\u00e9s dans une gamme de param\u00e8tres, tels que les salons professionnels, les \u00e9v\u00e9nements en plein air et les devantures de magasins. En s\u00e9lectionnant un design personnalis\u00e9 qui repr\u00e9sente avec pr\u00e9cision l&#039;image de marque et le message de votre entreprise, vous pouvez transmettre efficacement votre message et faire une impression durable sur votre public cible.<\/p>\n<div style=\"width: 1280px;\" class=\"wp-video\"><!--[if lt IE 9]><script>document.createElement('video');<\/script><![endif]--><br \/>\n<video class=\"wp-video-shortcode\" id=\"video-1043-1\" width=\"1280\" height=\"720\" loop autoplay preload=\"metadata\" controls=\"controls\"><source type=\"video\/mp4\" src=\"http:\/\/cmykprinted.com\/wp-content\/uploads\/2022\/12\/Beach-Teardrop-Flags-Banner.mp4?_=1\" \/><a href=\"http:\/\/cmykprinted.com\/wp-content\/uploads\/2022\/12\/Beach-Teardrop-Flags-Banner.mp4\">http:\/\/cmykprinted.com\/wp-content\/uploads\/2022\/12\/Beach-Teardrop-Flags-Banner.mp4<\/a><\/video><\/div>","protected":false},"featured_media":1044,"template":"","meta":{"_kad_post_transparent":"default","_kad_post_title":"hide","_kad_post_layout":"fullwidth","_kad_post_sidebar_id":"","_kad_post_content_style":"unboxed","_kad_post_vertical_padding":"hide","_kad_post_feature":"hide","_kad_post_feature_position":"","_kad_post_header":false,"_kad_post_footer":false},"product_cat":[64,67],"product_tag":[255,301,302,303,178],"class_list":{"0":"post-1043","1":"product","2":"type-product","3":"status-publish","4":"has-post-thumbnail","6":"product_cat-beach-flags","7":"product_cat-teardrop-flags-banners","8":"product_tag-personalized-teardrop-flags","9":"product_tag-teardrop-banner-flags","10":"product_tag-teardrop-banners","11":"product_tag-teardrop-flag-banners","12":"product_tag-teardrop-flags","14":"first","15":"instock","16":"shipping-taxable","17":"product-type-simple","18":"entry","19":"content-bg","20":"loop-entry"},"_links":{"self":[{"href":"https:\/\/cmykprinted.com\/fr\/wp-json\/wp\/v2\/product\/1043","targetHints":{"allow":["GET"]}}],"collection":[{"href":"https:\/\/cmykprinted.com\/fr\/wp-json\/wp\/v2\/product"}],"about":[{"href":"https:\/\/cmykprinted.com\/fr\/wp-json\/wp\/v2\/types\/product"}],"version-history":[{"count":2,"href":"https:\/\/cmykprinted.com\/fr\/wp-json\/wp\/v2\/product\/1043\/revisions"}],"predecessor-version":[{"id":1051,"href":"https:\/\/cmykprinted.com\/fr\/wp-json\/wp\/v2\/product\/1043\/revisions\/1051"}],"wp:featuredmedia":[{"embeddable":true,"href":"https:\/\/cmykprinted.com\/fr\/wp-json\/wp\/v2\/media\/1044"}],"wp:attachment":[{"href":"https:\/\/cmykprinted.com\/fr\/wp-json\/wp\/v2\/media?parent=1043"}],"wp:term":[{"taxonomy":"product_cat","embeddable":true,"href":"https:\/\/cmykprinted.com\/fr\/wp-json\/wp\/v2\/product_cat?post=1043"},{"taxonomy":"product_tag","embeddable":true,"href":"https:\/\/cmykprinted.com\/fr\/wp-json\/wp\/v2\/product_tag?post=1043"}],"curies":[{"name":"wp","href":"https:\/\/api.w.org\/{rel}","templated":true}]}}