{"id":1052,"date":"2023-02-13T07:20:10","date_gmt":"2023-02-13T07:20:10","guid":{"rendered":"https:\/\/cmykprinted.com\/?post_type=product&#038;p=1052"},"modified":"2023-02-13T07:26:04","modified_gmt":"2023-02-13T07:26:04","slug":"50mm-hexagonal-aluminum-10x20ft-pop-up-canopies-tents","status":"publish","type":"product","link":"https:\/\/cmykprinted.com\/fr\/produit\/50mm-hexagonal-aluminum-10x20ft-pop-up-canopies-tents\/","title":{"rendered":"Tentes pop-up hexagonales en aluminium de 50 mm, 3 x 6 m"},"content":{"rendered":"","protected":false},"excerpt":{"rendered":"<p>L&#039;auvent pop-up de 10 x 20 pieds avec un cadre en aluminium est le choix parfait pour faire une d\u00e9claration lors d&#039;un \u00e9tal de march\u00e9 ou d&#039;un salon professionnel. Le cadre est con\u00e7u pour impressionner avec son pied ext\u00e9rieur hexagonal en aluminium mesurant 50x50 mm et une \u00e9paisseur de 1,8 mm. Avec cinq positions de hauteur \u00e0 des intervalles de 7,5 cm, il offre une stabilit\u00e9 pour une utilisation \u00e0 long terme.<br \/>\nLe montage et le d\u00e9montage de l&#039;auvent se fait sans effort, gr\u00e2ce \u00e0 son cadre en aluminium pliable et \u00e0 l&#039;absence de pi\u00e8ces d\u00e9tach\u00e9es. Les r\u00e9glages des pieds \u00e0 bascule \u00e0 bouton-poussoir et les goupilles de traction surdimensionn\u00e9es dans les coins sup\u00e9rieurs facilitent l&#039;installation, sans avoir besoin d&#039;outils. Le forfait comprend le cadre en aluminium de l&#039;auvent pop-up commercial et peut \u00eatre facilement assembl\u00e9 par une ou deux personnes en quelques minutes, sans aucun outil.<br \/>\nCet auvent est livr\u00e9 avec une garantie d&#039;un an et un approvisionnement \u00e0 vie d&#039;accessoires et de pi\u00e8ces. Si vous avez besoin d&#039;un travail personnalis\u00e9, nous sommes l\u00e0 pour vous aider. Nous garantissons la satisfaction de 100% et nous nous efforcerons de r\u00e9soudre tous les probl\u00e8mes que vous pourriez rencontrer.<br \/>\nCet auvent polyvalent convient \u00e0 un large \u00e9ventail d&#039;\u00e9v\u00e9nements en plein air, tels que les f\u00eates, les salons professionnels, les sports, les pique-niques, les barbecues, etc. Il peut \u00e9galement \u00eatre utilis\u00e9 dans les zones commerciales, les plages, les terrains de jeux, les cours, les jardins, les fermes et autres environnements ext\u00e9rieurs, ainsi que dans les environnements int\u00e9rieurs tels que les grands gymnases. Avec sa qualit\u00e9 haut de gamme, vous pouvez \u00eatre s\u00fbr de sa long\u00e9vit\u00e9 et de sa durabilit\u00e9. Si vous avez des probl\u00e8mes de qualit\u00e9 au cours de la premi\u00e8re ann\u00e9e, contactez-nous simplement. Notre garantie de satisfaction 100% garantit que nous travaillerons pour r\u00e9soudre tous les probl\u00e8mes que vous pourriez avoir.<\/p>\n<div style=\"width: 1280px;\" class=\"wp-video\"><!--[if lt IE 9]><script>document.createElement('video');<\/script><![endif]--><br \/>\n<video class=\"wp-video-shortcode\" id=\"video-1052-1\" width=\"1280\" height=\"720\" loop autoplay preload=\"auto\" controls=\"controls\"><source type=\"video\/mp4\" src=\"http:\/\/cmykprinted.com\/wp-content\/uploads\/2022\/12\/10x15ft-Pop-up-Tent.mp4?_=1\" \/><a href=\"http:\/\/cmykprinted.com\/wp-content\/uploads\/2022\/12\/10x15ft-Pop-up-Tent.mp4\">http:\/\/cmykprinted.com\/wp-content\/uploads\/2022\/12\/10x15ft-Pop-up-Tent.mp4<\/a><\/video><\/div>","protected":false},"featured_media":1053,"template":"","meta":{"_kad_post_transparent":"default","_kad_post_title":"hide","_kad_post_layout":"fullwidth","_kad_post_sidebar_id":"","_kad_post_content_style":"unboxed","_kad_post_vertical_padding":"hide","_kad_post_feature":"hide","_kad_post_feature_position":"","_kad_post_header":false,"_kad_post_footer":false},"product_cat":[68,77,74],"product_tag":[279,208,282,306,305,281,304,280],"class_list":{"0":"post-1052","1":"product","2":"type-product","3":"status-publish","4":"has-post-thumbnail","6":"product_cat-custom-canopy-tents","7":"product_cat-10x20ft-pop-up-canopies-50mm-heavy-duty-hexagon-aluminum-tents-custom-canopy-tents","8":"product_cat-50mm-heavy-duty-hexagon-aluminum-tents","9":"product_tag-10x15ft-hexagonal-pop-up-canopy-tent","10":"product_tag-10x20ft-pop-up-canopies","11":"product_tag-50mm-hexagonal-pop-up-canopy","12":"product_tag-50mm-hexagonal-pop-up-canopies","13":"product_tag-aluminum-canopies-pop-up-canopies","14":"product_tag-aluminum-frame-pop-up-canopy-tent","15":"product_tag-hexagonal-aluminum-canopies","16":"product_tag-hexagonal-pop-up-canopy-tent","18":"first","19":"instock","20":"shipping-taxable","21":"product-type-simple","22":"entry","23":"content-bg","24":"loop-entry"},"_links":{"self":[{"href":"https:\/\/cmykprinted.com\/fr\/wp-json\/wp\/v2\/product\/1052","targetHints":{"allow":["GET"]}}],"collection":[{"href":"https:\/\/cmykprinted.com\/fr\/wp-json\/wp\/v2\/product"}],"about":[{"href":"https:\/\/cmykprinted.com\/fr\/wp-json\/wp\/v2\/types\/product"}],"version-history":[{"count":2,"href":"https:\/\/cmykprinted.com\/fr\/wp-json\/wp\/v2\/product\/1052\/revisions"}],"predecessor-version":[{"id":1059,"href":"https:\/\/cmykprinted.com\/fr\/wp-json\/wp\/v2\/product\/1052\/revisions\/1059"}],"wp:featuredmedia":[{"embeddable":true,"href":"https:\/\/cmykprinted.com\/fr\/wp-json\/wp\/v2\/media\/1053"}],"wp:attachment":[{"href":"https:\/\/cmykprinted.com\/fr\/wp-json\/wp\/v2\/media?parent=1052"}],"wp:term":[{"taxonomy":"product_cat","embeddable":true,"href":"https:\/\/cmykprinted.com\/fr\/wp-json\/wp\/v2\/product_cat?post=1052"},{"taxonomy":"product_tag","embeddable":true,"href":"https:\/\/cmykprinted.com\/fr\/wp-json\/wp\/v2\/product_tag?post=1052"}],"curies":[{"name":"wp","href":"https:\/\/api.w.org\/{rel}","templated":true}]}}