{"id":1060,"date":"2023-02-13T07:46:21","date_gmt":"2023-02-13T07:46:21","guid":{"rendered":"https:\/\/cmykprinted.com\/?post_type=product&#038;p=1060"},"modified":"2023-02-13T07:55:50","modified_gmt":"2023-02-13T07:55:50","slug":"custom-printed-exhibit-fitted-table-cover-fitted-tablecloth","status":"publish","type":"product","link":"https:\/\/cmykprinted.com\/fr\/produit\/custom-printed-exhibit-fitted-table-cover-fitted-tablecloth\/","title":{"rendered":"Nappe ajust\u00e9e de couverture de table ajust\u00e9e d&#039;exposition imprim\u00e9e par coutume"},"content":{"rendered":"","protected":false},"excerpt":{"rendered":"<p>La couverture de table ajust\u00e9e est con\u00e7ue avec pr\u00e9cision pour s&#039;adapter sur des tables rectangulaires de 72 pouces de longueur, 30 pouces de largeur et 30 pouces de hauteur, qu&#039;il s&#039;agisse d&#039;une table pliante ou de banquet. Cette nappe rectangulaire polyvalente est parfaite pour les \u00e9v\u00e9nements tels que les mariages, les anniversaires, les douches, les r\u00e9p\u00e9titions de d\u00eener et m\u00eame les r\u00e9unions de famille. Fabriqu\u00e9e \u00e0 partir de polyester extensible de qualit\u00e9 sup\u00e9rieure, cette nappe ajust\u00e9e en spandex de 6 pieds est con\u00e7ue pour durer et b\u00e9n\u00e9ficie d&#039;une construction durable qui r\u00e9siste aux plis et aux taches. De plus, cette nappe peut \u00eatre lav\u00e9e plusieurs fois, ce qui en fait une option \u00e9conomique pour les organisateurs d&#039;\u00e9v\u00e9nements ou les propri\u00e9taires. Rehaussez votre table avec l&#039;ajout \u00e9l\u00e9gant et pratique de notre nappe ajust\u00e9e en spandex, adapt\u00e9e aux \u00e9v\u00e9nements formels et informels.<\/p>\n<div style=\"width: 1290px;\" class=\"wp-video\"><!--[if lt IE 9]><script>document.createElement('video');<\/script><![endif]--><br \/>\n<video class=\"wp-video-shortcode\" id=\"video-1060-1\" width=\"1290\" height=\"726\" loop autoplay preload=\"auto\" controls=\"controls\"><source type=\"video\/mp4\" src=\"http:\/\/cmykprinted.com\/wp-content\/uploads\/2023\/02\/Fitted-Table-Cover.mp4?_=1\" \/><a href=\"http:\/\/cmykprinted.com\/wp-content\/uploads\/2023\/02\/Fitted-Table-Cover.mp4\">http:\/\/cmykprinted.com\/wp-content\/uploads\/2023\/02\/Fitted-Table-Cover.mp4<\/a><\/video><\/div>","protected":false},"featured_media":1061,"template":"","meta":{"_kad_post_transparent":"default","_kad_post_title":"hide","_kad_post_layout":"fullwidth","_kad_post_sidebar_id":"","_kad_post_content_style":"unboxed","_kad_post_vertical_padding":"hide","_kad_post_feature":"hide","_kad_post_feature_position":"","_kad_post_header":false,"_kad_post_footer":false},"product_cat":[80,81,83],"product_tag":[157,307,308,185,265],"class_list":{"0":"post-1060","1":"product","2":"type-product","3":"status-publish","4":"has-post-thumbnail","6":"product_cat-custom-tablecloth","7":"product_cat-custom-stretch-tablecloth","8":"product_cat-fitted-table-cover","9":"product_tag-custom-table-cover","10":"product_tag-exhibit-table-cover","11":"product_tag-exhibit-table-tablecloth","12":"product_tag-fitted-table-cover","13":"product_tag-fitted-tablecloth","15":"first","16":"instock","17":"shipping-taxable","18":"product-type-simple","19":"entry","20":"content-bg","21":"loop-entry"},"_links":{"self":[{"href":"https:\/\/cmykprinted.com\/fr\/wp-json\/wp\/v2\/product\/1060","targetHints":{"allow":["GET"]}}],"collection":[{"href":"https:\/\/cmykprinted.com\/fr\/wp-json\/wp\/v2\/product"}],"about":[{"href":"https:\/\/cmykprinted.com\/fr\/wp-json\/wp\/v2\/types\/product"}],"version-history":[{"count":1,"href":"https:\/\/cmykprinted.com\/fr\/wp-json\/wp\/v2\/product\/1060\/revisions"}],"predecessor-version":[{"id":1068,"href":"https:\/\/cmykprinted.com\/fr\/wp-json\/wp\/v2\/product\/1060\/revisions\/1068"}],"wp:featuredmedia":[{"embeddable":true,"href":"https:\/\/cmykprinted.com\/fr\/wp-json\/wp\/v2\/media\/1061"}],"wp:attachment":[{"href":"https:\/\/cmykprinted.com\/fr\/wp-json\/wp\/v2\/media?parent=1060"}],"wp:term":[{"taxonomy":"product_cat","embeddable":true,"href":"https:\/\/cmykprinted.com\/fr\/wp-json\/wp\/v2\/product_cat?post=1060"},{"taxonomy":"product_tag","embeddable":true,"href":"https:\/\/cmykprinted.com\/fr\/wp-json\/wp\/v2\/product_tag?post=1060"}],"curies":[{"name":"wp","href":"https:\/\/api.w.org\/{rel}","templated":true}]}}