{"id":1069,"date":"2023-02-13T13:14:04","date_gmt":"2023-02-13T13:14:04","guid":{"rendered":"https:\/\/cmykprinted.com\/?post_type=product&#038;p=1069"},"modified":"2023-02-13T13:33:15","modified_gmt":"2023-02-13T13:33:15","slug":"heavy-duty-premium-custom-pvc-banner-with-hanging-grommets","status":"publish","type":"product","link":"https:\/\/cmykprinted.com\/fr\/produit\/heavy-duty-premium-custom-pvc-banner-with-hanging-grommets\/","title":{"rendered":"Banni\u00e8re en PVC personnalis\u00e9e de qualit\u00e9 sup\u00e9rieure avec \u0153illets suspendus"},"content":{"rendered":"","protected":false},"excerpt":{"rendered":"<p>Si vous recherchez une solution publicitaire fiable et durable pour votre entreprise, pensez \u00e0 nos banni\u00e8res PVC personnalis\u00e9es. Fabriqu\u00e9es \u00e0 partir d&#039;un mat\u00e9riau flexible en PVC robuste, ces banni\u00e8res offrent une excellente r\u00e9sistance et durabilit\u00e9 contre les \u00e9l\u00e9ments ext\u00e9rieurs agressifs, ce qui les rend id\u00e9ales pour une utilisation en ext\u00e9rieur.<br \/>\nQue vous souhaitiez promouvoir un \u00e9v\u00e9nement, pr\u00e9senter vos produits ou services, ou simplement partager des informations importantes avec votre public, nos banni\u00e8res en PVC personnalis\u00e9es sont un choix efficace et rentable. Leur nature durable leur permet de r\u00e9sister aux \u00e9l\u00e9ments et de fournir un service \u00e0 long terme, vous pouvez donc les r\u00e9utiliser chaque fois que n\u00e9cessaire.<br \/>\nL&#039;un des avantages de l&#039;utilisation de banni\u00e8res en PVC personnalis\u00e9es est qu&#039;elles peuvent vous aider \u00e0 r\u00e9duire vos d\u00e9penses publicitaires globales. Leur nature durable et durable signifie que vous n&#039;aurez pas \u00e0 vous soucier des achats ou des remplacements fr\u00e9quents, ce qui vous fera gagner du temps et de l&#039;argent \u00e0 long terme tout en garantissant que vos banni\u00e8res restent en parfait \u00e9tat et continuent de promouvoir efficacement votre entreprise.<br \/>\nEn conclusion, les banni\u00e8res en PVC personnalis\u00e9es sont une option fiable et rentable pour la publicit\u00e9 de votre entreprise \u00e0 l&#039;ext\u00e9rieur. Leur mat\u00e9riau robuste et leur construction durable les rendent adapt\u00e9s \u00e0 une utilisation \u00e0 long terme, vous aidant \u00e0 atteindre vos objectifs publicitaires tout en \u00e9conomisant de l&#039;argent.<\/p>\n<div style=\"width: 1280px;\" class=\"wp-video\"><!--[if lt IE 9]><script>document.createElement('video');<\/script><![endif]--><br \/>\n<video class=\"wp-video-shortcode\" id=\"video-1069-1\" width=\"1280\" height=\"720\" loop autoplay preload=\"metadata\" controls=\"controls\"><source type=\"video\/mp4\" src=\"http:\/\/cmykprinted.com\/wp-content\/uploads\/2022\/12\/PVC-Mesh-Banner.mp4?_=1\" \/><a href=\"http:\/\/cmykprinted.com\/wp-content\/uploads\/2022\/12\/PVC-Mesh-Banner.mp4\">http:\/\/cmykprinted.com\/wp-content\/uploads\/2022\/12\/PVC-Mesh-Banner.mp4<\/a><\/video><\/div>","protected":false},"featured_media":1070,"template":"","meta":{"_kad_post_transparent":"default","_kad_post_title":"hide","_kad_post_layout":"fullwidth","_kad_post_sidebar_id":"","_kad_post_content_style":"unboxed","_kad_post_vertical_padding":"hide","_kad_post_feature":"hide","_kad_post_feature_position":"","_kad_post_header":false,"_kad_post_footer":false},"product_cat":[85,90,91,89,88],"product_tag":[310,309,311,312],"class_list":{"0":"post-1069","1":"product","2":"type-product","3":"status-publish","4":"has-post-thumbnail","6":"product_cat-outdoor-vinyl-banners","7":"product_cat-glossy-pvc-banners","8":"product_cat-matte-vinyl-banners","9":"product_cat-pvc-banners","10":"product_cat-pvc-mesh-banners","11":"product_tag-banner-with-hanging-grommets","12":"product_tag-custom-pvc-banner","13":"product_tag-heavy-duty-pvc-banner","14":"product_tag-premium-pvc-banner","16":"first","17":"instock","18":"shipping-taxable","19":"product-type-simple","20":"entry","21":"content-bg","22":"loop-entry"},"_links":{"self":[{"href":"https:\/\/cmykprinted.com\/fr\/wp-json\/wp\/v2\/product\/1069","targetHints":{"allow":["GET"]}}],"collection":[{"href":"https:\/\/cmykprinted.com\/fr\/wp-json\/wp\/v2\/product"}],"about":[{"href":"https:\/\/cmykprinted.com\/fr\/wp-json\/wp\/v2\/types\/product"}],"version-history":[{"count":2,"href":"https:\/\/cmykprinted.com\/fr\/wp-json\/wp\/v2\/product\/1069\/revisions"}],"predecessor-version":[{"id":1077,"href":"https:\/\/cmykprinted.com\/fr\/wp-json\/wp\/v2\/product\/1069\/revisions\/1077"}],"wp:featuredmedia":[{"embeddable":true,"href":"https:\/\/cmykprinted.com\/fr\/wp-json\/wp\/v2\/media\/1070"}],"wp:attachment":[{"href":"https:\/\/cmykprinted.com\/fr\/wp-json\/wp\/v2\/media?parent=1069"}],"wp:term":[{"taxonomy":"product_cat","embeddable":true,"href":"https:\/\/cmykprinted.com\/fr\/wp-json\/wp\/v2\/product_cat?post=1069"},{"taxonomy":"product_tag","embeddable":true,"href":"https:\/\/cmykprinted.com\/fr\/wp-json\/wp\/v2\/product_tag?post=1069"}],"curies":[{"name":"wp","href":"https:\/\/api.w.org\/{rel}","templated":true}]}}