{"id":1095,"date":"2023-02-13T15:30:16","date_gmt":"2023-02-13T15:30:16","guid":{"rendered":"https:\/\/cmykprinted.com\/?post_type=product&#038;p=1095"},"modified":"2023-02-13T15:34:49","modified_gmt":"2023-02-13T15:34:49","slug":"waterproof-custom-uv-3d-metal-transfer-stickers-labels","status":"publish","type":"product","link":"https:\/\/cmykprinted.com\/fr\/produit\/waterproof-custom-uv-3d-metal-transfer-stickers-labels\/","title":{"rendered":"\u00c9tiquettes imperm\u00e9ables faites sur commande d&#039;autocollants de transfert en m\u00e9tal UV 3D"},"content":{"rendered":"","protected":false},"excerpt":{"rendered":"<p>Les autocollants de transfert de m\u00e9tal 3D offrent une solution d&#039;\u00e9tiquetage unique et \u00e9l\u00e9gante, utilisant une feuille de nickel solide pour cr\u00e9er un effet 3D. Le mat\u00e9riau en exc\u00e8s est coup\u00e9 du design, ce qui donne une apparence \u00e9l\u00e9gante et sophistiqu\u00e9e avec un look \u00ab sans \u00e9tiquette \u00bb. Parfaits pour les produits haut de gamme ou le commerce \u00e9lectronique, les autocollants sont produits en imprimant le motif sur une feuille de nickel gr\u00e2ce \u00e0 un processus d&#039;impression sp\u00e9cialis\u00e9. Apr\u00e8s avoir retir\u00e9 l&#039;exc\u00e9dent de mat\u00e9riau, les \u00e9l\u00e9ments en relief sont recouverts d&#039;une couche adh\u00e9sive, ce qui les rend adapt\u00e9s \u00e0 une application sur diverses surfaces telles que le plastique, le m\u00e9tal et le papier.<br \/>\nL&#039;un des principaux avantages de ces autocollants de transfert de m\u00e9tal 3D est leur durabilit\u00e9. Fabriqu\u00e9s \u00e0 partir de nickel r\u00e9sistant \u00e0 la corrosion, ils peuvent r\u00e9sister \u00e0 l&#039;usure tout en conservant leur qualit\u00e9 dans le temps. De plus, ils r\u00e9sistent \u00e0 la d\u00e9coloration et \u00e0 la d\u00e9coloration, garantissant une solution d&#039;\u00e9tiquetage durable. L&#039;effet 3D de ces autocollants ajoute \u00e9galement une touche attrayante et distinctive \u00e0 l&#039;emballage ou \u00e0 la marque de votre produit.<\/p>\n<div style=\"width: 1280px;\" class=\"wp-video\"><!--[if lt IE 9]><script>document.createElement('video');<\/script><![endif]--><br \/>\n<video class=\"wp-video-shortcode\" id=\"video-1095-1\" width=\"1280\" height=\"720\" loop autoplay preload=\"metadata\" controls=\"controls\"><source type=\"video\/mp4\" src=\"http:\/\/cmykprinted.com\/wp-content\/uploads\/2022\/12\/Metal-Transfer-Sticker.mp4?_=1\" \/><a href=\"http:\/\/cmykprinted.com\/wp-content\/uploads\/2022\/12\/Metal-Transfer-Sticker.mp4\">http:\/\/cmykprinted.com\/wp-content\/uploads\/2022\/12\/Metal-Transfer-Sticker.mp4<\/a><\/video><\/div>\n<p>&nbsp;<\/p>","protected":false},"featured_media":1096,"template":"","meta":{"_kad_post_transparent":"default","_kad_post_title":"hide","_kad_post_layout":"fullwidth","_kad_post_sidebar_id":"","_kad_post_content_style":"unboxed","_kad_post_vertical_padding":"hide","_kad_post_feature":"hide","_kad_post_feature_position":"","_kad_post_header":false,"_kad_post_footer":false},"product_cat":[101,102],"product_tag":[299],"class_list":{"0":"post-1095","1":"product","2":"type-product","3":"status-publish","4":"has-post-thumbnail","6":"product_cat-transfer-stickers","7":"product_cat-metal-transfer-stickers","8":"product_tag-3d-metal-transfer-stickers","10":"first","11":"instock","12":"shipping-taxable","13":"product-type-simple","14":"entry","15":"content-bg","16":"loop-entry"},"_links":{"self":[{"href":"https:\/\/cmykprinted.com\/fr\/wp-json\/wp\/v2\/product\/1095","targetHints":{"allow":["GET"]}}],"collection":[{"href":"https:\/\/cmykprinted.com\/fr\/wp-json\/wp\/v2\/product"}],"about":[{"href":"https:\/\/cmykprinted.com\/fr\/wp-json\/wp\/v2\/types\/product"}],"version-history":[{"count":2,"href":"https:\/\/cmykprinted.com\/fr\/wp-json\/wp\/v2\/product\/1095\/revisions"}],"predecessor-version":[{"id":1103,"href":"https:\/\/cmykprinted.com\/fr\/wp-json\/wp\/v2\/product\/1095\/revisions\/1103"}],"wp:featuredmedia":[{"embeddable":true,"href":"https:\/\/cmykprinted.com\/fr\/wp-json\/wp\/v2\/media\/1096"}],"wp:attachment":[{"href":"https:\/\/cmykprinted.com\/fr\/wp-json\/wp\/v2\/media?parent=1095"}],"wp:term":[{"taxonomy":"product_cat","embeddable":true,"href":"https:\/\/cmykprinted.com\/fr\/wp-json\/wp\/v2\/product_cat?post=1095"},{"taxonomy":"product_tag","embeddable":true,"href":"https:\/\/cmykprinted.com\/fr\/wp-json\/wp\/v2\/product_tag?post=1095"}],"curies":[{"name":"wp","href":"https:\/\/api.w.org\/{rel}","templated":true}]}}