{"id":1965,"date":"2024-03-27T04:06:25","date_gmt":"2024-03-27T04:06:25","guid":{"rendered":"https:\/\/cmykprinted.com\/?post_type=product&#038;p=1965"},"modified":"2024-03-27T07:33:30","modified_gmt":"2024-03-27T07:33:30","slug":"full-color-custom-printed-flags-with-sleeve","status":"publish","type":"product","link":"https:\/\/cmykprinted.com\/fr\/produit\/drapeaux-imprimes-personnalises-en-couleurs-avec-manchon\/","title":{"rendered":"Drapeaux imprim\u00e9s personnalis\u00e9s en couleur avec manchon"},"content":{"rendered":"","protected":false},"excerpt":{"rendered":"<p>MOQ\u00a0:\u00a01\u00a0pi\u00e8ces<\/p>\n<p>M\u00e9thode d&#039;impression\u00a0: impression par sublimation ou impression num\u00e9rique<\/p>\n<p>Des impressions simple face ou double face (le recto et le verso seront imprim\u00e9s dans les m\u00eames couleurs) sont disponibles.<\/p>\n<p>Service de conception gratuit et co\u00fbt d\u2019\u00e9chantillonnage bon march\u00e9 avec un d\u00e9lai d\u2019ex\u00e9cution rapide.<\/p>\n<p>De nombreux tissus de qualit\u00e9 diff\u00e9rente \u00e0 choisir, tels que des drapeaux en tissu polyester 100D, des drapeaux tricot\u00e9s 110 g, des drapeaux en tissu satin\u00e9 120 g, des drapeaux en tissu tricot\u00e9 250 g.<\/p>\n<p>Option finie : bord ourl\u00e9 avec \u0153illets, ou manchon pour poteau, cintre en D en plastique.<\/p>\n<p>Drapeaux imprim\u00e9s de taille personnalis\u00e9e\/personnalis\u00e9e.<\/p>\n<p>&nbsp;<\/p>\n<p>&nbsp;<\/p>\n<p>&nbsp;<\/p>\n<p>&nbsp;<\/p>","protected":false},"featured_media":1974,"template":"","meta":{"_kad_post_transparent":"default","_kad_post_title":"hide","_kad_post_layout":"fullwidth","_kad_post_sidebar_id":"","_kad_post_content_style":"unboxed","_kad_post_vertical_padding":"hide","_kad_post_feature":"hide","_kad_post_feature_position":"","_kad_post_header":false,"_kad_post_footer":false},"product_cat":[79],"product_tag":[391,389,392,393,390],"class_list":{"0":"post-1965","1":"product","2":"type-product","3":"status-publish","4":"has-post-thumbnail","6":"product_cat-custom-flags","7":"product_tag-custom-flag-printing","8":"product_tag-custom-printed-flags","9":"product_tag-flag-printing","10":"product_tag-flag-printing-sailing-flags","11":"product_tag-full-color-printed-flag","13":"first","14":"instock","15":"shipping-taxable","16":"product-type-simple","17":"entry","18":"content-bg","19":"loop-entry"},"_links":{"self":[{"href":"https:\/\/cmykprinted.com\/fr\/wp-json\/wp\/v2\/product\/1965","targetHints":{"allow":["GET"]}}],"collection":[{"href":"https:\/\/cmykprinted.com\/fr\/wp-json\/wp\/v2\/product"}],"about":[{"href":"https:\/\/cmykprinted.com\/fr\/wp-json\/wp\/v2\/types\/product"}],"version-history":[{"count":1,"href":"https:\/\/cmykprinted.com\/fr\/wp-json\/wp\/v2\/product\/1965\/revisions"}],"predecessor-version":[{"id":1973,"href":"https:\/\/cmykprinted.com\/fr\/wp-json\/wp\/v2\/product\/1965\/revisions\/1973"}],"wp:featuredmedia":[{"embeddable":true,"href":"https:\/\/cmykprinted.com\/fr\/wp-json\/wp\/v2\/media\/1974"}],"wp:attachment":[{"href":"https:\/\/cmykprinted.com\/fr\/wp-json\/wp\/v2\/media?parent=1965"}],"wp:term":[{"taxonomy":"product_cat","embeddable":true,"href":"https:\/\/cmykprinted.com\/fr\/wp-json\/wp\/v2\/product_cat?post=1965"},{"taxonomy":"product_tag","embeddable":true,"href":"https:\/\/cmykprinted.com\/fr\/wp-json\/wp\/v2\/product_tag?post=1965"}],"curies":[{"name":"wp","href":"https:\/\/api.w.org\/{rel}","templated":true}]}}