{"id":1975,"date":"2024-03-28T09:29:25","date_gmt":"2024-03-28T09:29:25","guid":{"rendered":"https:\/\/cmykprinted.com\/?post_type=product&#038;p=1975"},"modified":"2024-03-28T10:00:58","modified_gmt":"2024-03-28T10:00:58","slug":"best-custom-polyester-nylon-flags-for-indoor-and-outdoor","status":"publish","type":"product","link":"https:\/\/cmykprinted.com\/fr\/produit\/meilleur-drapeaux-en-polyester-nylon-personnalises-pour-linterieur-et-lexterieur\/","title":{"rendered":"Meilleurs drapeaux en nylon polyester personnalis\u00e9s pour l&#039;int\u00e9rieur et l&#039;ext\u00e9rieur"},"content":{"rendered":"","protected":false},"excerpt":{"rendered":"<p>Les drapeaux sur mesure constituent un puissant atout promotionnel, tirant parti de teintes vives et de mouvements dynamiques pour captiver l\u2019attention et am\u00e9liorer la visibilit\u00e9. Diff\u00e9rentes techniques d&#039;impression sont disponibles pour la personnalisation, telles que l&#039;impression num\u00e9rique (impression \u00e0 l&#039;eau sur nylon), la s\u00e9rigraphie et l&#039;impression par sublimation thermique. Chez Golden Mouth Advertising Factory, nous optons pour la s\u00e9rigraphie ou l&#039;impression num\u00e9rique sur du nylon 200\/210D ou du polyester tricot\u00e9, en s\u00e9lectionnant le mat\u00e9riau et la m\u00e9thode d&#039;impression en fonction du budget du client, des sp\u00e9cifications des illustrations et des exigences de quantit\u00e9 de drapeau. Bien que nous utilisions la m\u00e9thode d&#039;impression par sublimation, sa p\u00e9n\u00e9tration limit\u00e9e de l&#039;encre la rend plus adapt\u00e9e aux projets d&#039;impression alternatifs sur tissus tels que les fonds personnalis\u00e9s et les nappes. Pour les drapeaux imprim\u00e9s personnalis\u00e9s, nous utilisons g\u00e9n\u00e9ralement l\u2019impression num\u00e9rique, de cette fa\u00e7on, le prix est le moins cher.<\/p>\n<p>&nbsp;<\/p>\n<p>&nbsp;<\/p>\n<p>&nbsp;<\/p>\n<p>&nbsp;<\/p>\n<p>&nbsp;<\/p>\n<p>&nbsp;<\/p>","protected":false},"featured_media":1976,"template":"","meta":{"_kad_post_transparent":"default","_kad_post_title":"hide","_kad_post_layout":"fullwidth","_kad_post_sidebar_id":"","_kad_post_content_style":"unboxed","_kad_post_vertical_padding":"hide","_kad_post_feature":"hide","_kad_post_feature_position":"","_kad_post_header":false,"_kad_post_footer":false},"product_cat":[79],"product_tag":[394,389,397,396,399,395,398],"class_list":{"0":"post-1975","1":"product","2":"type-product","3":"status-publish","4":"has-post-thumbnail","6":"product_cat-custom-flags","7":"product_tag-custom-polyester-nylon-flags","8":"product_tag-custom-printed-flags","9":"product_tag-dye-sublimation-printing-flags","10":"product_tag-flags-printing","11":"product_tag-knitted-fabric-flags","12":"product_tag-nylon-flags","13":"product_tag-polyester-flags","15":"first","16":"instock","17":"shipping-taxable","18":"product-type-simple","19":"entry","20":"content-bg","21":"loop-entry"},"_links":{"self":[{"href":"https:\/\/cmykprinted.com\/fr\/wp-json\/wp\/v2\/product\/1975","targetHints":{"allow":["GET"]}}],"collection":[{"href":"https:\/\/cmykprinted.com\/fr\/wp-json\/wp\/v2\/product"}],"about":[{"href":"https:\/\/cmykprinted.com\/fr\/wp-json\/wp\/v2\/types\/product"}],"version-history":[{"count":1,"href":"https:\/\/cmykprinted.com\/fr\/wp-json\/wp\/v2\/product\/1975\/revisions"}],"predecessor-version":[{"id":1983,"href":"https:\/\/cmykprinted.com\/fr\/wp-json\/wp\/v2\/product\/1975\/revisions\/1983"}],"wp:featuredmedia":[{"embeddable":true,"href":"https:\/\/cmykprinted.com\/fr\/wp-json\/wp\/v2\/media\/1976"}],"wp:attachment":[{"href":"https:\/\/cmykprinted.com\/fr\/wp-json\/wp\/v2\/media?parent=1975"}],"wp:term":[{"taxonomy":"product_cat","embeddable":true,"href":"https:\/\/cmykprinted.com\/fr\/wp-json\/wp\/v2\/product_cat?post=1975"},{"taxonomy":"product_tag","embeddable":true,"href":"https:\/\/cmykprinted.com\/fr\/wp-json\/wp\/v2\/product_tag?post=1975"}],"curies":[{"name":"wp","href":"https:\/\/api.w.org\/{rel}","templated":true}]}}