{"id":1984,"date":"2024-04-01T06:08:08","date_gmt":"2024-04-01T06:08:08","guid":{"rendered":"https:\/\/cmykprinted.com\/?post_type=product&#038;p=1984"},"modified":"2024-04-01T06:37:28","modified_gmt":"2024-04-01T06:37:28","slug":"nickel-metallic-transfer-sticker-label-with-strong-adhesive","status":"publish","type":"product","link":"https:\/\/cmykprinted.com\/fr\/produit\/etiquette-autocollante-de-transfert-metallique-de-nickel-avec-un-adhesif-fort\/","title":{"rendered":"\u00c9tiquette autocollante de transfert m\u00e9tallique en nickel avec adh\u00e9sif fort"},"content":{"rendered":"","protected":false},"excerpt":{"rendered":"<p>Qu&#039;est-ce que l&#039;autocollant de transfert m\u00e9tallique 3D\u00a0?<\/p>\n<p>L&#039;autocollant de transfert m\u00e9tallique 3D est compos\u00e9 de nickel m\u00e9tallique et poss\u00e8de un support adh\u00e9sif robuste. Contrairement aux autocollants en vinyle, cet autocollant de transfert est fabriqu\u00e9 \u00e0 partir de nickel, un m\u00e9tal r\u00e9silient et souple r\u00e9put\u00e9 pour sa r\u00e9sistance louable \u00e0 la corrosion.<\/p>\n<p>Cela peut rendre votre logo beaucoup plus brillant et valoris\u00e9.<\/p>\n<p>C&#039;est l&#039;un des moyens les moins chers de faire conna\u00eetre le logo de votre marque afin de permettre \u00e0 vos clients potentiels d&#039;y pr\u00eater attention.<\/p>\n<p>Nos autocollants de transfert m\u00e9talliques peuvent \u00eatre appliqu\u00e9s sur la plupart des surfaces planes et lisses, telles que le verre, le plastique, la c\u00e9ramique, les t\u00f4les, les panneaux de bois, les livres, etc.<\/p>\n<div style=\"width: 1280px;\" class=\"wp-video\"><!--[if lt IE 9]><script>document.createElement('video');<\/script><![endif]--><br \/>\n<video class=\"wp-video-shortcode\" id=\"video-1984-1\" width=\"1280\" height=\"720\" preload=\"metadata\" controls=\"controls\"><source type=\"video\/mp4\" src=\"https:\/\/cmykprinted.com\/wp-content\/uploads\/2024\/04\/custom-transfer-label-2.mp4?_=1\" \/><a href=\"https:\/\/cmykprinted.com\/wp-content\/uploads\/2024\/04\/custom-transfer-label-2.mp4\">https:\/\/cmykprinted.com\/wp-content\/uploads\/2024\/04\/custom-transfer-label-2.mp4<\/a><\/video><\/div>\n<p>&nbsp;<\/p>","protected":false},"featured_media":1985,"template":"","meta":{"_kad_post_transparent":"default","_kad_post_title":"hide","_kad_post_layout":"fullwidth","_kad_post_sidebar_id":"","_kad_post_content_style":"unboxed","_kad_post_vertical_padding":"hide","_kad_post_feature":"hide","_kad_post_feature_position":"","_kad_post_header":false,"_kad_post_footer":false},"product_cat":[101,102],"product_tag":[299,403,404,401,402,400],"class_list":{"0":"post-1984","1":"product","2":"type-product","3":"status-publish","4":"has-post-thumbnail","6":"product_cat-transfer-stickers","7":"product_cat-metal-transfer-stickers","8":"product_tag-3d-metal-transfer-stickers","9":"product_tag-3d-metallic-transfer-label","10":"product_tag-logo-brand-transfer-label","11":"product_tag-metallic-transfer-sticker-label","12":"product_tag-nickel-metallic-transfer-sticker","13":"product_tag-sticker-label-with-strong-adhesive","15":"first","16":"instock","17":"shipping-taxable","18":"product-type-simple","19":"entry","20":"content-bg","21":"loop-entry"},"_links":{"self":[{"href":"https:\/\/cmykprinted.com\/fr\/wp-json\/wp\/v2\/product\/1984","targetHints":{"allow":["GET"]}}],"collection":[{"href":"https:\/\/cmykprinted.com\/fr\/wp-json\/wp\/v2\/product"}],"about":[{"href":"https:\/\/cmykprinted.com\/fr\/wp-json\/wp\/v2\/types\/product"}],"version-history":[{"count":1,"href":"https:\/\/cmykprinted.com\/fr\/wp-json\/wp\/v2\/product\/1984\/revisions"}],"predecessor-version":[{"id":1992,"href":"https:\/\/cmykprinted.com\/fr\/wp-json\/wp\/v2\/product\/1984\/revisions\/1992"}],"wp:featuredmedia":[{"embeddable":true,"href":"https:\/\/cmykprinted.com\/fr\/wp-json\/wp\/v2\/media\/1985"}],"wp:attachment":[{"href":"https:\/\/cmykprinted.com\/fr\/wp-json\/wp\/v2\/media?parent=1984"}],"wp:term":[{"taxonomy":"product_cat","embeddable":true,"href":"https:\/\/cmykprinted.com\/fr\/wp-json\/wp\/v2\/product_cat?post=1984"},{"taxonomy":"product_tag","embeddable":true,"href":"https:\/\/cmykprinted.com\/fr\/wp-json\/wp\/v2\/product_tag?post=1984"}],"curies":[{"name":"wp","href":"https:\/\/api.w.org\/{rel}","templated":true}]}}