{"id":1994,"date":"2024-04-07T09:49:47","date_gmt":"2024-04-07T09:49:47","guid":{"rendered":"https:\/\/cmykprinted.com\/?post_type=product&#038;p=1994"},"modified":"2024-04-07T10:12:36","modified_gmt":"2024-04-07T10:12:36","slug":"12oz-double-sided-printed-fabric-banners","status":"publish","type":"product","link":"https:\/\/cmykprinted.com\/fr\/produit\/12oz-double-face-imprime-bannieres-en-tissu\/","title":{"rendered":"Banni\u00e8res en tissu imprim\u00e9 double face de 12 oz"},"content":{"rendered":"","protected":false},"excerpt":{"rendered":"<p>Notre usine peut imprimer sur un tissu monocouche double face sans tissu \u00e0 ombre argent\u00e9e moyenne. Ainsi, le double face du tissu sera dans les m\u00eames couleurs imprim\u00e9es.<\/p>\n<p>Les mat\u00e9riaux que nous pouvons choisir sont un tissu tricot\u00e9 en polyester \u00e9pais de 3,9 oz ou 12 oz.<\/p>\n<p>La m\u00e9thode d&#039;impression que nous pouvons utiliser est l&#039;impression num\u00e9rique des deux c\u00f4t\u00e9s du tissu. Les banni\u00e8res en tissu imprim\u00e9 double face seront imperm\u00e9ables et lavables.<\/p>\n<p>Aucune limitation de taille, des banni\u00e8res surdimensionn\u00e9es seront cousues ensemble.<\/p>\n<p>Pour l&#039;option finie, nous pouvons faire des ourlets et des \u0153illets, ou des \u0153illets ou des manchons pour poteau, nous pouvons r\u00e9pondre \u00e0 toutes les exigences personnalis\u00e9es.<\/p>\n<p>Pourquoi nous vous sugg\u00e9rons d&#039;utiliser la banni\u00e8re\/drapeau en tissu \u00e0 une couche, le poids sera l\u00e9ger et facile \u00e0 voler dans les airs. Et son co\u00fbt est \u00e9galement moins cher que les banni\u00e8res en tissu double face \u00e0 3 couches.<\/p>\n<p>Nous pouvons assurer un d\u00e9lai d&#039;ex\u00e9cution rapide.<\/p>\n<p>&nbsp;<\/p>\n<p>&nbsp;<\/p>\n<p>&nbsp;<\/p>\n<p>&nbsp;<\/p>\n<p>&nbsp;<\/p>","protected":false},"featured_media":1995,"template":"","meta":{"_kad_post_transparent":"default","_kad_post_title":"hide","_kad_post_layout":"fullwidth","_kad_post_sidebar_id":"","_kad_post_content_style":"unboxed","_kad_post_vertical_padding":"hide","_kad_post_feature":"hide","_kad_post_feature_position":"","_kad_post_header":false,"_kad_post_footer":false},"product_cat":[79],"product_tag":[409,405,407,408,406],"class_list":{"0":"post-1994","1":"product","2":"type-product","3":"status-publish","4":"has-post-thumbnail","6":"product_cat-custom-flags","7":"product_tag-12-oz-fabric-banners","8":"product_tag-double-sided-fabric-banners","9":"product_tag-double-sided-printed-fabric-banners","10":"product_tag-fabric-banners","11":"product_tag-printed-fabric-banners","13":"first","14":"instock","15":"shipping-taxable","16":"product-type-simple","17":"entry","18":"content-bg","19":"loop-entry"},"_links":{"self":[{"href":"https:\/\/cmykprinted.com\/fr\/wp-json\/wp\/v2\/product\/1994","targetHints":{"allow":["GET"]}}],"collection":[{"href":"https:\/\/cmykprinted.com\/fr\/wp-json\/wp\/v2\/product"}],"about":[{"href":"https:\/\/cmykprinted.com\/fr\/wp-json\/wp\/v2\/types\/product"}],"version-history":[{"count":1,"href":"https:\/\/cmykprinted.com\/fr\/wp-json\/wp\/v2\/product\/1994\/revisions"}],"predecessor-version":[{"id":2001,"href":"https:\/\/cmykprinted.com\/fr\/wp-json\/wp\/v2\/product\/1994\/revisions\/2001"}],"wp:featuredmedia":[{"embeddable":true,"href":"https:\/\/cmykprinted.com\/fr\/wp-json\/wp\/v2\/media\/1995"}],"wp:attachment":[{"href":"https:\/\/cmykprinted.com\/fr\/wp-json\/wp\/v2\/media?parent=1994"}],"wp:term":[{"taxonomy":"product_cat","embeddable":true,"href":"https:\/\/cmykprinted.com\/fr\/wp-json\/wp\/v2\/product_cat?post=1994"},{"taxonomy":"product_tag","embeddable":true,"href":"https:\/\/cmykprinted.com\/fr\/wp-json\/wp\/v2\/product_tag?post=1994"}],"curies":[{"name":"wp","href":"https:\/\/api.w.org\/{rel}","templated":true}]}}