{"id":2081,"date":"2024-05-06T02:31:18","date_gmt":"2024-05-06T02:31:18","guid":{"rendered":"https:\/\/cmykprinted.com\/?post_type=product&#038;p=2081"},"modified":"2024-05-06T04:04:21","modified_gmt":"2024-05-06T04:04:21","slug":"gold-metallic-3d-transfer-stickers","status":"publish","type":"product","link":"https:\/\/cmykprinted.com\/fr\/produit\/autocollants-de-transfert-3d-metalliques-dores\/","title":{"rendered":"Autocollants de transfert 3D m\u00e9talliques dor\u00e9s"},"content":{"rendered":"","protected":false},"excerpt":{"rendered":"<p>Notre usine peut fabriquer deux types d&#039;autocollants de transfert dor\u00e9s, d&#039;autocollants de transfert UV dor\u00e9s et d&#039;\u00e9tiquettes de transfert m\u00e9talliques dor\u00e9es. \u00c0 partir de la fonctionnalit\u00e9 ci-dessous de deux types d&#039;\u00e9tiquettes de transfert, vous conna\u00eetrez la diff\u00e9rence\u00a0:<\/p>\n<p><strong>Autocollant de transfert UV dor\u00e9\u00a0:<\/strong><\/p>\n<ul>\n<li style=\"text-align: left;\">L&#039;ENCRE est de couleur or, donc la couleur or imprim\u00e9e ressemble \u00e0 de l&#039;or m\u00e9tallique. Mais elle n&#039;est pas m\u00e9tallique.<\/li>\n<li>Le plus grand format que nous pouvons imprimer est A4 (28*30 CM)<\/li>\n<li>Imperm\u00e9able et r\u00e9sistant aux rayures<\/li>\n<li>Application\u00a0: plastique, bois, m\u00e9tal, surface de la bo\u00eete d&#039;emballage, telle qu&#039;un pot, une bouteille, une tasse, un bouchon de s\u00e9curit\u00e9, un produit \u00e9lectronique, etc., tant que la surface est lisse et propre, nos autocollants de transfert UV peuvent fonctionner dessus.<\/li>\n<li>D\u00e9lai d&#039;ex\u00e9cution rapide\u00a0: production en vrac de 2 \u00e0 3 jours et une semaine dans le monde entier avec un service porte \u00e0 porte DHL, Fedex ou UPS.<\/li>\n<\/ul>\n<div style=\"width: 368px;\" class=\"wp-video\"><!--[if lt IE 9]><script>document.createElement('video');<\/script><![endif]--><br \/>\n<video class=\"wp-video-shortcode\" id=\"video-2081-1\" width=\"368\" height=\"640\" preload=\"metadata\" controls=\"controls\"><source type=\"video\/mp4\" src=\"https:\/\/cmykprinted.com\/wp-content\/uploads\/2024\/05\/gold-uv-transfer-decals.mp4?_=1\" \/><a href=\"https:\/\/cmykprinted.com\/wp-content\/uploads\/2024\/05\/gold-uv-transfer-decals.mp4\">https:\/\/cmykprinted.com\/wp-content\/uploads\/2024\/05\/gold-uv-transfer-decals.mp4<\/a><\/video><\/div>\n<p><strong>\u00c9tiquette de transfert m\u00e9tallique dor\u00e9e<\/strong><\/p>\n<ul>\n<li>Le mat\u00e9riau est du vrai nickel m\u00e9tal<\/li>\n<li>L&#039;\u00e9paisseur du logo fini : 0,1 mm<\/li>\n<li>La plus grande taille que nous pouvons faire 17*30 cm (commande minimum : 1 PCS)<\/li>\n<li>Les autocollants de transfert m\u00e9tallique sont plus tridimensionnels (3D) et ont un \u00e9clat m\u00e9tallique par rapport aux autocollants de transfert UV dor\u00e9s, ce qui donne \u00e0 votre marque un aspect plus haut de gamme.<\/li>\n<li>D\u00e9lai d&#039;ex\u00e9cution rapide\u00a0: production en vrac de 2 \u00e0 3 jours et une semaine dans le monde entier avec un service porte \u00e0 porte DHL, Fedex ou UPS.<\/li>\n<li>Impression d&#039;illustration : Fichier vectoriel avec PDF ou EPS, AI<\/li>\n<\/ul>\n<div style=\"width: 480px;\" class=\"wp-video\"><video class=\"wp-video-shortcode\" id=\"video-2081-2\" width=\"480\" height=\"480\" preload=\"metadata\" controls=\"controls\"><source type=\"video\/mp4\" src=\"https:\/\/cmykprinted.com\/wp-content\/uploads\/2024\/05\/Gold-Metallic-Transfer-Stickers.mp4?_=2\" \/><a href=\"https:\/\/cmykprinted.com\/wp-content\/uploads\/2024\/05\/Gold-Metallic-Transfer-Stickers.mp4\">https:\/\/cmykprinted.com\/wp-content\/uploads\/2024\/05\/Gold-Metallic-Transfer-Stickers.mp4<\/a><\/video><\/div>\n<p>&nbsp;<\/p>\n<p>&nbsp;<\/p>","protected":false},"featured_media":2082,"template":"","meta":{"_kad_post_transparent":"default","_kad_post_title":"hide","_kad_post_layout":"fullwidth","_kad_post_sidebar_id":"","_kad_post_content_style":"unboxed","_kad_post_vertical_padding":"hide","_kad_post_feature":"hide","_kad_post_feature_position":"","_kad_post_header":false,"_kad_post_footer":false},"product_cat":[101,102],"product_tag":[141,445,446,444,447,437,448],"class_list":{"0":"post-2081","1":"product","2":"type-product","3":"status-publish","4":"has-post-thumbnail","6":"product_cat-transfer-stickers","7":"product_cat-metal-transfer-stickers","8":"product_tag-custom-uv-transfer-stickers","9":"product_tag-gold-metallic-transfer-stickers","10":"product_tag-gold-uv-transfer-label","11":"product_tag-metallic-3d-transfer-stickers","12":"product_tag-metallic-transfer-stickers","13":"product_tag-silver-metallic-transfer-label","14":"product_tag-uv-transfer-label","16":"first","17":"instock","18":"shipping-taxable","19":"product-type-simple","20":"entry","21":"content-bg","22":"loop-entry"},"_links":{"self":[{"href":"https:\/\/cmykprinted.com\/fr\/wp-json\/wp\/v2\/product\/2081","targetHints":{"allow":["GET"]}}],"collection":[{"href":"https:\/\/cmykprinted.com\/fr\/wp-json\/wp\/v2\/product"}],"about":[{"href":"https:\/\/cmykprinted.com\/fr\/wp-json\/wp\/v2\/types\/product"}],"version-history":[{"count":2,"href":"https:\/\/cmykprinted.com\/fr\/wp-json\/wp\/v2\/product\/2081\/revisions"}],"predecessor-version":[{"id":2089,"href":"https:\/\/cmykprinted.com\/fr\/wp-json\/wp\/v2\/product\/2081\/revisions\/2089"}],"wp:featuredmedia":[{"embeddable":true,"href":"https:\/\/cmykprinted.com\/fr\/wp-json\/wp\/v2\/media\/2082"}],"wp:attachment":[{"href":"https:\/\/cmykprinted.com\/fr\/wp-json\/wp\/v2\/media?parent=2081"}],"wp:term":[{"taxonomy":"product_cat","embeddable":true,"href":"https:\/\/cmykprinted.com\/fr\/wp-json\/wp\/v2\/product_cat?post=2081"},{"taxonomy":"product_tag","embeddable":true,"href":"https:\/\/cmykprinted.com\/fr\/wp-json\/wp\/v2\/product_tag?post=2081"}],"curies":[{"name":"wp","href":"https:\/\/api.w.org\/{rel}","templated":true}]}}