{"id":2094,"date":"2024-05-06T12:36:30","date_gmt":"2024-05-06T12:36:30","guid":{"rendered":"https:\/\/cmykprinted.com\/?post_type=product&#038;p=2094"},"modified":"2024-05-06T12:44:46","modified_gmt":"2024-05-06T12:44:46","slug":"custom-champagne-metallic-logo-transfer-stickers-for-jar","status":"publish","type":"product","link":"https:\/\/cmykprinted.com\/fr\/produit\/autocollants-de-transfert-de-logo-metallique-champagne-personnalises-pour-pot\/","title":{"rendered":"Autocollants de transfert de logo m\u00e9tallique champagne personnalis\u00e9s pour pot"},"content":{"rendered":"","protected":false},"excerpt":{"rendered":"<p><strong>Autocollants de transfert de logo m\u00e9tallique champagne personnalis\u00e9s pour pot\u00a0:<\/strong><br \/>\nLa plus grande taille que nous pouvons faire est de 17*30 cm, si votre logo est de plus petite taille, nous pouvons mettre plusieurs pi\u00e8ces dans une seule feuille.<br \/>\nLes autocollants de transfert m\u00e9talliques de couleur champagne ne ressemblent pas \u00e0 l&#039;autocollant en m\u00e9tal dor\u00e9 si brillant, de nombreux clients n&#039;aiment pas l&#039;effet brillant, ils choisiront donc la couleur champagne or pour imprimer le logo de l&#039;entreprise.<br \/>\nNous pouvons fournir un d\u00e9lai d\u2019ex\u00e9cution rapide (production en vrac de 2 \u00e0 3 jours) et 7 jours de livraison dans le monde entier.<br \/>\nPour le meilleur prix final, veuillez nous contacter par e-mail ou par application, afin que nous puissions d\u00e9terminer le prix. Nous avons besoin de voir votre \u0153uvre d&#039;art avec des informations sur la taille et la quantit\u00e9 et la couleur que vous souhaitez. Si vous ne disposez pas de ces informations, nous ne pouvons pas vous donner le prix.<br \/>\nNos autocollants de transfert m\u00e9talliques personnalis\u00e9s avec adh\u00e9sif permanent puissant de marque 3 M. Vous pouvez essayer avec une commande d&#039;\u00e9chantillon pour voir notre service et notre qualit\u00e9.<\/p>\n<p>&nbsp;<\/p>\n<p>&nbsp;<\/p>\n<div style=\"width: 1280px;\" class=\"wp-video\"><!--[if lt IE 9]><script>document.createElement('video');<\/script><![endif]--><br \/>\n<video class=\"wp-video-shortcode\" id=\"video-2094-1\" width=\"1280\" height=\"720\" preload=\"metadata\" controls=\"controls\"><source type=\"video\/mp4\" src=\"https:\/\/cmykprinted.com\/wp-content\/uploads\/2024\/05\/champagne-metal-transfer-label-1-1.mp4?_=1\" \/><a href=\"https:\/\/cmykprinted.com\/wp-content\/uploads\/2024\/05\/champagne-metal-transfer-label-1-1.mp4\">https:\/\/cmykprinted.com\/wp-content\/uploads\/2024\/05\/champagne-metal-transfer-label-1-1.mp4<\/a><\/video><\/div>\n<p>&nbsp;<\/p>\n<p>&nbsp;<\/p>","protected":false},"featured_media":2090,"template":"","meta":{"_kad_post_transparent":"default","_kad_post_title":"hide","_kad_post_layout":"fullwidth","_kad_post_sidebar_id":"","_kad_post_content_style":"unboxed","_kad_post_vertical_padding":"hide","_kad_post_feature":"hide","_kad_post_feature_position":"","_kad_post_header":false,"_kad_post_footer":false},"product_cat":[101,102],"product_tag":[451,454,450,449,452,453,448],"class_list":{"0":"post-2094","1":"product","2":"type-product","3":"status-publish","4":"has-post-thumbnail","6":"product_cat-transfer-stickers","7":"product_cat-metal-transfer-stickers","8":"product_tag-custom-champagne-metallic-transfer-stickers","9":"product_tag-custom-transfer-stickers","10":"product_tag-metallic-logo-transfer-stickers","11":"product_tag-transfer-stickers-for-jar","12":"product_tag-transfer-stickers-printing","13":"product_tag-uv-dtf-transfer-stickers","14":"product_tag-uv-transfer-label","16":"first","17":"instock","18":"shipping-taxable","19":"product-type-simple","20":"entry","21":"content-bg","22":"loop-entry"},"_links":{"self":[{"href":"https:\/\/cmykprinted.com\/fr\/wp-json\/wp\/v2\/product\/2094","targetHints":{"allow":["GET"]}}],"collection":[{"href":"https:\/\/cmykprinted.com\/fr\/wp-json\/wp\/v2\/product"}],"about":[{"href":"https:\/\/cmykprinted.com\/fr\/wp-json\/wp\/v2\/types\/product"}],"version-history":[{"count":1,"href":"https:\/\/cmykprinted.com\/fr\/wp-json\/wp\/v2\/product\/2094\/revisions"}],"predecessor-version":[{"id":2096,"href":"https:\/\/cmykprinted.com\/fr\/wp-json\/wp\/v2\/product\/2094\/revisions\/2096"}],"wp:featuredmedia":[{"embeddable":true,"href":"https:\/\/cmykprinted.com\/fr\/wp-json\/wp\/v2\/media\/2090"}],"wp:attachment":[{"href":"https:\/\/cmykprinted.com\/fr\/wp-json\/wp\/v2\/media?parent=2094"}],"wp:term":[{"taxonomy":"product_cat","embeddable":true,"href":"https:\/\/cmykprinted.com\/fr\/wp-json\/wp\/v2\/product_cat?post=2094"},{"taxonomy":"product_tag","embeddable":true,"href":"https:\/\/cmykprinted.com\/fr\/wp-json\/wp\/v2\/product_tag?post=2094"}],"curies":[{"name":"wp","href":"https:\/\/api.w.org\/{rel}","templated":true}]}}