{"id":2098,"date":"2024-05-09T08:52:07","date_gmt":"2024-05-09T08:52:07","guid":{"rendered":"https:\/\/cmykprinted.com\/?post_type=product&#038;p=2098"},"modified":"2024-05-09T09:36:29","modified_gmt":"2024-05-09T09:36:29","slug":"custom-metallic-3d-transfer-label-decal-stickers","status":"publish","type":"product","link":"https:\/\/cmykprinted.com\/fr\/produit\/custom-metallic-3d-transfer-label-decal-stickers\/","title":{"rendered":"Autocollants de d\u00e9calcomanie d\u2019\u00e9tiquette de transfert 3D m\u00e9talliques personnalis\u00e9s"},"content":{"rendered":"","protected":false},"excerpt":{"rendered":"<h1><strong>Autocollants de d\u00e9calcomanie d\u2019\u00e9tiquette de transfert 3D m\u00e9talliques personnalis\u00e9s <\/strong><\/h1>\n<ul>\n<li>Exemple de commande\u00a0: 1 feuille (17*30 cm), si votre logo ou votre graphique est petit, nous pouvons mettre plusieurs pi\u00e8ces dans une seule feuille<\/li>\n<li>Applications : Nos \u00e9tiquettes m\u00e9talliques personnalis\u00e9es trouvent des applications dans une vari\u00e9t\u00e9 de secteurs, notamment la parfumerie, la vinification, les contenants de bougies, les bouteilles en verre et divers autres types de bouteilles. Ils sont \u00e9galement utilis\u00e9s dans les \u00e9tuis de t\u00e9l\u00e9phones portables, les appareils \u00e9lectrom\u00e9nagers, les appareils \u00e9lectroniques, les emballages de coffrets cadeaux, les automobiles, les machines et de nombreuses autres industries.<\/li>\n<li>D\u00e9lai d&#039;ex\u00e9cution rapide\u00a0: d\u00e9lai de livraison de l&#039;\u00e9chantillon\u00a0: 3-4 jours et une semaine dans le monde entier avec un service porte \u00e0 porte DHL ou Fedex ou UPS<\/li>\n<li>Prix \u200b\u200bd&#039;usine le moins cher pour une \u00e9tiquette de transfert m\u00e9tallique personnalis\u00e9e<\/li>\n<li>Nous avons diff\u00e9rents adh\u00e9sifs pour que l&#039;autocollant de transfert colle sur diff\u00e9rentes surfaces de mat\u00e9riaux. Vous devez donc nous indiquer ou nous montrer votre produit, afin que nous puissions savoir quel type d&#039;adh\u00e9sif nous devons utiliser. Toutes les surfaces ne peuvent pas fonctionner avec notre adh\u00e9sif puissant. Par exemple, lors du test ci-dessous, il a \u00e9chou\u00e9 avec notre adh\u00e9sif 3 M puissant.<strong> Il est donc essentiel de s\u00e9lectionner une usine suffisamment professionnelle pour coop\u00e9rer ; sinon, ce serait une perte de temps et d\u2019argent pr\u00e9cieux.<\/strong><br \/>\n<figure id=\"attachment_2099\" aria-describedby=\"caption-attachment-2099\" style=\"width: 1280px\" class=\"wp-caption alignnone\"><img fetchpriority=\"high\" decoding=\"async\" class=\"size-full wp-image-2099\" src=\"https:\/\/cmykprinted.com\/wp-content\/uploads\/2024\/05\/custom-metallic-transfer-sticker.jpg\" alt=\"Autocollants de transfert m\u00e9talliques personnalis\u00e9s\" width=\"1280\" height=\"1707\" srcset=\"https:\/\/cmykprinted.com\/wp-content\/uploads\/2024\/05\/custom-metallic-transfer-sticker.jpg 1280w, https:\/\/cmykprinted.com\/wp-content\/uploads\/2024\/05\/custom-metallic-transfer-sticker-225x300.jpg 225w, https:\/\/cmykprinted.com\/wp-content\/uploads\/2024\/05\/custom-metallic-transfer-sticker-768x1024.jpg 768w, https:\/\/cmykprinted.com\/wp-content\/uploads\/2024\/05\/custom-metallic-transfer-sticker-1152x1536.jpg 1152w, https:\/\/cmykprinted.com\/wp-content\/uploads\/2024\/05\/custom-metallic-transfer-sticker-9x12.jpg 9w, https:\/\/cmykprinted.com\/wp-content\/uploads\/2024\/05\/custom-metallic-transfer-sticker-600x800.jpg 600w\" sizes=\"(max-width: 1280px) 100vw, 1280px\" \/><figcaption id=\"caption-attachment-2099\" class=\"wp-caption-text\">Autocollants de transfert m\u00e9talliques personnalis\u00e9s<\/figcaption><\/figure>\n<\/li>\n<\/ul>\n<h2><strong>Pour vous montrer comment transf\u00e9rer votre logo autocollant sur votre produit, assurez-vous de regarder patiemment la vid\u00e9o d&#039;instructions ci-dessous\u00a0:<\/strong><\/h2>\n<div style=\"width: 720px;\" class=\"wp-video\"><!--[if lt IE 9]><script>document.createElement('video');<\/script><![endif]--><br \/>\n<video class=\"wp-video-shortcode\" id=\"video-2098-1\" width=\"720\" height=\"720\" preload=\"metadata\" controls=\"controls\"><source type=\"video\/mp4\" src=\"https:\/\/cmykprinted.com\/wp-content\/uploads\/2024\/05\/how-to-peel-of-the-transfer-label.mp4?_=1\" \/><a href=\"https:\/\/cmykprinted.com\/wp-content\/uploads\/2024\/05\/how-to-peel-of-the-transfer-label.mp4\">https:\/\/cmykprinted.com\/wp-content\/uploads\/2024\/05\/how-to-peel-of-the-transfer-label.mp4<\/a><\/video><\/div>\n<p>&nbsp;<\/p>\n<p>&nbsp;<\/p>","protected":false},"featured_media":2101,"template":"","meta":{"_kad_post_transparent":"default","_kad_post_title":"hide","_kad_post_layout":"fullwidth","_kad_post_sidebar_id":"","_kad_post_content_style":"unboxed","_kad_post_vertical_padding":"hide","_kad_post_feature":"hide","_kad_post_feature_position":"","_kad_post_header":false,"_kad_post_footer":false},"product_cat":[101,102],"product_tag":[460,455,457,459,458,456],"class_list":{"0":"post-2098","1":"product","2":"type-product","3":"status-publish","4":"has-post-thumbnail","6":"product_cat-transfer-stickers","7":"product_cat-metal-transfer-stickers","8":"product_tag-custom-gold-transfer-label-for-bottle","9":"product_tag-custom-metallic-3d-transfer-labels","10":"product_tag-custom-metallic-transfer-decal","11":"product_tag-custom-transfer-sticker-for-wine","12":"product_tag-custom-transfer-stickers-for-perfumes","13":"product_tag-metallic-3d-transfer-label","15":"first","16":"instock","17":"shipping-taxable","18":"product-type-simple","19":"entry","20":"content-bg","21":"loop-entry"},"_links":{"self":[{"href":"https:\/\/cmykprinted.com\/fr\/wp-json\/wp\/v2\/product\/2098","targetHints":{"allow":["GET"]}}],"collection":[{"href":"https:\/\/cmykprinted.com\/fr\/wp-json\/wp\/v2\/product"}],"about":[{"href":"https:\/\/cmykprinted.com\/fr\/wp-json\/wp\/v2\/types\/product"}],"version-history":[{"count":1,"href":"https:\/\/cmykprinted.com\/fr\/wp-json\/wp\/v2\/product\/2098\/revisions"}],"predecessor-version":[{"id":2107,"href":"https:\/\/cmykprinted.com\/fr\/wp-json\/wp\/v2\/product\/2098\/revisions\/2107"}],"wp:featuredmedia":[{"embeddable":true,"href":"https:\/\/cmykprinted.com\/fr\/wp-json\/wp\/v2\/media\/2101"}],"wp:attachment":[{"href":"https:\/\/cmykprinted.com\/fr\/wp-json\/wp\/v2\/media?parent=2098"}],"wp:term":[{"taxonomy":"product_cat","embeddable":true,"href":"https:\/\/cmykprinted.com\/fr\/wp-json\/wp\/v2\/product_cat?post=2098"},{"taxonomy":"product_tag","embeddable":true,"href":"https:\/\/cmykprinted.com\/fr\/wp-json\/wp\/v2\/product_tag?post=2098"}],"curies":[{"name":"wp","href":"https:\/\/api.w.org\/{rel}","templated":true}]}}