{"id":2189,"date":"2024-09-18T13:06:31","date_gmt":"2024-09-18T13:06:31","guid":{"rendered":"https:\/\/cmykprinted.com\/?post_type=product&#038;p=2189"},"modified":"2024-09-19T01:45:11","modified_gmt":"2024-09-19T01:45:11","slug":"full-colors-custom-8-feet-printed-spandex-table-covers","status":"publish","type":"product","link":"https:\/\/cmykprinted.com\/fr\/produit\/couleurs-completes-personnalisees-8-pieds-imprime-spandex-nappes\/","title":{"rendered":"Housses de table en \u00e9lasthanne imprim\u00e9es sur mesure de 8 pieds en couleurs compl\u00e8tes"},"content":{"rendered":"","protected":false},"excerpt":{"rendered":"<p><strong>Nappe en \u00e9lasthanne imprim\u00e9e sur mesure : un affichage parfait pour votre marque<\/strong><\/p>\n<p>Les nappes en \u00e9lasthanne imprim\u00e9es sont devenues un incontournable dans le monde des salons professionnels, des \u00e9v\u00e9nements promotionnels et des pr\u00e9sentoirs de vente au d\u00e9tail. Offrant \u00e0 la fois forme et fonction, ces nappes en \u00e9lasthanne extensibles aux contours \u00e9l\u00e9gants et styl\u00e9s sont con\u00e7ues pour offrir un ajustement parfait, un attrait visuel dynamique et une durabilit\u00e9 in\u00e9gal\u00e9e.<\/p>\n<p><strong>Une coupe sur mesure adapt\u00e9e \u00e0 vos besoins<\/strong><\/p>\n<p>Nos housses de table en \u00e9lasthanne sont disponibles en plusieurs configurations pour r\u00e9pondre \u00e0 vos besoins sp\u00e9cifiques. Que vous ayez besoin d&#039;une housse \u00e0 4 c\u00f4t\u00e9s, d&#039;une housse \u00e0 4 c\u00f4t\u00e9s avec fermeture \u00e9clair pour un acc\u00e8s facile au rangement sous la table ou d&#039;une conception \u00e0 dos ouvert \u00e0 3 c\u00f4t\u00e9s pour permettre \u00e0 un membre du personnel de s&#039;asseoir devant l&#039;\u00e9cran, nous avons ce qu&#039;il vous faut. Le m\u00e9lange de tissu \u00e9lasthanne\/polyester assure une finition ajust\u00e9e et presque sans plis qui a fi\u00e8re allure dans n&#039;importe quel environnement.<\/p>\n<p>Con\u00e7ues pour les \u00e9v\u00e9nements en int\u00e9rieur et en ext\u00e9rieur, ces housses sont tr\u00e8s appr\u00e9ci\u00e9es dans les salons professionnels, les magasins de d\u00e9tail, les \u00e9v\u00e9nements promotionnels et les halls d&#039;entr\u00e9e des entreprises. Les poches renforc\u00e9es pour les jambes et les fermetures \u00e0 glissi\u00e8re robustes sont cousues deux fois pour une durabilit\u00e9 accrue, garantissant que la housse reste bien en place, m\u00eame par temps venteux. Ne vous inqui\u00e9tez plus que votre housse de table s&#039;envole \u00e0 l&#039;ext\u00e9rieur.<\/p>\n<p>Tissu et impression de haute qualit\u00e9 pour un impact maximal<\/p>\n<p>Ce qui distingue nos nappes, c&#039;est la qualit\u00e9 du mat\u00e9riau et du processus d&#039;impression. Fabriqu\u00e9es \u00e0 partir d&#039;un tissu de 280 g\/m\u00b2, nos nappes sont plus \u00e9paisses et plus durables que la plupart des concurrents, et cela se voit dans le produit final. Nous nous concentrons sur chaque d\u00e9tail pour offrir un produit qui d\u00e9passe les attentes.<\/p>\n<p>Les housses renforc\u00e9es en polypropyl\u00e8ne sont extra larges, ce qui garantit qu&#039;elles s&#039;adaptent \u00e0 toutes les configurations de pieds de table. Cette attention m\u00e9ticuleuse \u00e0 la conception rend les housses non seulement durables mais aussi polyvalentes, adapt\u00e9es \u00e0 tout type d&#039;\u00e9v\u00e9nement.<\/p>\n<p>L&#039;une des caract\u00e9ristiques cl\u00e9s de nos nappes en \u00e9lasthanne est l&#039;impression de logos vibrants et de haute qualit\u00e9 qui permettra \u00e0 votre marque de se d\u00e9marquer. Gr\u00e2ce \u00e0 la technologie de sublimation thermique, nous transf\u00e9rons votre design \u00e0 l&#039;aide d&#039;une chaleur intense, en int\u00e9grant enti\u00e8rement les couleurs dans le tissu. Cette technique d&#039;impression avanc\u00e9e permet d&#039;obtenir des couleurs permanentes et brillantes qui ne s&#039;estompent pas. Que vous souhaitiez imprimer des milliers de couleurs, des images photographiques de haute qualit\u00e9 ou des \u00e9l\u00e9ments de couleur d&#039;accompagnement, nous pouvons donner vie \u00e0 votre vision.<\/p>\n<p>Notre proc\u00e9d\u00e9 d&#039;impression garantit que m\u00eame les d\u00e9tails les plus complexes de votre logo ou de votre design \u00ab ressortent \u00bb, donnant \u00e0 votre affichage un aspect professionnel et soign\u00e9. Vous pouvez m\u00eame cr\u00e9er un effet 3D avec votre design si vous le souhaitez.<\/p>\n<p>Options de conception personnalis\u00e9es : votre marque, \u00e0 votre fa\u00e7on<\/p>\n<p>Nous proposons des options de personnalisation compl\u00e8tes pour r\u00e9pondre \u00e0 vos besoins en mati\u00e8re de marque. Choisissez entre un fond blanc, l&#039;une de nos 20 couleurs en stock ou fournissez-nous une couleur ou un motif Pantone sp\u00e9cifique pour le fond. Que vous ayez besoin d&#039;imprimer la nappe enti\u00e8re ou seulement le panneau avant, nous proposons le m\u00eame prix pour les deux options.<\/p>\n<p>Si vous ne disposez pas d&#039;un fichier artistique haute r\u00e9solution, nos graphistes peuvent vous aider \u00e0 convertir votre fichier existant ou \u00e0 cr\u00e9er un nouveau design d&#039;impression.<\/p>\n<p>Durable et facile \u00e0 entretenir<\/p>\n<p>Nos nappes en \u00e9lasthanne sont con\u00e7ues pour durer. Non seulement elles sont infroissables, mais elles sont \u00e9galement lavables en machine pour un entretien facile. Utilisez simplement de l&#039;eau pour laver sans poudre de blanchiment. Ces housses reprendront imm\u00e9diatement leur forme, vous donnant un aspect professionnel \u00e0 chaque fois.<\/p>\n<p>Des d\u00e9lais de production rapides et fiables<\/p>\n<p>Nous comprenons l\u2019importance des d\u00e9lais, c\u2019est pourquoi nous proposons des calendriers de production flexibles :<\/p>\n<p>Production de 4 jours de sauvegarde<br \/>\nProduction standard en 3 jours<br \/>\nProduction urgente sur 2 jours<br \/>\nProduction express le jour suivant<br \/>\nProduction urgente le jour m\u00eame<br \/>\nNous garantissons \u00e9galement nos d\u00e9lais de production. Si nous ne respectons pas le d\u00e9lai garanti, vous recevrez un remboursement complet et votre nappe sera toujours imprim\u00e9e et exp\u00e9di\u00e9e sans frais.<\/p>\n<p>Pas de frais cach\u00e9s : ce que vous voyez est ce que vous obtenez.<\/p>\n<div style=\"width: 854px;\" class=\"wp-video\"><!--[if lt IE 9]><script>document.createElement('video');<\/script><![endif]--><br \/>\n<video class=\"wp-video-shortcode\" id=\"video-2189-1\" width=\"854\" height=\"480\" preload=\"metadata\" controls=\"controls\"><source type=\"video\/mp4\" src=\"https:\/\/cmykprinted.com\/wp-content\/uploads\/2024\/09\/printed-spandex-table-covers.mp4?_=1\" \/><a href=\"https:\/\/cmykprinted.com\/wp-content\/uploads\/2024\/09\/printed-spandex-table-covers.mp4\">https:\/\/cmykprinted.com\/wp-content\/uploads\/2024\/09\/printed-spandex-table-covers.mp4<\/a><\/video><\/div>","protected":false},"featured_media":2193,"template":"","meta":{"_kad_post_transparent":"default","_kad_post_title":"hide","_kad_post_layout":"fullwidth","_kad_post_sidebar_id":"","_kad_post_content_style":"unboxed","_kad_post_vertical_padding":"hide","_kad_post_feature":"hide","_kad_post_feature_position":"","_kad_post_header":false,"_kad_post_footer":false},"product_cat":[80,81,83],"product_tag":[496,497,498,494,495],"class_list":{"0":"post-2189","1":"product","2":"type-product","3":"status-publish","4":"has-post-thumbnail","6":"product_cat-custom-tablecloth","7":"product_cat-custom-stretch-tablecloth","8":"product_cat-fitted-table-cover","9":"product_tag-8-feet-printed-spandex-table-covers","10":"product_tag-custom-8-feet-table-cover","11":"product_tag-full-colors-printed-table-covers","12":"product_tag-printed-spandex-table-covers","13":"product_tag-spandex-table-covers","15":"first","16":"instock","17":"shipping-taxable","18":"product-type-simple","19":"entry","20":"content-bg","21":"loop-entry"},"_links":{"self":[{"href":"https:\/\/cmykprinted.com\/fr\/wp-json\/wp\/v2\/product\/2189","targetHints":{"allow":["GET"]}}],"collection":[{"href":"https:\/\/cmykprinted.com\/fr\/wp-json\/wp\/v2\/product"}],"about":[{"href":"https:\/\/cmykprinted.com\/fr\/wp-json\/wp\/v2\/types\/product"}],"version-history":[{"count":2,"href":"https:\/\/cmykprinted.com\/fr\/wp-json\/wp\/v2\/product\/2189\/revisions"}],"predecessor-version":[{"id":2200,"href":"https:\/\/cmykprinted.com\/fr\/wp-json\/wp\/v2\/product\/2189\/revisions\/2200"}],"wp:featuredmedia":[{"embeddable":true,"href":"https:\/\/cmykprinted.com\/fr\/wp-json\/wp\/v2\/media\/2193"}],"wp:attachment":[{"href":"https:\/\/cmykprinted.com\/fr\/wp-json\/wp\/v2\/media?parent=2189"}],"wp:term":[{"taxonomy":"product_cat","embeddable":true,"href":"https:\/\/cmykprinted.com\/fr\/wp-json\/wp\/v2\/product_cat?post=2189"},{"taxonomy":"product_tag","embeddable":true,"href":"https:\/\/cmykprinted.com\/fr\/wp-json\/wp\/v2\/product_tag?post=2189"}],"curies":[{"name":"wp","href":"https:\/\/api.w.org\/{rel}","templated":true}]}}