{"id":2204,"date":"2024-09-27T08:24:46","date_gmt":"2024-09-27T08:24:46","guid":{"rendered":"https:\/\/cmykprinted.com\/?post_type=product&#038;p=2204"},"modified":"2024-09-30T01:11:28","modified_gmt":"2024-09-30T01:11:28","slug":"custom-advertising-flags-for-promotional-business-use-at-best-price","status":"publish","type":"product","link":"https:\/\/cmykprinted.com\/fr\/produit\/drapeaux-publicitaires-personnalises-pour-l-utilisation-commerciale-au-meilleur-prix\/","title":{"rendered":"Drapeaux publicitaires personnalis\u00e9s pour une utilisation promotionnelle et commerciale au meilleur prix"},"content":{"rendered":"","protected":false},"excerpt":{"rendered":"<p>Vous cherchez un moyen efficace et abordable d&#039;am\u00e9liorer la visibilit\u00e9 de votre marque ? Les drapeaux publicitaires personnalis\u00e9s sont une solution id\u00e9ale pour les entreprises qui souhaitent attirer l&#039;attention et attirer davantage de clients. Ces drapeaux imprim\u00e9s personnalis\u00e9s et dynamiques sont un outil marketing puissant pour am\u00e9liorer votre vitrine ou votre pr\u00e9sence lors d&#039;un \u00e9v\u00e9nement. Nos drapeaux publicitaires personnalis\u00e9s peuvent \u00eatre utilis\u00e9s non seulement \u00e0 des fins commerciales, mais \u00e9galement pour la promotion d&#039;\u00e9v\u00e9nements sportifs, l&#039;affichage de drapeaux pour les f\u00eates nationales et comme outil pour les campagnes pr\u00e9sidentielles dans divers pays. Laissez les gens partout dans la rue tenir des drapeaux avec votre nom ou votre photo, et le prix est \u00e9galement bon march\u00e9. Il s&#039;agit d&#039;un travail de d\u00e9marchage \u00e9lectoral tr\u00e8s efficace et \u00e9conomique.<\/p>\n<p><strong>Bienvenue pour contacter notre \u00e9quipe de vente pour le meilleur service le plus rapide et des \u00e9chantillons gratuits pour voir notre qualit\u00e9.<\/strong><\/p>\n<div style=\"width: 1280px;\" class=\"wp-video\"><!--[if lt IE 9]><script>document.createElement('video');<\/script><![endif]--><br \/>\n<video class=\"wp-video-shortcode\" id=\"video-2204-1\" width=\"1280\" height=\"576\" preload=\"metadata\" controls=\"controls\"><source type=\"video\/mp4\" src=\"https:\/\/cmykprinted.com\/wp-content\/uploads\/2024\/09\/custom-advertising-flags.mp4?_=1\" \/><a href=\"https:\/\/cmykprinted.com\/wp-content\/uploads\/2024\/09\/custom-advertising-flags.mp4\">https:\/\/cmykprinted.com\/wp-content\/uploads\/2024\/09\/custom-advertising-flags.mp4<\/a><\/video><\/div>\n<p>&nbsp;<\/p>","protected":false},"featured_media":2205,"template":"","meta":{"_kad_post_transparent":"default","_kad_post_title":"hide","_kad_post_layout":"fullwidth","_kad_post_sidebar_id":"","_kad_post_content_style":"unboxed","_kad_post_vertical_padding":"hide","_kad_post_feature":"hide","_kad_post_feature_position":"","_kad_post_header":false,"_kad_post_footer":false},"product_cat":[79],"product_tag":[500,499,503,501,502],"class_list":{"0":"post-2204","1":"product","2":"type-product","3":"status-publish","4":"has-post-thumbnail","6":"product_cat-custom-flags","7":"product_tag-advertising-flags","8":"product_tag-custom-advertising-flags","9":"product_tag-custom-advertising-flags-at-best-price","10":"product_tag-custom-flags","11":"product_tag-custom-flags-cheap","13":"first","14":"instock","15":"shipping-taxable","16":"product-type-simple","17":"entry","18":"content-bg","19":"loop-entry"},"_links":{"self":[{"href":"https:\/\/cmykprinted.com\/fr\/wp-json\/wp\/v2\/product\/2204","targetHints":{"allow":["GET"]}}],"collection":[{"href":"https:\/\/cmykprinted.com\/fr\/wp-json\/wp\/v2\/product"}],"about":[{"href":"https:\/\/cmykprinted.com\/fr\/wp-json\/wp\/v2\/types\/product"}],"version-history":[{"count":3,"href":"https:\/\/cmykprinted.com\/fr\/wp-json\/wp\/v2\/product\/2204\/revisions"}],"predecessor-version":[{"id":2212,"href":"https:\/\/cmykprinted.com\/fr\/wp-json\/wp\/v2\/product\/2204\/revisions\/2212"}],"wp:featuredmedia":[{"embeddable":true,"href":"https:\/\/cmykprinted.com\/fr\/wp-json\/wp\/v2\/media\/2205"}],"wp:attachment":[{"href":"https:\/\/cmykprinted.com\/fr\/wp-json\/wp\/v2\/media?parent=2204"}],"wp:term":[{"taxonomy":"product_cat","embeddable":true,"href":"https:\/\/cmykprinted.com\/fr\/wp-json\/wp\/v2\/product_cat?post=2204"},{"taxonomy":"product_tag","embeddable":true,"href":"https:\/\/cmykprinted.com\/fr\/wp-json\/wp\/v2\/product_tag?post=2204"}],"curies":[{"name":"wp","href":"https:\/\/api.w.org\/{rel}","templated":true}]}}