{"id":2213,"date":"2024-09-30T03:03:20","date_gmt":"2024-09-30T03:03:20","guid":{"rendered":"https:\/\/cmykprinted.com\/?post_type=product&#038;p=2213"},"modified":"2024-10-02T12:51:57","modified_gmt":"2024-10-02T12:51:57","slug":"oval-pop-up-a-frame-banner-with-fast-turnaround","status":"publish","type":"product","link":"https:\/\/cmykprinted.com\/fr\/produit\/ovale-pop-up-un-cadre-banniere-avec-rapide-retour\/","title":{"rendered":"Banni\u00e8re Pop Up A Frame ovale avec d\u00e9lai d&#039;ex\u00e9cution rapide"},"content":{"rendered":"","protected":false},"excerpt":{"rendered":"<p>Dans le march\u00e9 concurrentiel d&#039;aujourd&#039;hui, il est essentiel de faire en sorte que votre marque se d\u00e9marque. Entrez dans le Pop Up A<\/p>\n<p>Banni\u00e8re \u00e0 cadre : une solution d&#039;affichage l\u00e9g\u00e8re, portable et tr\u00e8s efficace, parfaite pour les \u00e9v\u00e9nements en int\u00e9rieur et en ext\u00e9rieur. Ces banni\u00e8res polyvalentes sont con\u00e7ues pour une visibilit\u00e9 instantan\u00e9e et sont id\u00e9ales pour les \u00e9v\u00e9nements sportifs, les salons professionnels, les promotions et la signalisation directionnelle.<\/p>\n<p><strong>Caract\u00e9ristiques principales<\/strong><br \/>\n<strong>Portabilit\u00e9 et commodit\u00e9 :<\/strong><br \/>\nLes banni\u00e8res pop-up ovales en forme de A sont con\u00e7ues pour la mobilit\u00e9. Leur cadre m\u00e9tallique pliable se replie sans effort dans un sac de rangement compact, ce qui facilite le transport et l&#039;installation. Que vous vous rendiez \u00e0 un salon professionnel ou \u00e0 un \u00e9v\u00e9nement sportif, vous pouvez facilement emporter ces banni\u00e8res partout o\u00f9 vous avez besoin d&#039;une exposition maximale.<\/p>\n<p><strong>La s\u00e9curit\u00e9 avant tout :<\/strong><br \/>\nL&#039;une des caract\u00e9ristiques les plus remarquables de la conception en A est sa s\u00e9curit\u00e9. Contrairement aux pr\u00e9sentoirs rigides, ces banni\u00e8res ne pr\u00e9sentent aucun risque de blessure pour les joueurs ou les participants sur les terrains de sport, ce qui en fait un choix pratique pour les \u00e9v\u00e9nements en plein air.<\/p>\n<p><strong>Tailles et formes personnalisables :<\/strong><br \/>\nDisponible en quatre tailles (Small (62 x 126 cm), Medium (65 x 160 cm), Large (100 x 200 cm) et Extra Large (110 x 270 cm), la banni\u00e8re Pop Up A-Frame peut \u00eatre adapt\u00e9e \u00e0 toutes les occasions. Chaque banni\u00e8re est recto verso avec impression par sublimation thermique, garantissant des graphismes \u00e9clatants qui attirent l&#039;attention sous tous les angles.<\/p>\n<p><strong>Stabilit\u00e9 dans toutes les conditions :<\/strong><br \/>\nPour assurer la stabilit\u00e9, chaque banni\u00e8re est livr\u00e9e avec des piquets de sol pour une utilisation sur des surfaces molles comme le sable, l&#039;herbe, la neige ou la terre. Sur les surfaces dures, il suffit de les alourdir pour plus de s\u00e9curit\u00e9. Cette fonction garantit que votre banni\u00e8re reste droite et visible, quel que soit l&#039;environnement.<\/p>\n<p><strong>Parfait pour tout \u00e9v\u00e9nement<\/strong><br \/>\nLes banni\u00e8res Pop Up A-Frame sont particuli\u00e8rement adapt\u00e9es aux \u00e9v\u00e9nements en ext\u00e9rieur tels que les comp\u00e9titions de course \u00e0 pied, les tournois de golf et les festivals. Leur facilit\u00e9 d&#039;installation, de d\u00e9montage et de stockage en fait un choix incontournable pour les organisateurs d&#039;\u00e9v\u00e9nements qui cherchent \u00e0 maximiser l&#039;affichage et l&#039;engagement de la marque.<\/p>\n<div style=\"width: 800px;\" class=\"wp-video\"><!--[if lt IE 9]><script>document.createElement('video');<\/script><![endif]--><br \/>\n<video class=\"wp-video-shortcode\" id=\"video-2213-1\" width=\"800\" height=\"800\" preload=\"metadata\" controls=\"controls\"><source type=\"video\/mp4\" src=\"https:\/\/cmykprinted.com\/wp-content\/uploads\/2024\/09\/pop-up-a-frame-banner-01.mp4?_=1\" \/><a href=\"https:\/\/cmykprinted.com\/wp-content\/uploads\/2024\/09\/pop-up-a-frame-banner-01.mp4\">https:\/\/cmykprinted.com\/wp-content\/uploads\/2024\/09\/pop-up-a-frame-banner-01.mp4<\/a><\/video><\/div>","protected":false},"featured_media":2217,"template":"","meta":{"_kad_post_transparent":"default","_kad_post_title":"hide","_kad_post_layout":"fullwidth","_kad_post_sidebar_id":"","_kad_post_content_style":"unboxed","_kad_post_vertical_padding":"hide","_kad_post_feature":"hide","_kad_post_feature_position":"","_kad_post_header":false,"_kad_post_footer":false},"product_cat":[92,94],"product_tag":[506,505,504,128],"class_list":{"0":"post-2213","1":"product","2":"type-product","3":"status-publish","4":"has-post-thumbnail","6":"product_cat-pop-up-banners","7":"product_cat-horizontal-pop-up-banners","8":"product_tag-a-frame-banner","9":"product_tag-oval-pop-up-a-frame-banner","10":"product_tag-pop-up-a-frame-banner","11":"product_tag-pop-up-banner","13":"first","14":"instock","15":"shipping-taxable","16":"product-type-simple","17":"entry","18":"content-bg","19":"loop-entry"},"_links":{"self":[{"href":"https:\/\/cmykprinted.com\/fr\/wp-json\/wp\/v2\/product\/2213","targetHints":{"allow":["GET"]}}],"collection":[{"href":"https:\/\/cmykprinted.com\/fr\/wp-json\/wp\/v2\/product"}],"about":[{"href":"https:\/\/cmykprinted.com\/fr\/wp-json\/wp\/v2\/types\/product"}],"version-history":[{"count":1,"href":"https:\/\/cmykprinted.com\/fr\/wp-json\/wp\/v2\/product\/2213\/revisions"}],"predecessor-version":[{"id":2222,"href":"https:\/\/cmykprinted.com\/fr\/wp-json\/wp\/v2\/product\/2213\/revisions\/2222"}],"wp:featuredmedia":[{"embeddable":true,"href":"https:\/\/cmykprinted.com\/fr\/wp-json\/wp\/v2\/media\/2217"}],"wp:attachment":[{"href":"https:\/\/cmykprinted.com\/fr\/wp-json\/wp\/v2\/media?parent=2213"}],"wp:term":[{"taxonomy":"product_cat","embeddable":true,"href":"https:\/\/cmykprinted.com\/fr\/wp-json\/wp\/v2\/product_cat?post=2213"},{"taxonomy":"product_tag","embeddable":true,"href":"https:\/\/cmykprinted.com\/fr\/wp-json\/wp\/v2\/product_tag?post=2213"}],"curies":[{"name":"wp","href":"https:\/\/api.w.org\/{rel}","templated":true}]}}