{"id":2380,"date":"2025-02-08T13:54:27","date_gmt":"2025-02-08T13:54:27","guid":{"rendered":"https:\/\/cmykprinted.com\/?post_type=product&#038;p=2380"},"modified":"2025-02-08T13:54:27","modified_gmt":"2025-02-08T13:54:27","slug":"custom-100-9-oz-polyester-fitted-table-cover-cloth-with-logo","status":"publish","type":"product","link":"https:\/\/cmykprinted.com\/fr\/produit\/housse-de-table-ajustee-en-polyester-100-9-oz-sur-mesure-avec-logo\/","title":{"rendered":"Nappe de table ajust\u00e9e personnalis\u00e9e 100 % polyester 9 oz avec logo"},"content":{"rendered":"","protected":false},"excerpt":{"rendered":"<p>Notre nappe ajust\u00e9e sur mesure avec logo est la solution id\u00e9ale pour ajouter une touche de sophistication et de visibilit\u00e9 \u00e0 tout \u00e9v\u00e9nement. Qu&#039;il s&#039;agisse d&#039;une r\u00e9union d&#039;entreprise, d&#039;un mariage, d&#039;un salon professionnel ou d&#039;un d\u00eener d\u00e9contract\u00e9, nos nappes ajust\u00e9es sont con\u00e7ues pour s&#039;adapter parfaitement \u00e0 votre table et lui assurer un aspect soign\u00e9 et professionnel. Avec la possibilit\u00e9 d&#039;ajouter votre logo ou un motif personnalis\u00e9, ces nappes sont plus que fonctionnelles\u00a0: elles affichent votre style et votre image de marque.<\/p>","protected":false},"featured_media":2381,"template":"","meta":{"_kad_post_transparent":"default","_kad_post_title":"hide","_kad_post_layout":"fullwidth","_kad_post_sidebar_id":"","_kad_post_content_style":"unboxed","_kad_post_vertical_padding":"hide","_kad_post_feature":"hide","_kad_post_feature_position":"","_kad_post_header":false,"_kad_post_footer":false},"product_cat":[80,81,83],"product_tag":[533,535,157,534,531,185,532],"class_list":{"0":"post-2380","1":"product","2":"type-product","3":"status-publish","4":"has-post-thumbnail","6":"product_cat-custom-tablecloth","7":"product_cat-custom-stretch-tablecloth","8":"product_cat-fitted-table-cover","9":"product_tag-100-polyester-table-cloth-with-logo","10":"product_tag-custom-fitted-table-cloth","11":"product_tag-custom-table-cover","12":"product_tag-custom-table-cover-with-logo","13":"product_tag-fitted-table-cloth-with-logo","14":"product_tag-fitted-table-cover","15":"product_tag-polyester-table-cover","17":"first","18":"instock","19":"shipping-taxable","20":"product-type-simple","21":"entry","22":"content-bg","23":"loop-entry"},"_links":{"self":[{"href":"https:\/\/cmykprinted.com\/fr\/wp-json\/wp\/v2\/product\/2380","targetHints":{"allow":["GET"]}}],"collection":[{"href":"https:\/\/cmykprinted.com\/fr\/wp-json\/wp\/v2\/product"}],"about":[{"href":"https:\/\/cmykprinted.com\/fr\/wp-json\/wp\/v2\/types\/product"}],"version-history":[{"count":1,"href":"https:\/\/cmykprinted.com\/fr\/wp-json\/wp\/v2\/product\/2380\/revisions"}],"predecessor-version":[{"id":2385,"href":"https:\/\/cmykprinted.com\/fr\/wp-json\/wp\/v2\/product\/2380\/revisions\/2385"}],"wp:featuredmedia":[{"embeddable":true,"href":"https:\/\/cmykprinted.com\/fr\/wp-json\/wp\/v2\/media\/2381"}],"wp:attachment":[{"href":"https:\/\/cmykprinted.com\/fr\/wp-json\/wp\/v2\/media?parent=2380"}],"wp:term":[{"taxonomy":"product_cat","embeddable":true,"href":"https:\/\/cmykprinted.com\/fr\/wp-json\/wp\/v2\/product_cat?post=2380"},{"taxonomy":"product_tag","embeddable":true,"href":"https:\/\/cmykprinted.com\/fr\/wp-json\/wp\/v2\/product_tag?post=2380"}],"curies":[{"name":"wp","href":"https:\/\/api.w.org\/{rel}","templated":true}]}}