{"id":2423,"date":"2025-04-21T06:14:51","date_gmt":"2025-04-21T06:14:51","guid":{"rendered":"https:\/\/cmykprinted.com\/?post_type=product&#038;p=2423"},"modified":"2025-04-21T06:14:51","modified_gmt":"2025-04-21T06:14:51","slug":"dtf-heat-transfer-stickers-for-t-shirts","status":"publish","type":"product","link":"https:\/\/cmykprinted.com\/fr\/produit\/dtf-transfert-de-chaleur-autocollants-pour-t-shirts\/","title":{"rendered":"Autocollants de transfert thermique DTF pour t-shirts"},"content":{"rendered":"","protected":false},"excerpt":{"rendered":"<p>Nous sommes un fabricant de divers autocollants de transfert, situ\u00e9 \u00e0 Foshan, en Chine. Nos autocollants sont fabriqu\u00e9s avec une encre UV respectueuse de l&#039;environnement. Nos autocollants de transfert sont fabriqu\u00e9s avec une encre 100 % sans PVC ni phtalates. Nous utilisons des machines automatis\u00e9es pour garantir une concentration d&#039;encre mod\u00e9r\u00e9e et un produit fini homog\u00e8ne. La qualit\u00e9 reste constante.<br \/>\nNous n&#039;avons aucune restriction sur les couleurs d&#039;impression, et toutes les couleurs peuvent \u00eatre produites selon votre conception \/ illustration.<br \/>\nNous exp\u00e9dions tr\u00e8s rapidement et pouvons exp\u00e9dier votre commande sous 48 heures. Nos clients viennent du monde entier et vous pouvez recevoir vos autocollants thermocollants personnalis\u00e9s en une semaine.<\/p>\n<div style=\"width: 960px;\" class=\"wp-video\"><!--[if lt IE 9]><script>document.createElement('video');<\/script><![endif]--><br \/>\n<video class=\"wp-video-shortcode\" id=\"video-2423-1\" width=\"960\" height=\"540\" preload=\"metadata\" controls=\"controls\"><source type=\"video\/mp4\" src=\"https:\/\/cmykprinted.com\/wp-content\/uploads\/2025\/04\/DTF-Heat-Transfer-Stickers-for-T-Shirts.mp4?_=1\" \/><a href=\"https:\/\/cmykprinted.com\/wp-content\/uploads\/2025\/04\/DTF-Heat-Transfer-Stickers-for-T-Shirts.mp4\">https:\/\/cmykprinted.com\/wp-content\/uploads\/2025\/04\/DTF-Heat-Transfer-Stickers-for-T-Shirts.mp4<\/a><\/video><\/div>","protected":false},"featured_media":2425,"template":"","meta":{"_kad_post_transparent":"default","_kad_post_title":"hide","_kad_post_layout":"fullwidth","_kad_post_sidebar_id":"","_kad_post_content_style":"unboxed","_kad_post_vertical_padding":"hide","_kad_post_feature":"hide","_kad_post_feature_position":"","_kad_post_header":false,"_kad_post_footer":false},"product_cat":[101,103],"product_tag":[542,538,541],"class_list":{"0":"post-2423","1":"product","2":"type-product","3":"status-publish","4":"has-post-thumbnail","6":"product_cat-transfer-stickers","7":"product_cat-uv-transfer-stickers","8":"product_tag-dtf-heat-transfer-stickers","9":"product_tag-heat-transfer-stickers","10":"product_tag-heat-transfer-stickers-for-t-shirts","12":"first","13":"instock","14":"shipping-taxable","15":"product-type-simple","16":"entry","17":"content-bg","18":"loop-entry"},"_links":{"self":[{"href":"https:\/\/cmykprinted.com\/fr\/wp-json\/wp\/v2\/product\/2423","targetHints":{"allow":["GET"]}}],"collection":[{"href":"https:\/\/cmykprinted.com\/fr\/wp-json\/wp\/v2\/product"}],"about":[{"href":"https:\/\/cmykprinted.com\/fr\/wp-json\/wp\/v2\/types\/product"}],"version-history":[{"count":1,"href":"https:\/\/cmykprinted.com\/fr\/wp-json\/wp\/v2\/product\/2423\/revisions"}],"predecessor-version":[{"id":2430,"href":"https:\/\/cmykprinted.com\/fr\/wp-json\/wp\/v2\/product\/2423\/revisions\/2430"}],"wp:featuredmedia":[{"embeddable":true,"href":"https:\/\/cmykprinted.com\/fr\/wp-json\/wp\/v2\/media\/2425"}],"wp:attachment":[{"href":"https:\/\/cmykprinted.com\/fr\/wp-json\/wp\/v2\/media?parent=2423"}],"wp:term":[{"taxonomy":"product_cat","embeddable":true,"href":"https:\/\/cmykprinted.com\/fr\/wp-json\/wp\/v2\/product_cat?post=2423"},{"taxonomy":"product_tag","embeddable":true,"href":"https:\/\/cmykprinted.com\/fr\/wp-json\/wp\/v2\/product_tag?post=2423"}],"curies":[{"name":"wp","href":"https:\/\/api.w.org\/{rel}","templated":true}]}}