{"id":2443,"date":"2025-04-22T08:49:23","date_gmt":"2025-04-22T08:49:23","guid":{"rendered":"https:\/\/cmykprinted.com\/?post_type=product&#038;p=2443"},"modified":"2025-04-28T02:46:21","modified_gmt":"2025-04-28T02:46:21","slug":"custom-pvc-vinyl-banners-with-eyelets","status":"publish","type":"product","link":"https:\/\/cmykprinted.com\/fr\/produit\/bannieres-en-vinyle-pvc-sur-mesure-avec-oeillets\/","title":{"rendered":"Banni\u00e8res en vinyle PVC personnalis\u00e9es avec \u0153illets"},"content":{"rendered":"","protected":false},"excerpt":{"rendered":"<p>Lorsque vous souhaitez partager un message audacieux avec un large public, les grandes banni\u00e8res en PVC sont un choix puissant et pratique.<\/p>\n<p>Id\u00e9ales pour le marketing routier, les banni\u00e8res ext\u00e9rieures en PVC avec \u0153illets m\u00e9talliques permettent de r\u00e9aliser des publicit\u00e9s accrocheuses et grand format qui captent instantan\u00e9ment l&#039;attention. Lors d&#039;\u00e9v\u00e9nements, elles constituent un \u00e9l\u00e9ment central visuel et un arri\u00e8re-plan id\u00e9al pour des photos m\u00e9morables.<\/p>\n<p>Chez Golden Mouth Advertising, nous proposons l&#039;impression de banni\u00e8res en PVC dans une vari\u00e9t\u00e9 de tailles \u2014 jusqu&#039;\u00e0 5 mx 50 m \u2014 afin que vous puissiez avoir un impact massif avec votre message.<\/p>\n<p>Nos banni\u00e8res en PVC personnalis\u00e9es sont fabriqu\u00e9es \u00e0 partir d&#039;un PVC durable et r\u00e9sistant aux intemp\u00e9ries, \u00e0 l&#039;usure et \u00e0 la d\u00e9coloration. Ce mat\u00e9riau \u00e9pais et flexible garantit la vivacit\u00e9 et l&#039;int\u00e9grit\u00e9 de votre design, qu&#039;il soit expos\u00e9 \u00e0 l&#039;int\u00e9rieur ou \u00e0 l&#039;ext\u00e9rieur, pour une utilisation prolong\u00e9e.<\/p>\n<p>L&#039;installation est simple et rapide gr\u00e2ce aux \u0153illets renforc\u00e9s. Ces anneaux m\u00e9talliques robustes s&#039;adaptent \u00e0 diff\u00e9rents types de fixations, comme les cordes, les tendeurs, les crochets ou les serre-c\u00e2bles, ce qui facilite leur fixation aux cl\u00f4tures ou autres supports ext\u00e9rieurs. Une fois votre campagne ou votre \u00e9v\u00e9nement termin\u00e9, les banni\u00e8res peuvent \u00eatre retir\u00e9es et rang\u00e9es facilement.<\/p>\n<p>Chaque banni\u00e8re est imprim\u00e9e sur des imprimantes num\u00e9riques grand format de pointe pour garantir des r\u00e9sultats nets et de haute qualit\u00e9. Besoin d&#039;aide pour la conception de votre banni\u00e8re\u00a0? Notre \u00e9quipe cr\u00e9ative interne est l\u00e0 pour vous accompagner dans la cr\u00e9ation de votre visuel et donner vie \u00e0 votre message.<\/p>\n<div style=\"width: 1290px;\" class=\"wp-video\"><!--[if lt IE 9]><script>document.createElement('video');<\/script><![endif]--><br \/>\n<video class=\"wp-video-shortcode\" id=\"video-2443-1\" width=\"1290\" height=\"726\" loop autoplay preload=\"auto\" controls=\"controls\"><source type=\"video\/mp4\" src=\"http:\/\/cmykprinted.com\/wp-content\/uploads\/2022\/12\/vinyl-PVC-banners.mp4?_=1\" \/><a href=\"http:\/\/cmykprinted.com\/wp-content\/uploads\/2022\/12\/vinyl-PVC-banners.mp4\">http:\/\/cmykprinted.com\/wp-content\/uploads\/2022\/12\/vinyl-PVC-banners.mp4<\/a><\/video><\/div>\n<p>&nbsp;<\/p>","protected":false},"featured_media":2444,"template":"","meta":{"_kad_post_transparent":"default","_kad_post_title":"hide","_kad_post_layout":"fullwidth","_kad_post_sidebar_id":"","_kad_post_content_style":"unboxed","_kad_post_vertical_padding":"hide","_kad_post_feature":"hide","_kad_post_feature_position":"","_kad_post_header":false,"_kad_post_footer":false},"product_cat":[85,90,91,89],"product_tag":[549,550,548,547],"class_list":{"0":"post-2443","1":"product","2":"type-product","3":"status-publish","4":"has-post-thumbnail","6":"product_cat-outdoor-vinyl-banners","7":"product_cat-glossy-pvc-banners","8":"product_cat-matte-vinyl-banners","9":"product_cat-pvc-banners","10":"product_tag-custom-pvc-vinyl-banners","11":"product_tag-custom-vinyl-banners-with-eyelets","12":"product_tag-pvc-banners-with-eyelets","13":"product_tag-vinyl-banners-with-eyelets","15":"first","16":"instock","17":"shipping-taxable","18":"product-type-simple","19":"entry","20":"content-bg","21":"loop-entry"},"_links":{"self":[{"href":"https:\/\/cmykprinted.com\/fr\/wp-json\/wp\/v2\/product\/2443","targetHints":{"allow":["GET"]}}],"collection":[{"href":"https:\/\/cmykprinted.com\/fr\/wp-json\/wp\/v2\/product"}],"about":[{"href":"https:\/\/cmykprinted.com\/fr\/wp-json\/wp\/v2\/types\/product"}],"version-history":[{"count":3,"href":"https:\/\/cmykprinted.com\/fr\/wp-json\/wp\/v2\/product\/2443\/revisions"}],"predecessor-version":[{"id":2469,"href":"https:\/\/cmykprinted.com\/fr\/wp-json\/wp\/v2\/product\/2443\/revisions\/2469"}],"wp:featuredmedia":[{"embeddable":true,"href":"https:\/\/cmykprinted.com\/fr\/wp-json\/wp\/v2\/media\/2444"}],"wp:attachment":[{"href":"https:\/\/cmykprinted.com\/fr\/wp-json\/wp\/v2\/media?parent=2443"}],"wp:term":[{"taxonomy":"product_cat","embeddable":true,"href":"https:\/\/cmykprinted.com\/fr\/wp-json\/wp\/v2\/product_cat?post=2443"},{"taxonomy":"product_tag","embeddable":true,"href":"https:\/\/cmykprinted.com\/fr\/wp-json\/wp\/v2\/product_tag?post=2443"}],"curies":[{"name":"wp","href":"https:\/\/api.w.org\/{rel}","templated":true}]}}