{"id":2452,"date":"2025-04-23T09:23:08","date_gmt":"2025-04-23T09:23:08","guid":{"rendered":"https:\/\/cmykprinted.com\/?post_type=product&#038;p=2452"},"modified":"2025-04-23T09:23:08","modified_gmt":"2025-04-23T09:23:08","slug":"custom-trade-show-table-drapes","status":"publish","type":"product","link":"https:\/\/cmykprinted.com\/fr\/produit\/nappes-de-table-sur-mesure-pour-salon\/","title":{"rendered":"Rideaux de table personnalis\u00e9s pour salons professionnels"},"content":{"rendered":"","protected":false},"excerpt":{"rendered":"<p>Faites briller vos clients lors de leur prochain salon ou pr\u00e9sentation gr\u00e2ce \u00e0 nos rideaux de table attrayants, de haute qualit\u00e9 et imprim\u00e9s sur mesure. Disponibles en mod\u00e8les 3 c\u00f4t\u00e9s avec dos ouvert et 4 c\u00f4t\u00e9s avec dos ferm\u00e9, ces housses s&#039;adaptent parfaitement \u00e0 toutes les tables, de 1,20 m, 1,80 m et 2,40 m, ou sont personnalisables. Fabriqu\u00e9s en polyester durable de 250 g et imprim\u00e9s gr\u00e2ce \u00e0 une technologie avanc\u00e9e de sublimation thermique, ces rideaux de table sont con\u00e7us pour r\u00e9sister \u00e0 l&#039;agitation de tout \u00e9v\u00e9nement.<\/p>\n<p>Garder un stand d&#039;exposition propre et bien rang\u00e9 peut s&#039;av\u00e9rer complexe, surtout en cas de d\u00e9versement occasionnel. Heureusement, nos nappes de table enti\u00e8rement lavables et color\u00e9es facilitent le nettoyage. Vos clients appr\u00e9cieront la facilit\u00e9 de les mettre en machine \u00e0 laver en fin de journ\u00e9e, leur permettant de retrouver leurs couleurs vives et \u00e9clatantes du jour au lendemain. Gr\u00e2ce \u00e0 nos rideaux de table d&#039;exposition personnalis\u00e9s, vos clients peuvent conserver un stand impeccable et professionnel jour apr\u00e8s jour.<\/p>","protected":false},"featured_media":2457,"template":"","meta":{"_kad_post_transparent":"default","_kad_post_title":"hide","_kad_post_layout":"fullwidth","_kad_post_sidebar_id":"","_kad_post_content_style":"unboxed","_kad_post_vertical_padding":"hide","_kad_post_feature":"hide","_kad_post_feature_position":"","_kad_post_header":false,"_kad_post_footer":false},"product_cat":[80,81],"product_tag":[552,551],"class_list":{"0":"post-2452","1":"product","2":"type-product","3":"status-publish","4":"has-post-thumbnail","6":"product_cat-custom-tablecloth","7":"product_cat-custom-stretch-tablecloth","8":"product_tag-custom-trade-show-table-drapes","9":"product_tag-trade-show-table-drapes","11":"first","12":"instock","13":"shipping-taxable","14":"product-type-simple","15":"entry","16":"content-bg","17":"loop-entry"},"_links":{"self":[{"href":"https:\/\/cmykprinted.com\/fr\/wp-json\/wp\/v2\/product\/2452","targetHints":{"allow":["GET"]}}],"collection":[{"href":"https:\/\/cmykprinted.com\/fr\/wp-json\/wp\/v2\/product"}],"about":[{"href":"https:\/\/cmykprinted.com\/fr\/wp-json\/wp\/v2\/types\/product"}],"version-history":[{"count":1,"href":"https:\/\/cmykprinted.com\/fr\/wp-json\/wp\/v2\/product\/2452\/revisions"}],"predecessor-version":[{"id":2458,"href":"https:\/\/cmykprinted.com\/fr\/wp-json\/wp\/v2\/product\/2452\/revisions\/2458"}],"wp:featuredmedia":[{"embeddable":true,"href":"https:\/\/cmykprinted.com\/fr\/wp-json\/wp\/v2\/media\/2457"}],"wp:attachment":[{"href":"https:\/\/cmykprinted.com\/fr\/wp-json\/wp\/v2\/media?parent=2452"}],"wp:term":[{"taxonomy":"product_cat","embeddable":true,"href":"https:\/\/cmykprinted.com\/fr\/wp-json\/wp\/v2\/product_cat?post=2452"},{"taxonomy":"product_tag","embeddable":true,"href":"https:\/\/cmykprinted.com\/fr\/wp-json\/wp\/v2\/product_tag?post=2452"}],"curies":[{"name":"wp","href":"https:\/\/api.w.org\/{rel}","templated":true}]}}