{"id":2459,"date":"2025-04-24T08:55:30","date_gmt":"2025-04-24T08:55:30","guid":{"rendered":"https:\/\/cmykprinted.com\/?post_type=product&#038;p=2459"},"modified":"2025-04-24T08:55:30","modified_gmt":"2025-04-24T08:55:30","slug":"trade-show-table-covers-canada","status":"publish","type":"product","link":"https:\/\/cmykprinted.com\/fr\/produit\/nappes-de-stand-canada\/","title":{"rendered":"Housses de table pour salons professionnels au Canada"},"content":{"rendered":"","protected":false},"excerpt":{"rendered":"<p>Housses de table personnalis\u00e9es et sublim\u00e9es pour salons professionnels<\/p>\n<p>Nos nappes et chemins de table personnalis\u00e9s (Nappes de salon) sont fabriqu\u00e9s en 100 % polyester de haute qualit\u00e9 et b\u00e9n\u00e9ficient d&#039;une impression par sublimation aux couleurs vives pour des motifs attrayants et durables. Faciles d&#039;entretien, ces nappes sont lavables en machine, infroissables et ignifuges, ce qui les rend id\u00e9ales pour un usage r\u00e9p\u00e9t\u00e9 tout en conservant un aspect soign\u00e9 et professionnel.<\/p>\n<p>Options disponibles :<\/p>\n<p>Les tapis de course sont disponibles dans une gamme de tailles, notamment 7,3 x 8,9 pieds, 7,3 x 10,9 pieds, 7,3 x 12,9 pieds,<\/p>\n<p>Les nappes sont con\u00e7ues pour s&#039;adapter aux tables standard mesurant 4&#039;, 6&#039;, 8&#039;.<\/p>\n<p>Les choix de style incluent des dos ouverts ou ferm\u00e9s et des options telles que des styles drap\u00e9s, extensibles ou ajust\u00e9s pour s&#039;adapter \u00e0 une vari\u00e9t\u00e9 de pr\u00e9f\u00e9rences d&#039;affichage.<\/p>\n<p>Vous pouvez \u00e9galement cr\u00e9er des mod\u00e8les imprim\u00e9s personnalis\u00e9s pour mettre en valeur votre logo, les couleurs de votre marque ou votre message promotionnel de mani\u00e8re audacieuse et percutante.<\/p>\n<p>Que vous vous pr\u00e9pariez \u00e0 un \u00e9v\u00e9nement d&#039;entreprise, que vous participiez \u00e0 un salon professionnel ou que vous organisiez une exposition au d\u00e9tail, les nappes personnalis\u00e9es vous aident \u00e0 attirer l&#039;attention et \u00e0 faire une impression durable.<\/p>\n<p>Nous proposons \u00e9galement des tailles rondes et sur mesure pour r\u00e9pondre \u00e0 vos besoins de configuration uniques.<\/p>\n<p><strong>Nous avons un agent au Canada\u00a0; si votre commande est urgente, vous pouvez la commander directement aupr\u00e8s d&#039;eux. Ils peuvent \u00e9galement vous fournir des tables pliantes si n\u00e9cessaire.<\/strong><\/p>\n<div style=\"width: 480px;\" class=\"wp-video\"><!--[if lt IE 9]><script>document.createElement('video');<\/script><![endif]--><br \/>\n<video class=\"wp-video-shortcode\" id=\"video-2459-1\" width=\"480\" height=\"480\" preload=\"metadata\" controls=\"controls\"><source type=\"video\/mp4\" src=\"https:\/\/cmykprinted.com\/wp-content\/uploads\/2025\/04\/trade-show-table-covers-canada.mp4?_=1\" \/><a href=\"https:\/\/cmykprinted.com\/wp-content\/uploads\/2025\/04\/trade-show-table-covers-canada.mp4\">https:\/\/cmykprinted.com\/wp-content\/uploads\/2025\/04\/trade-show-table-covers-canada.mp4<\/a><\/video><\/div>","protected":false},"featured_media":2461,"template":"","meta":{"_kad_post_transparent":"default","_kad_post_title":"hide","_kad_post_layout":"fullwidth","_kad_post_sidebar_id":"","_kad_post_content_style":"unboxed","_kad_post_vertical_padding":"hide","_kad_post_feature":"hide","_kad_post_feature_position":"","_kad_post_header":false,"_kad_post_footer":false},"product_cat":[80,81],"product_tag":[552,551],"class_list":{"0":"post-2459","1":"product","2":"type-product","3":"status-publish","4":"has-post-thumbnail","6":"product_cat-custom-tablecloth","7":"product_cat-custom-stretch-tablecloth","8":"product_tag-custom-trade-show-table-drapes","9":"product_tag-trade-show-table-drapes","11":"first","12":"instock","13":"shipping-taxable","14":"product-type-simple","15":"entry","16":"content-bg","17":"loop-entry"},"_links":{"self":[{"href":"https:\/\/cmykprinted.com\/fr\/wp-json\/wp\/v2\/product\/2459","targetHints":{"allow":["GET"]}}],"collection":[{"href":"https:\/\/cmykprinted.com\/fr\/wp-json\/wp\/v2\/product"}],"about":[{"href":"https:\/\/cmykprinted.com\/fr\/wp-json\/wp\/v2\/types\/product"}],"version-history":[{"count":1,"href":"https:\/\/cmykprinted.com\/fr\/wp-json\/wp\/v2\/product\/2459\/revisions"}],"predecessor-version":[{"id":2466,"href":"https:\/\/cmykprinted.com\/fr\/wp-json\/wp\/v2\/product\/2459\/revisions\/2466"}],"wp:featuredmedia":[{"embeddable":true,"href":"https:\/\/cmykprinted.com\/fr\/wp-json\/wp\/v2\/media\/2461"}],"wp:attachment":[{"href":"https:\/\/cmykprinted.com\/fr\/wp-json\/wp\/v2\/media?parent=2459"}],"wp:term":[{"taxonomy":"product_cat","embeddable":true,"href":"https:\/\/cmykprinted.com\/fr\/wp-json\/wp\/v2\/product_cat?post=2459"},{"taxonomy":"product_tag","embeddable":true,"href":"https:\/\/cmykprinted.com\/fr\/wp-json\/wp\/v2\/product_tag?post=2459"}],"curies":[{"name":"wp","href":"https:\/\/api.w.org\/{rel}","templated":true}]}}