{"id":2471,"date":"2025-05-09T08:04:34","date_gmt":"2025-05-09T08:04:34","guid":{"rendered":"https:\/\/cmykprinted.com\/?post_type=product&#038;p=2471"},"modified":"2025-05-09T08:04:34","modified_gmt":"2025-05-09T08:04:34","slug":"cheap-outdoor-printed-mesh-banners-for-fence","status":"publish","type":"product","link":"https:\/\/cmykprinted.com\/fr\/produit\/banderoles-en-mesh-imprimees-pour-cloture-pas-cheres\/","title":{"rendered":"Banni\u00e8res en maille imprim\u00e9es pour cl\u00f4tures ext\u00e9rieures \u00e0 bas prix"},"content":{"rendered":"","protected":false},"excerpt":{"rendered":"<p>Installer des banni\u00e8res publicitaires en maille sur des cl\u00f4tures est un moyen tr\u00e8s efficace de promouvoir une marque. Les cl\u00f4tures sont omnipr\u00e9sentes et des banni\u00e8res en maille l\u00e9g\u00e8res peuvent \u00eatre install\u00e9es des deux c\u00f4t\u00e9s. Ce type de banni\u00e8re est imperm\u00e9able et r\u00e9sistant au soleil, et tr\u00e8s facile \u00e0 installer. Nous pla\u00e7ons g\u00e9n\u00e9ralement des \u0153illets autour de la banni\u00e8re, ce qui permet de la fixer \u00e0 la cl\u00f4ture avec des sangles tr\u00e8s solides. Nous enveloppons les bords de la banni\u00e8re avec une sangle pour une plus grande durabilit\u00e9. Elle r\u00e9siste au vent. La surface de la banni\u00e8re en maille est perfor\u00e9e, ce qui lui conf\u00e8re une excellente r\u00e9sistance au vent, et le vent peut la traverser directement. Contrairement aux banni\u00e8res en PVC, qui ne sont pas perfor\u00e9es, certaines d\u00e9coupes sont parfois pratiqu\u00e9es volontairement avec des ciseaux pour accro\u00eetre la durabilit\u00e9, ce qui alt\u00e8re l&#039;int\u00e9grit\u00e9 de la peinture.<\/p>\n<div style=\"width: 960px;\" class=\"wp-video\"><!--[if lt IE 9]><script>document.createElement('video');<\/script><![endif]--><br \/>\n<video class=\"wp-video-shortcode\" id=\"video-2471-1\" width=\"960\" height=\"540\" preload=\"metadata\" controls=\"controls\"><source type=\"video\/mp4\" src=\"https:\/\/cmykprinted.com\/wp-content\/uploads\/2025\/02\/Barrier-Covers.mp4?_=1\" \/><a href=\"https:\/\/cmykprinted.com\/wp-content\/uploads\/2025\/02\/Barrier-Covers.mp4\">https:\/\/cmykprinted.com\/wp-content\/uploads\/2025\/02\/Barrier-Covers.mp4<\/a><\/video><\/div>\n<p>r<\/p>\n<div style=\"width: 960px;\" class=\"wp-video\"><video class=\"wp-video-shortcode\" id=\"video-2471-2\" width=\"960\" height=\"540\" preload=\"metadata\" controls=\"controls\"><source type=\"video\/mp4\" src=\"https:\/\/cmykprinted.com\/wp-content\/uploads\/2025\/02\/Fence-Mesh-Signage.mp4?_=2\" \/><a href=\"https:\/\/cmykprinted.com\/wp-content\/uploads\/2025\/02\/Fence-Mesh-Signage.mp4\">https:\/\/cmykprinted.com\/wp-content\/uploads\/2025\/02\/Fence-Mesh-Signage.mp4<\/a><\/video><\/div>","protected":false},"featured_media":2477,"template":"","meta":{"_kad_post_transparent":"default","_kad_post_title":"hide","_kad_post_layout":"fullwidth","_kad_post_sidebar_id":"","_kad_post_content_style":"unboxed","_kad_post_vertical_padding":"hide","_kad_post_feature":"hide","_kad_post_feature_position":"","_kad_post_header":false,"_kad_post_footer":false},"product_cat":[85,86],"product_tag":[554,553,555],"class_list":{"0":"post-2471","1":"product","2":"type-product","3":"status-publish","4":"has-post-thumbnail","6":"product_cat-outdoor-vinyl-banners","7":"product_cat-fence-mesh-banners","8":"product_tag-cheap-outdoor-printed-mesh-banners","9":"product_tag-mesh-banners-for-fence","10":"product_tag-printed-mesh-banners","12":"first","13":"instock","14":"shipping-taxable","15":"product-type-simple","16":"entry","17":"content-bg","18":"loop-entry"},"_links":{"self":[{"href":"https:\/\/cmykprinted.com\/fr\/wp-json\/wp\/v2\/product\/2471","targetHints":{"allow":["GET"]}}],"collection":[{"href":"https:\/\/cmykprinted.com\/fr\/wp-json\/wp\/v2\/product"}],"about":[{"href":"https:\/\/cmykprinted.com\/fr\/wp-json\/wp\/v2\/types\/product"}],"version-history":[{"count":1,"href":"https:\/\/cmykprinted.com\/fr\/wp-json\/wp\/v2\/product\/2471\/revisions"}],"predecessor-version":[{"id":2480,"href":"https:\/\/cmykprinted.com\/fr\/wp-json\/wp\/v2\/product\/2471\/revisions\/2480"}],"wp:featuredmedia":[{"embeddable":true,"href":"https:\/\/cmykprinted.com\/fr\/wp-json\/wp\/v2\/media\/2477"}],"wp:attachment":[{"href":"https:\/\/cmykprinted.com\/fr\/wp-json\/wp\/v2\/media?parent=2471"}],"wp:term":[{"taxonomy":"product_cat","embeddable":true,"href":"https:\/\/cmykprinted.com\/fr\/wp-json\/wp\/v2\/product_cat?post=2471"},{"taxonomy":"product_tag","embeddable":true,"href":"https:\/\/cmykprinted.com\/fr\/wp-json\/wp\/v2\/product_tag?post=2471"}],"curies":[{"name":"wp","href":"https:\/\/api.w.org\/{rel}","templated":true}]}}