{"id":2555,"date":"2025-05-20T12:02:02","date_gmt":"2025-05-20T12:02:02","guid":{"rendered":"https:\/\/cmykprinted.com\/?post_type=product&#038;p=2555"},"modified":"2025-05-20T12:02:02","modified_gmt":"2025-05-20T12:02:02","slug":"8-ft-x-8-ft-step-and-repeat-adjustable-banner-stands","status":"publish","type":"product","link":"https:\/\/cmykprinted.com\/fr\/produit\/8-ft-x-8-ft-step-and-repeat-supports-de-bannieres-ajustables\/","title":{"rendered":"Supports de banni\u00e8re r\u00e9glables Step and Repeat de 8 pi x 8 pi"},"content":{"rendered":"","protected":false},"excerpt":{"rendered":"<p data-start=\"209\" data-end=\"563\">Les supports de banni\u00e8res r\u00e9glables Step and Repeat sont parfaits pour cr\u00e9er des toiles de fond attrayantes lors d&#039;\u00e9v\u00e9nements, de salons professionnels, de s\u00e9ances photos, de tapis rouges et de conf\u00e9rences de presse. Con\u00e7us pour \u00eatre polyvalents et pratiques, ces supports sont enti\u00e8rement r\u00e9glables pour s&#039;adapter \u00e0 diff\u00e9rentes tailles de banni\u00e8res, g\u00e9n\u00e9ralement de 1,5 \u00e0 3 m\u00e8tres de largeur et de 1,2 \u00e0 2,4 m\u00e8tres de hauteur.<\/p>\n<p data-start=\"565\" data-end=\"957\">Fabriqu\u00e9 en aluminium l\u00e9ger et r\u00e9sistant, le cadre t\u00e9lescopique est facile \u00e0 assembler et offre un support stable pour les banni\u00e8res en tissu ou en vinyle. Le support est dot\u00e9 de poteaux r\u00e9glables avec m\u00e9canismes de verrouillage s\u00e9curis\u00e9s, permettant une installation et un d\u00e9montage rapides et sans outils. Son look \u00e9l\u00e9gant et professionnel met en valeur n&#039;importe quel environnement, tandis que le sac de transport inclus facilite le transport et le rangement.<\/p>\n<p data-start=\"959\" data-end=\"1339\">Que vous fassiez la promotion d&#039;une marque, organisiez un \u00e9v\u00e9nement officiel ou organisiez un mur multim\u00e9dia, ces supports offrent une solution fiable et r\u00e9utilisable. Associez-les \u00e0 une banni\u00e8re \u00e0 r\u00e9p\u00e9tition personnalis\u00e9e pour optimiser votre visibilit\u00e9 et cr\u00e9er des photos m\u00e9morables. Id\u00e9al pour une utilisation en int\u00e9rieur comme en ext\u00e9rieur, le support \u00e0 banni\u00e8re r\u00e9glable \u00e0 r\u00e9p\u00e9tition offre qualit\u00e9, flexibilit\u00e9 et impact visuel.<\/p>\n<div style=\"width: 720px;\" class=\"wp-video\"><!--[if lt IE 9]><script>document.createElement('video');<\/script><![endif]--><br \/>\n<video class=\"wp-video-shortcode\" id=\"video-2555-1\" width=\"720\" height=\"720\" preload=\"metadata\" controls=\"controls\"><source type=\"video\/mp4\" src=\"https:\/\/cmykprinted.com\/wp-content\/uploads\/2025\/05\/Adjustable-Banner-Stands.mp4?_=1\" \/><a href=\"https:\/\/cmykprinted.com\/wp-content\/uploads\/2025\/05\/Adjustable-Banner-Stands.mp4\">https:\/\/cmykprinted.com\/wp-content\/uploads\/2025\/05\/Adjustable-Banner-Stands.mp4<\/a><\/video><\/div>","protected":false},"featured_media":2570,"template":"","meta":{"_kad_post_transparent":"default","_kad_post_title":"hide","_kad_post_layout":"fullwidth","_kad_post_sidebar_id":"","_kad_post_content_style":"unboxed","_kad_post_vertical_padding":"hide","_kad_post_feature":"hide","_kad_post_feature_position":"","_kad_post_header":false,"_kad_post_footer":false},"product_cat":[97,98],"product_tag":[567,566,568],"class_list":{"0":"post-2555","1":"product","2":"type-product","3":"status-publish","4":"has-post-thumbnail","6":"product_cat-tension-fabric-displays","7":"product_cat-curved-tension-fabric-pop-up-displays","8":"product_tag-custom-step-and-repeat-backdrop","9":"product_tag-logo-wall-backdrop","10":"product_tag-step-and-repeat-logo-backdrop","12":"first","13":"instock","14":"shipping-taxable","15":"product-type-simple","16":"entry","17":"content-bg","18":"loop-entry"},"_links":{"self":[{"href":"https:\/\/cmykprinted.com\/fr\/wp-json\/wp\/v2\/product\/2555","targetHints":{"allow":["GET"]}}],"collection":[{"href":"https:\/\/cmykprinted.com\/fr\/wp-json\/wp\/v2\/product"}],"about":[{"href":"https:\/\/cmykprinted.com\/fr\/wp-json\/wp\/v2\/types\/product"}],"version-history":[{"count":2,"href":"https:\/\/cmykprinted.com\/fr\/wp-json\/wp\/v2\/product\/2555\/revisions"}],"predecessor-version":[{"id":2574,"href":"https:\/\/cmykprinted.com\/fr\/wp-json\/wp\/v2\/product\/2555\/revisions\/2574"}],"wp:featuredmedia":[{"embeddable":true,"href":"https:\/\/cmykprinted.com\/fr\/wp-json\/wp\/v2\/media\/2570"}],"wp:attachment":[{"href":"https:\/\/cmykprinted.com\/fr\/wp-json\/wp\/v2\/media?parent=2555"}],"wp:term":[{"taxonomy":"product_cat","embeddable":true,"href":"https:\/\/cmykprinted.com\/fr\/wp-json\/wp\/v2\/product_cat?post=2555"},{"taxonomy":"product_tag","embeddable":true,"href":"https:\/\/cmykprinted.com\/fr\/wp-json\/wp\/v2\/product_tag?post=2555"}],"curies":[{"name":"wp","href":"https:\/\/api.w.org\/{rel}","templated":true}]}}