{"id":2556,"date":"2025-05-20T09:02:02","date_gmt":"2025-05-20T09:02:02","guid":{"rendered":"https:\/\/cmykprinted.com\/?post_type=product&#038;p=2556"},"modified":"2025-05-20T09:02:02","modified_gmt":"2025-05-20T09:02:02","slug":"cheap-step-and-repeat-backdrop-with-stand","status":"publish","type":"product","link":"https:\/\/cmykprinted.com\/fr\/produit\/fond-step-and-repeat-pas-cher-avec-support\/","title":{"rendered":"Toile de fond pas ch\u00e8re avec support"},"content":{"rendered":"","protected":false},"excerpt":{"rendered":"<p>Cr\u00e9ez une s\u00e9ance photo professionnelle lors de votre prochain \u00e9v\u00e9nement avec cette toile de fond Step and Repeat avec support. Id\u00e9ale pour les tapis rouges, les conf\u00e9rences de presse, les salons professionnels, les mariages et les \u00e9v\u00e9nements d&#039;entreprise, cette toile de fond est dot\u00e9e d&#039;une banni\u00e8re en tissu personnalisable, g\u00e9n\u00e9ralement imprim\u00e9e de logos ou de motifs de marque r\u00e9p\u00e9t\u00e9s.<\/p>\n<p>Fabriqu\u00e9e en polyester durable et infroissable, cette banni\u00e8re offre une qualit\u00e9 d&#039;impression haute r\u00e9solution pour des affichages \u00e9clatants et accrocheurs. Son support robuste en aluminium est r\u00e9glable en hauteur et en largeur, ce qui lui permet d&#039;accueillir des banni\u00e8res de diff\u00e9rentes tailles, g\u00e9n\u00e9ralement jusqu&#039;\u00e0 2,4 m x 2,4 m. Facile \u00e0 monter et \u00e0 d\u00e9monter, le cadre est \u00e9quip\u00e9 de m\u00e2ts t\u00e9lescopiques et de m\u00e9canismes de verrouillage s\u00e9curis\u00e9s pour une installation stable. Un sac de transport est inclus pour un transport et un rangement pratiques.<\/p>\n<p>Ce d\u00e9cor am\u00e9liore non seulement la visibilit\u00e9 de votre marque, mais ajoute \u00e9galement une touche d&#039;\u00e9l\u00e9gance et de professionnalisme \u00e0 tout environnement. Que ce soit pour des photos promotionnelles, des interviews ou des c\u00e9l\u00e9brations sp\u00e9ciales, le d\u00e9cor Step and Repeat garantit \u00e0 votre \u00e9v\u00e9nement une impression durable.<\/p>\n<div style=\"width: 720px;\" class=\"wp-video\"><!--[if lt IE 9]><script>document.createElement('video');<\/script><![endif]--><br \/>\n<video class=\"wp-video-shortcode\" id=\"video-2556-1\" width=\"720\" height=\"720\" preload=\"metadata\" controls=\"controls\"><source type=\"video\/mp4\" src=\"https:\/\/cmykprinted.com\/wp-content\/uploads\/2025\/05\/\u89c6\u9891-383512795067.mp4?_=1\" \/><a href=\"https:\/\/cmykprinted.com\/wp-content\/uploads\/2025\/05\/\u89c6\u9891-383512795067.mp4\">https:\/\/cmykprinted.com\/wp-content\/uploads\/2025\/05\/\u89c6\u9891-383512795067.mp4<\/a><\/video><\/div>\n<div style=\"width: 540px;\" class=\"wp-video\"><video class=\"wp-video-shortcode\" id=\"video-2556-2\" width=\"540\" height=\"540\" preload=\"metadata\" controls=\"controls\"><source type=\"video\/mp4\" src=\"https:\/\/cmykprinted.com\/wp-content\/uploads\/2025\/05\/Step-and-Repeat-Backdrop-with-Stand.mp4?_=2\" \/><a href=\"https:\/\/cmykprinted.com\/wp-content\/uploads\/2025\/05\/Step-and-Repeat-Backdrop-with-Stand.mp4\">https:\/\/cmykprinted.com\/wp-content\/uploads\/2025\/05\/Step-and-Repeat-Backdrop-with-Stand.mp4<\/a><\/video><\/div>","protected":false},"featured_media":2561,"template":"","meta":{"_kad_post_transparent":"default","_kad_post_title":"hide","_kad_post_layout":"fullwidth","_kad_post_sidebar_id":"","_kad_post_content_style":"unboxed","_kad_post_vertical_padding":"hide","_kad_post_feature":"hide","_kad_post_feature_position":"","_kad_post_header":false,"_kad_post_footer":false},"product_cat":[97,98],"product_tag":[567,566,568],"class_list":{"0":"post-2556","1":"product","2":"type-product","3":"status-publish","4":"has-post-thumbnail","6":"product_cat-tension-fabric-displays","7":"product_cat-curved-tension-fabric-pop-up-displays","8":"product_tag-custom-step-and-repeat-backdrop","9":"product_tag-logo-wall-backdrop","10":"product_tag-step-and-repeat-logo-backdrop","12":"first","13":"instock","14":"shipping-taxable","15":"product-type-simple","16":"entry","17":"content-bg","18":"loop-entry"},"_links":{"self":[{"href":"https:\/\/cmykprinted.com\/fr\/wp-json\/wp\/v2\/product\/2556","targetHints":{"allow":["GET"]}}],"collection":[{"href":"https:\/\/cmykprinted.com\/fr\/wp-json\/wp\/v2\/product"}],"about":[{"href":"https:\/\/cmykprinted.com\/fr\/wp-json\/wp\/v2\/types\/product"}],"version-history":[{"count":1,"href":"https:\/\/cmykprinted.com\/fr\/wp-json\/wp\/v2\/product\/2556\/revisions"}],"predecessor-version":[{"id":2567,"href":"https:\/\/cmykprinted.com\/fr\/wp-json\/wp\/v2\/product\/2556\/revisions\/2567"}],"wp:featuredmedia":[{"embeddable":true,"href":"https:\/\/cmykprinted.com\/fr\/wp-json\/wp\/v2\/media\/2561"}],"wp:attachment":[{"href":"https:\/\/cmykprinted.com\/fr\/wp-json\/wp\/v2\/media?parent=2556"}],"wp:term":[{"taxonomy":"product_cat","embeddable":true,"href":"https:\/\/cmykprinted.com\/fr\/wp-json\/wp\/v2\/product_cat?post=2556"},{"taxonomy":"product_tag","embeddable":true,"href":"https:\/\/cmykprinted.com\/fr\/wp-json\/wp\/v2\/product_tag?post=2556"}],"curies":[{"name":"wp","href":"https:\/\/api.w.org\/{rel}","templated":true}]}}