{"id":2575,"date":"2025-05-21T05:01:58","date_gmt":"2025-05-21T05:01:58","guid":{"rendered":"https:\/\/cmykprinted.com\/?post_type=product&#038;p=2575"},"modified":"2025-05-21T05:01:58","modified_gmt":"2025-05-21T05:01:58","slug":"australia-feather-flags-for-brands-and-events-selbys","status":"publish","type":"product","link":"https:\/\/cmykprinted.com\/fr\/produit\/australie-drapeaux-plume-pour-marques-et-evenements-selbys\/","title":{"rendered":"Drapeaux \u00e0 plumes australiens pour marques et \u00e9v\u00e9nements Selby&#039;s"},"content":{"rendered":"","protected":false},"excerpt":{"rendered":"<p>Les drapeaux plumes sont un outil marketing tr\u00e8s efficace et accrocheur, con\u00e7u pour attirer l&#039;attention et promouvoir votre marque, votre \u00e9v\u00e9nement ou votre message en tout lieu. Leur forme haute et \u00e9l\u00e9gante, ainsi que leur mouvement dynamique au vent, les rendent parfaits pour une utilisation en int\u00e9rieur comme en ext\u00e9rieur. Que vous organisiez un \u00e9v\u00e9nement d&#039;entreprise, installiez un stand sur un salon professionnel, sponsorisiez un match sportif ou annonciez une promotion commerciale, les drapeaux plumes offrent une visibilit\u00e9 et un impact maximum.<\/p>\n<p>Les drapeaux plumes personnalis\u00e9s peuvent \u00eatre enti\u00e8rement imprim\u00e9s avec votre logo, vos couleurs et votre message, permettant \u00e0 votre marque de se d\u00e9marquer dans un espace bond\u00e9. L\u00e9gers, faciles \u00e0 assembler et portables, ils simplifient l&#039;installation et le transport. Gr\u00e2ce \u00e0 une vari\u00e9t\u00e9 d&#039;options de base, comme des pieds crois\u00e9s, des piquets ou des sacs \u00e0 eau, ils restent stables dans diff\u00e9rents environnements.<\/p>\n<p>Durables et r\u00e9sistants aux intemp\u00e9ries, les drapeaux plumes sont con\u00e7us pour durer. Disponibles en impression recto ou recto-verso, ils offrent une grande flexibilit\u00e9 pour s&#039;adapter \u00e0 vos besoins promotionnels. Leur design \u00e9pur\u00e9 en fait une alternative \u00e9l\u00e9gante \u00e0 la signal\u00e9tique traditionnelle.<\/p>\n<p>Des agences immobili\u00e8res aux centres de fitness, en passant par les festivals et les inaugurations, les drapeaux plumes sont un moyen \u00e9conomique d&#039;accro\u00eetre votre visibilit\u00e9 et de cr\u00e9er une impression professionnelle. Investissez dans des drapeaux plumes personnalis\u00e9s pour renforcer la pr\u00e9sence de votre marque et rendre votre \u00e9v\u00e9nement inoubliable.<\/p>\n<div style=\"width: 720px;\" class=\"wp-video\"><!--[if lt IE 9]><script>document.createElement('video');<\/script><![endif]--><br \/>\n<video class=\"wp-video-shortcode\" id=\"video-2575-1\" width=\"720\" height=\"1280\" preload=\"metadata\" controls=\"controls\"><source type=\"video\/mp4\" src=\"https:\/\/cmykprinted.com\/wp-content\/uploads\/2025\/05\/Australia-Feather-Flags.mp4?_=1\" \/><a href=\"https:\/\/cmykprinted.com\/wp-content\/uploads\/2025\/05\/Australia-Feather-Flags.mp4\">https:\/\/cmykprinted.com\/wp-content\/uploads\/2025\/05\/Australia-Feather-Flags.mp4<\/a><\/video><\/div>\n<p>&nbsp;<\/p>","protected":false},"featured_media":2577,"template":"","meta":{"_kad_post_transparent":"default","_kad_post_title":"hide","_kad_post_layout":"fullwidth","_kad_post_sidebar_id":"","_kad_post_content_style":"unboxed","_kad_post_vertical_padding":"hide","_kad_post_feature":"hide","_kad_post_feature_position":"","_kad_post_header":false,"_kad_post_footer":false},"product_cat":[64,65],"product_tag":[571,570,569,572],"class_list":{"0":"post-2575","1":"product","2":"type-product","3":"status-publish","4":"has-post-thumbnail","6":"product_cat-beach-flags","7":"product_cat-feather-flags-banners","8":"product_tag-australia-feather-flags","9":"product_tag-australia-feather-flags-for-brands-and-events","10":"product_tag-feather-flags-for-brands-and-events","11":"product_tag-feather-flags-for-brands-and-events-selbys","13":"first","14":"instock","15":"shipping-taxable","16":"product-type-simple","17":"entry","18":"content-bg","19":"loop-entry"},"_links":{"self":[{"href":"https:\/\/cmykprinted.com\/fr\/wp-json\/wp\/v2\/product\/2575","targetHints":{"allow":["GET"]}}],"collection":[{"href":"https:\/\/cmykprinted.com\/fr\/wp-json\/wp\/v2\/product"}],"about":[{"href":"https:\/\/cmykprinted.com\/fr\/wp-json\/wp\/v2\/types\/product"}],"version-history":[{"count":1,"href":"https:\/\/cmykprinted.com\/fr\/wp-json\/wp\/v2\/product\/2575\/revisions"}],"predecessor-version":[{"id":2581,"href":"https:\/\/cmykprinted.com\/fr\/wp-json\/wp\/v2\/product\/2575\/revisions\/2581"}],"wp:featuredmedia":[{"embeddable":true,"href":"https:\/\/cmykprinted.com\/fr\/wp-json\/wp\/v2\/media\/2577"}],"wp:attachment":[{"href":"https:\/\/cmykprinted.com\/fr\/wp-json\/wp\/v2\/media?parent=2575"}],"wp:term":[{"taxonomy":"product_cat","embeddable":true,"href":"https:\/\/cmykprinted.com\/fr\/wp-json\/wp\/v2\/product_cat?post=2575"},{"taxonomy":"product_tag","embeddable":true,"href":"https:\/\/cmykprinted.com\/fr\/wp-json\/wp\/v2\/product_tag?post=2575"}],"curies":[{"name":"wp","href":"https:\/\/api.w.org\/{rel}","templated":true}]}}