{"id":2591,"date":"2025-05-21T09:11:06","date_gmt":"2025-05-21T09:11:06","guid":{"rendered":"https:\/\/cmykprinted.com\/?post_type=product&#038;p=2591"},"modified":"2025-05-23T14:07:36","modified_gmt":"2025-05-23T14:07:36","slug":"custom-printed-promotional-tablecloths-australia","status":"publish","type":"product","link":"https:\/\/cmykprinted.com\/fr\/produit\/nappes-publicitaires-imprimees-sur-mesure-australie\/","title":{"rendered":"Nappes promotionnelles imprim\u00e9es sur mesure en Australie"},"content":{"rendered":"","protected":false},"excerpt":{"rendered":"<p data-start=\"197\" data-end=\"540\">Les nappes promotionnelles imprim\u00e9es sur mesure sont un outil de branding essentiel pour les entreprises et organisations souhaitant cr\u00e9er une pr\u00e9sentation professionnelle et accrocheuse lors de salons, d&#039;expositions, de lancements de produits et autres \u00e9v\u00e9nements en Australie. Con\u00e7ues pour am\u00e9liorer la visibilit\u00e9 et la pr\u00e9sence de la marque, ces nappes allient fonctionnalit\u00e9 et style.<\/p>\n<p data-start=\"542\" data-end=\"865\">Nos nappes sont fabriqu\u00e9es en polyester de haute qualit\u00e9, reconnu pour sa durabilit\u00e9, sa r\u00e9sistance aux plis et la richesse de ses couleurs. Gr\u00e2ce \u00e0 l&#039;impression par sublimation, nous pouvons personnaliser enti\u00e8rement votre nappe avec des logos, des slogans, des illustrations ou des motifs sur toute la surface, pour que votre marque soit visible sous tous les angles.<\/p>\n<p data-start=\"867\" data-end=\"931\">Nous proposons une vari\u00e9t\u00e9 de styles pour r\u00e9pondre \u00e0 diff\u00e9rents besoins, notamment :<\/p>\n<ul data-start=\"932\" data-end=\"1201\">\n<li data-start=\"932\" data-end=\"1022\">\n<p data-start=\"934\" data-end=\"1022\"><strong data-start=\"934\" data-end=\"961\">Nappes amples\/drap\u00e9es<\/strong> \u2013 Une option polyvalente qui s\u2019adapte \u00e0 la plupart des tables \u00e0 tr\u00e9teaux standard.<\/p>\n<\/li>\n<li data-start=\"1023\" data-end=\"1105\">\n<p data-start=\"1025\" data-end=\"1105\"><strong data-start=\"1025\" data-end=\"1048\">Housses de table ajust\u00e9es<\/strong> \u2013 Offre une apparence propre et sur mesure avec des lignes nettes.<\/p>\n<\/li>\n<li data-start=\"1106\" data-end=\"1201\">\n<p data-start=\"1108\" data-end=\"1201\"><strong data-start=\"1108\" data-end=\"1132\">Housses de table extensibles<\/strong> \u2013 Modernes et \u00e9l\u00e9gants, ils offrent une coupe ajust\u00e9e avec un aspect sans plis.<\/p>\n<\/li>\n<\/ul>\n<p data-start=\"1203\" data-end=\"1377\">Dimensions disponibles pour les tables de 1,20 m, 1,80 m et 2,40 m, avec des dimensions personnalis\u00e9es sur demande. Les options incluent un dossier ouvert (pour le personnel assis ou l&#039;acc\u00e8s au rangement) ou ferm\u00e9.<\/p>\n<p data-start=\"1379\" data-end=\"1529\">Parfaites pour une utilisation int\u00e9rieure et ext\u00e9rieure, ces nappes promotionnelles sont lavables en machine et r\u00e9utilisables, ce qui en fait un investissement marketing rentable.<\/p>\n<p data-start=\"1531\" data-end=\"1673\">Que vous exposiez \u00e0 Sydney, Melbourne, Brisbane ou Perth, nos nappes imprim\u00e9es personnalis\u00e9es vous aident \u00e0 faire une impression forte et durable.<\/p>\n<div style=\"width: 1280px;\" class=\"wp-video\"><!--[if lt IE 9]><script>document.createElement('video');<\/script><![endif]--><br \/>\n<video class=\"wp-video-shortcode\" id=\"video-2591-1\" width=\"1280\" height=\"720\" preload=\"metadata\" controls=\"controls\"><source type=\"video\/mp4\" src=\"https:\/\/cmykprinted.com\/wp-content\/uploads\/2025\/05\/Promotional-Tablecloths-Australia.mp4?_=1\" \/><a href=\"https:\/\/cmykprinted.com\/wp-content\/uploads\/2025\/05\/Promotional-Tablecloths-Australia.mp4\">https:\/\/cmykprinted.com\/wp-content\/uploads\/2025\/05\/Promotional-Tablecloths-Australia.mp4<\/a><\/video><\/div>","protected":false},"featured_media":2610,"template":"","meta":{"_kad_post_transparent":"default","_kad_post_title":"hide","_kad_post_layout":"fullwidth","_kad_post_sidebar_id":"","_kad_post_content_style":"unboxed","_kad_post_vertical_padding":"hide","_kad_post_feature":"hide","_kad_post_feature_position":"","_kad_post_header":false,"_kad_post_footer":false},"product_cat":[80,81],"product_tag":[577,579,578,576],"class_list":{"0":"post-2591","1":"product","2":"type-product","3":"status-publish","4":"has-post-thumbnail","6":"product_cat-custom-tablecloth","7":"product_cat-custom-stretch-tablecloth","8":"product_tag-custom-printed-promotional-tablecloths","9":"product_tag-custom-printed-tablecloths","10":"product_tag-printed-promotional-tablecloths","11":"product_tag-promotional-tablecloths-australia","13":"first","14":"instock","15":"shipping-taxable","16":"product-type-simple","17":"entry","18":"content-bg","19":"loop-entry"},"_links":{"self":[{"href":"https:\/\/cmykprinted.com\/fr\/wp-json\/wp\/v2\/product\/2591","targetHints":{"allow":["GET"]}}],"collection":[{"href":"https:\/\/cmykprinted.com\/fr\/wp-json\/wp\/v2\/product"}],"about":[{"href":"https:\/\/cmykprinted.com\/fr\/wp-json\/wp\/v2\/types\/product"}],"version-history":[{"count":2,"href":"https:\/\/cmykprinted.com\/fr\/wp-json\/wp\/v2\/product\/2591\/revisions"}],"predecessor-version":[{"id":2611,"href":"https:\/\/cmykprinted.com\/fr\/wp-json\/wp\/v2\/product\/2591\/revisions\/2611"}],"wp:featuredmedia":[{"embeddable":true,"href":"https:\/\/cmykprinted.com\/fr\/wp-json\/wp\/v2\/media\/2610"}],"wp:attachment":[{"href":"https:\/\/cmykprinted.com\/fr\/wp-json\/wp\/v2\/media?parent=2591"}],"wp:term":[{"taxonomy":"product_cat","embeddable":true,"href":"https:\/\/cmykprinted.com\/fr\/wp-json\/wp\/v2\/product_cat?post=2591"},{"taxonomy":"product_tag","embeddable":true,"href":"https:\/\/cmykprinted.com\/fr\/wp-json\/wp\/v2\/product_tag?post=2591"}],"curies":[{"name":"wp","href":"https:\/\/api.w.org\/{rel}","templated":true}]}}