{"id":2612,"date":"2025-05-26T09:45:45","date_gmt":"2025-05-26T09:45:45","guid":{"rendered":"https:\/\/cmykprinted.com\/?post_type=product&#038;p=2612"},"modified":"2025-05-26T12:51:05","modified_gmt":"2025-05-26T12:51:05","slug":"cheap-custom-stretch-printed-tablecloth-near-me","status":"publish","type":"product","link":"https:\/\/cmykprinted.com\/fr\/produit\/nappe-imprimee-extensible-personnalisee-pas-chere-pres-de-moi\/","title":{"rendered":"Nappe extensible imprim\u00e9e sur mesure \u00e0 bas prix pr\u00e8s de chez moi"},"content":{"rendered":"","protected":false},"excerpt":{"rendered":"<p data-start=\"139\" data-end=\"468\">Vous cherchez un moyen abordable d&#039;embellir votre stand ou votre table d&#039;exposition lors d&#039;\u00e9v\u00e9nements\u00a0? Notre <strong data-start=\"223\" data-end=\"267\">Nappes extensibles imprim\u00e9es sur mesure \u00e0 bas prix<\/strong> La solution id\u00e9ale\u00a0! Con\u00e7ues pour s&#039;adapter parfaitement aux tables standard de 1,8 et 2,4 m, ces nappes extensibles cr\u00e9ent un look \u00e9pur\u00e9 et professionnel tout en mettant en valeur votre marque gr\u00e2ce \u00e0 une impression couleur \u00e9clatante.<\/p>\n<p data-start=\"470\" data-end=\"837\">Fabriqu\u00e9es en polyester \u00e9lasthanne infroissable de haute qualit\u00e9, ces housses sont durables, r\u00e9utilisables et lavables en machine. Leur tissu extensible \u00e9pouse les contours de votre table pour un look \u00e9l\u00e9gant et moderne, sans pinces ni \u00e9pingles. Personnalisez-les avec le logo, le slogan ou les \u00e9l\u00e9ments graphiques de votre entreprise pour une visibilit\u00e9 optimale lors des salons, march\u00e9s, expositions et \u00e9v\u00e9nements d&#039;entreprise.<\/p>\n<p data-start=\"839\" data-end=\"1105\">Disponibles avec dos ouvert ou ferm\u00e9, et avec fermeture \u00e9clair pour plus de praticit\u00e9. Que vous soyez une petite entreprise, une start-up ou que vous pr\u00e9pariez votre prochain \u00e9v\u00e9nement commercial, nos nappes extensibles imprim\u00e9es offrent une solution de marquage \u00e9conomique pr\u00e8s de chez vous.<\/p>\n<p data-start=\"1107\" data-end=\"1265\">Livraison locale rapide, commande en ligne facile et remises sur les commandes en gros. Faites-vous remarquer sans vous ruiner\u00a0: commandez d\u00e8s aujourd&#039;hui votre nappe extensible sur mesure\u00a0!<\/p>\n<div style=\"width: 960px;\" class=\"wp-video\"><!--[if lt IE 9]><script>document.createElement('video');<\/script><![endif]--><br \/>\n<video class=\"wp-video-shortcode\" id=\"video-2612-1\" width=\"960\" height=\"544\" preload=\"metadata\" controls=\"controls\"><source type=\"video\/mp4\" src=\"https:\/\/cmykprinted.com\/wp-content\/uploads\/2025\/05\/Custom-Printed-Tablecloth-Stretch.mp4?_=1\" \/><a href=\"https:\/\/cmykprinted.com\/wp-content\/uploads\/2025\/05\/Custom-Printed-Tablecloth-Stretch.mp4\">https:\/\/cmykprinted.com\/wp-content\/uploads\/2025\/05\/Custom-Printed-Tablecloth-Stretch.mp4<\/a><\/video><\/div>","protected":false},"featured_media":2614,"template":"","meta":{"_kad_post_transparent":"default","_kad_post_title":"hide","_kad_post_layout":"fullwidth","_kad_post_sidebar_id":"","_kad_post_content_style":"unboxed","_kad_post_vertical_padding":"hide","_kad_post_feature":"hide","_kad_post_feature_position":"","_kad_post_header":false,"_kad_post_footer":false},"product_cat":[80,81],"product_tag":[585,584,583,586],"class_list":{"0":"post-2612","1":"product","2":"type-product","3":"status-publish","4":"has-post-thumbnail","6":"product_cat-custom-tablecloth","7":"product_cat-custom-stretch-tablecloth","8":"product_tag-cheap-custom-stretch-printed-tablecloth","9":"product_tag-custom-stretch-printed-tablecloth","10":"product_tag-stretch-printed-tablecloth","11":"product_tag-stretch-printed-tablecloth-near-me","13":"first","14":"instock","15":"shipping-taxable","16":"product-type-simple","17":"entry","18":"content-bg","19":"loop-entry"},"_links":{"self":[{"href":"https:\/\/cmykprinted.com\/fr\/wp-json\/wp\/v2\/product\/2612","targetHints":{"allow":["GET"]}}],"collection":[{"href":"https:\/\/cmykprinted.com\/fr\/wp-json\/wp\/v2\/product"}],"about":[{"href":"https:\/\/cmykprinted.com\/fr\/wp-json\/wp\/v2\/types\/product"}],"version-history":[{"count":1,"href":"https:\/\/cmykprinted.com\/fr\/wp-json\/wp\/v2\/product\/2612\/revisions"}],"predecessor-version":[{"id":2615,"href":"https:\/\/cmykprinted.com\/fr\/wp-json\/wp\/v2\/product\/2612\/revisions\/2615"}],"wp:featuredmedia":[{"embeddable":true,"href":"https:\/\/cmykprinted.com\/fr\/wp-json\/wp\/v2\/media\/2614"}],"wp:attachment":[{"href":"https:\/\/cmykprinted.com\/fr\/wp-json\/wp\/v2\/media?parent=2612"}],"wp:term":[{"taxonomy":"product_cat","embeddable":true,"href":"https:\/\/cmykprinted.com\/fr\/wp-json\/wp\/v2\/product_cat?post=2612"},{"taxonomy":"product_tag","embeddable":true,"href":"https:\/\/cmykprinted.com\/fr\/wp-json\/wp\/v2\/product_tag?post=2612"}],"curies":[{"name":"wp","href":"https:\/\/api.w.org\/{rel}","templated":true}]}}