{"id":2620,"date":"2025-05-27T07:13:40","date_gmt":"2025-05-27T07:13:40","guid":{"rendered":"https:\/\/cmykprinted.com\/?post_type=product&#038;p=2620"},"modified":"2025-05-27T07:45:05","modified_gmt":"2025-05-27T07:45:05","slug":"custom-printed-branded-tablecloth-for-events","status":"publish","type":"product","link":"https:\/\/cmykprinted.com\/fr\/produit\/nappe-personnalisee-imprimee-de-marque-pour-evenements\/","title":{"rendered":"Nappe de marque imprim\u00e9e personnalis\u00e9e pour \u00e9v\u00e9nements"},"content":{"rendered":"","protected":false},"excerpt":{"rendered":"<p>Une nappe imprim\u00e9e est un outil promotionnel essentiel pour toute entreprise participant \u00e0 des \u00e9v\u00e9nements tels que des salons professionnels, des expositions, des conf\u00e9rences, des lancements de produits et des op\u00e9rations marketing. Elle transforme une table standard en un pr\u00e9sentoir professionnel et attrayant qui permet \u00e0 votre marque de se d\u00e9marquer dans les environnements \u00e9v\u00e9nementiels les plus fr\u00e9quent\u00e9s. Fabriqu\u00e9es \u00e0 partir de tissus durables et de haute qualit\u00e9, comme le polyester ou l&#039;\u00e9lasthanne extensible, ces nappes sont con\u00e7ues pour une utilisation int\u00e9rieure comme ext\u00e9rieure.<\/p>\n<p>Le design inclut g\u00e9n\u00e9ralement votre logo, les couleurs de votre marque, votre slogan et d&#039;autres \u00e9l\u00e9ments graphiques pertinents, imprim\u00e9s en couleur par sublimation ou impression num\u00e9rique. Cela garantit des visuels \u00e9clatants et durables qui r\u00e9sistent \u00e0 la d\u00e9coloration, m\u00eame apr\u00e8s de nombreux lavages. Disponibles en diff\u00e9rents styles (ajust\u00e9s, amples ou extensibles), les nappes de marque peuvent \u00eatre personnalis\u00e9es pour s&#039;adapter \u00e0 des tables de tailles standard (1,20 m, 1,80 m ou 2,40 m), ou adapt\u00e9es \u00e0 des dimensions sp\u00e9cifiques.<\/p>\n<p>Que vous optiez pour un design \u00e0 trois c\u00f4t\u00e9s pour un acc\u00e8s facile au rangement sous la table ou pour une nappe int\u00e9grale \u00e0 quatre c\u00f4t\u00e9s pour un look soign\u00e9 \u00e0 360\u00b0, une nappe personnalis\u00e9e apporte une touche de professionnalisme et d&#039;homog\u00e9n\u00e9it\u00e9 \u00e0 votre marque. Facile \u00e0 plier, \u00e0 ranger et \u00e0 transporter, elle est id\u00e9ale pour les entreprises qui organisent r\u00e9guli\u00e8rement des \u00e9v\u00e9nements. Abordables, r\u00e9utilisables et efficaces, les nappes imprim\u00e9es personnalis\u00e9es constituent un investissement judicieux pour renforcer la pr\u00e9sence de votre marque lors de tout \u00e9v\u00e9nement.<\/p>\n<div style=\"width: 1280px;\" class=\"wp-video\"><!--[if lt IE 9]><script>document.createElement('video');<\/script><![endif]--><br \/>\n<video class=\"wp-video-shortcode\" id=\"video-2620-1\" width=\"1280\" height=\"720\" preload=\"metadata\" controls=\"controls\"><source type=\"video\/mp4\" src=\"https:\/\/cmykprinted.com\/wp-content\/uploads\/2025\/05\/Printed-Branded-Tablecloth-for-Events.mp4?_=1\" \/><a href=\"https:\/\/cmykprinted.com\/wp-content\/uploads\/2025\/05\/Printed-Branded-Tablecloth-for-Events.mp4\">https:\/\/cmykprinted.com\/wp-content\/uploads\/2025\/05\/Printed-Branded-Tablecloth-for-Events.mp4<\/a><\/video><\/div>","protected":false},"featured_media":2626,"template":"","meta":{"_kad_post_transparent":"default","_kad_post_title":"hide","_kad_post_layout":"fullwidth","_kad_post_sidebar_id":"","_kad_post_content_style":"unboxed","_kad_post_vertical_padding":"hide","_kad_post_feature":"hide","_kad_post_feature_position":"","_kad_post_header":false,"_kad_post_footer":false},"product_cat":[80,81,83],"product_tag":[587,590,589,588],"class_list":{"0":"post-2620","1":"product","2":"type-product","3":"status-publish","4":"has-post-thumbnail","6":"product_cat-custom-tablecloth","7":"product_cat-custom-stretch-tablecloth","8":"product_cat-fitted-table-cover","9":"product_tag-branded-tablecloth-for-events","10":"product_tag-custom-branded-tablecloth-for-events","11":"product_tag-custom-printed-branded-tablecloth-f","12":"product_tag-printed-branded-tablecloth","14":"first","15":"instock","16":"shipping-taxable","17":"product-type-simple","18":"entry","19":"content-bg","20":"loop-entry"},"_links":{"self":[{"href":"https:\/\/cmykprinted.com\/fr\/wp-json\/wp\/v2\/product\/2620","targetHints":{"allow":["GET"]}}],"collection":[{"href":"https:\/\/cmykprinted.com\/fr\/wp-json\/wp\/v2\/product"}],"about":[{"href":"https:\/\/cmykprinted.com\/fr\/wp-json\/wp\/v2\/types\/product"}],"version-history":[{"count":1,"href":"https:\/\/cmykprinted.com\/fr\/wp-json\/wp\/v2\/product\/2620\/revisions"}],"predecessor-version":[{"id":2622,"href":"https:\/\/cmykprinted.com\/fr\/wp-json\/wp\/v2\/product\/2620\/revisions\/2622"}],"wp:featuredmedia":[{"embeddable":true,"href":"https:\/\/cmykprinted.com\/fr\/wp-json\/wp\/v2\/media\/2626"}],"wp:attachment":[{"href":"https:\/\/cmykprinted.com\/fr\/wp-json\/wp\/v2\/media?parent=2620"}],"wp:term":[{"taxonomy":"product_cat","embeddable":true,"href":"https:\/\/cmykprinted.com\/fr\/wp-json\/wp\/v2\/product_cat?post=2620"},{"taxonomy":"product_tag","embeddable":true,"href":"https:\/\/cmykprinted.com\/fr\/wp-json\/wp\/v2\/product_tag?post=2620"}],"curies":[{"name":"wp","href":"https:\/\/api.w.org\/{rel}","templated":true}]}}