{"id":2627,"date":"2025-05-28T03:20:18","date_gmt":"2025-05-28T03:20:18","guid":{"rendered":"https:\/\/cmykprinted.com\/?post_type=product&#038;p=2627"},"modified":"2025-05-28T03:22:18","modified_gmt":"2025-05-28T03:22:18","slug":"custom-branded-table-cloth-with-bottom-price","status":"publish","type":"product","link":"https:\/\/cmykprinted.com\/fr\/produit\/nappe-personnalisee-de-marque-avec-prix-le-plus-bas\/","title":{"rendered":"Nappe de table personnalis\u00e9e \u00e0 prix r\u00e9duit"},"content":{"rendered":"","protected":false},"excerpt":{"rendered":"<p data-start=\"235\" data-end=\"483\">Vous cherchez un moyen \u00e9conomique de mettre en avant votre marque lors d&#039;\u00e9v\u00e9nements sans compromettre la qualit\u00e9\u00a0? Notre <strong data-start=\"335\" data-end=\"376\">Nappe de marque \u00e0 prix r\u00e9duit<\/strong> est la solution id\u00e9ale pour les entreprises soucieuses de leur budget qui souhaitent n\u00e9anmoins faire une impression professionnelle.<\/p>\n<p data-start=\"485\" data-end=\"818\">Que vous participiez \u00e0 des salons professionnels, \u00e0 des expositions ou \u00e0 une boutique \u00e9ph\u00e9m\u00e8re, cette nappe apportera une touche d&#039;\u00e9l\u00e9gance, de coh\u00e9rence et d&#039;image \u00e0 votre installation. Fabriqu\u00e9e en polyester r\u00e9sistant, elle est l\u00e9g\u00e8re, infroissable et facile d&#039;entretien\u00a0: id\u00e9ale pour les entreprises qui se d\u00e9placent fr\u00e9quemment ou qui s&#039;installent sur plusieurs \u00e9v\u00e9nements.<\/p>\n<p data-start=\"820\" data-end=\"1149\">Imprim\u00e9s gr\u00e2ce \u00e0 une technologie de sublimation de haute qualit\u00e9, votre logo et les couleurs de votre marque sont nets et \u00e9clatants, vous permettant de vous d\u00e9marquer. L&#039;encre est int\u00e9gr\u00e9e au tissu, ce qui garantit que le motif ne s&#039;\u00e9caille pas et ne s&#039;estompe pas au lavage. Vous b\u00e9n\u00e9ficiez d&#039;un support promotionnel durable \u00e0 un prix bien inf\u00e9rieur \u00e0 celui des autres supports d&#039;affichage de marque.<\/p>\n<p data-start=\"1151\" data-end=\"1429\">Cette nappe est disponible en plusieurs tailles (1,20 m, 1,80 m, 2,40 m) et styles (ajust\u00e9e, drap\u00e9e ou extensible) pour r\u00e9pondre \u00e0 tous vos besoins. Pliable et compacte, elle facilite le transport et le rangement, ce qui la rend id\u00e9ale pour les petites entreprises, les startups et les \u00e9quipes marketing aux budgets serr\u00e9s.<\/p>\n<p data-start=\"1431\" data-end=\"1712\">En bref, il s&#039;agit d&#039;un investissement \u00e9conomique pour une image de marque percutante. B\u00e9n\u00e9ficiez de l&#039;apparence d&#039;un pr\u00e9sentoir haut de gamme sans le prix \u00e9lev\u00e9. Si vous recherchez <strong data-start=\"1588\" data-end=\"1648\">excellent rapport qualit\u00e9-prix, qualit\u00e9 fiable et forte pr\u00e9sence de la marque<\/strong>, notre nappe de marque \u00e0 prix bas est le choix intelligent.<\/p>\n<div style=\"width: 1280px;\" class=\"wp-video\"><!--[if lt IE 9]><script>document.createElement('video');<\/script><![endif]--><br \/>\n<video class=\"wp-video-shortcode\" id=\"video-2627-1\" width=\"1280\" height=\"720\" preload=\"metadata\" controls=\"controls\"><source type=\"video\/mp4\" src=\"https:\/\/cmykprinted.com\/wp-content\/uploads\/2025\/05\/Printed-Branded-Tablecloth-for-Events.mp4?_=1\" \/><a href=\"https:\/\/cmykprinted.com\/wp-content\/uploads\/2025\/05\/Printed-Branded-Tablecloth-for-Events.mp4\">https:\/\/cmykprinted.com\/wp-content\/uploads\/2025\/05\/Printed-Branded-Tablecloth-for-Events.mp4<\/a><\/video><\/div>","protected":false},"featured_media":2630,"template":"","meta":{"_kad_post_transparent":"default","_kad_post_title":"hide","_kad_post_layout":"fullwidth","_kad_post_sidebar_id":"","_kad_post_content_style":"unboxed","_kad_post_vertical_padding":"hide","_kad_post_feature":"hide","_kad_post_feature_position":"","_kad_post_header":false,"_kad_post_footer":false},"product_cat":[80,81,83],"product_tag":[592,591,593],"class_list":{"0":"post-2627","1":"product","2":"type-product","3":"status-publish","4":"has-post-thumbnail","6":"product_cat-custom-tablecloth","7":"product_cat-custom-stretch-tablecloth","8":"product_cat-fitted-table-cover","9":"product_tag-branded-table-cloth","10":"product_tag-branded-table-cloth-price","11":"product_tag-custom-branded-table-cloth","13":"first","14":"instock","15":"shipping-taxable","16":"product-type-simple","17":"entry","18":"content-bg","19":"loop-entry"},"_links":{"self":[{"href":"https:\/\/cmykprinted.com\/fr\/wp-json\/wp\/v2\/product\/2627","targetHints":{"allow":["GET"]}}],"collection":[{"href":"https:\/\/cmykprinted.com\/fr\/wp-json\/wp\/v2\/product"}],"about":[{"href":"https:\/\/cmykprinted.com\/fr\/wp-json\/wp\/v2\/types\/product"}],"version-history":[{"count":2,"href":"https:\/\/cmykprinted.com\/fr\/wp-json\/wp\/v2\/product\/2627\/revisions"}],"predecessor-version":[{"id":2633,"href":"https:\/\/cmykprinted.com\/fr\/wp-json\/wp\/v2\/product\/2627\/revisions\/2633"}],"wp:featuredmedia":[{"embeddable":true,"href":"https:\/\/cmykprinted.com\/fr\/wp-json\/wp\/v2\/media\/2630"}],"wp:attachment":[{"href":"https:\/\/cmykprinted.com\/fr\/wp-json\/wp\/v2\/media?parent=2627"}],"wp:term":[{"taxonomy":"product_cat","embeddable":true,"href":"https:\/\/cmykprinted.com\/fr\/wp-json\/wp\/v2\/product_cat?post=2627"},{"taxonomy":"product_tag","embeddable":true,"href":"https:\/\/cmykprinted.com\/fr\/wp-json\/wp\/v2\/product_tag?post=2627"}],"curies":[{"name":"wp","href":"https:\/\/api.w.org\/{rel}","templated":true}]}}