{"id":2634,"date":"2025-05-28T05:01:54","date_gmt":"2025-05-28T05:01:54","guid":{"rendered":"https:\/\/cmykprinted.com\/?post_type=product&#038;p=2634"},"modified":"2025-05-28T05:01:54","modified_gmt":"2025-05-28T05:01:54","slug":"custom-metal-transfer-logo-stickers-for-perfume-bottle","status":"publish","type":"product","link":"https:\/\/cmykprinted.com\/fr\/produit\/autocollants-logo-transfert-metal-personnalises-pour-bouteille-de-parfum\/","title":{"rendered":"Autocollants de logo de transfert en m\u00e9tal personnalis\u00e9s pour flacon de parfum"},"content":{"rendered":"","protected":false},"excerpt":{"rendered":"<p>Sublimez l&#039;\u00e9l\u00e9gance et l&#039;identit\u00e9 de votre produit avec nos autocollants de logo personnalis\u00e9s en m\u00e9tal de qualit\u00e9 sup\u00e9rieure, sp\u00e9cialement con\u00e7us pour les flacons de parfum. Ces autocollants m\u00e9talliques haut de gamme offrent une finition luxueuse et professionnelle qui sublime instantan\u00e9ment votre emballage et refl\u00e8te la qualit\u00e9 de votre marque.<\/p>\n<p>Fabriqu\u00e9s \u00e0 l&#039;aide d&#039;une technologie de transfert avanc\u00e9e, ces autocollants pr\u00e9sentent une surface m\u00e9tallique \u00e9l\u00e9gante et des d\u00e9tails pr\u00e9cis, parfaits pour les logos, les noms de marque ou les \u00e9l\u00e9ments d\u00e9coratifs. L&#039;application par transfert garantit que seule la partie m\u00e9tallique adh\u00e8re \u00e0 la surface, sans laisser de fond ni de bord adh\u00e9sif, cr\u00e9ant ainsi un effet grav\u00e9 et homog\u00e8ne directement sur la bouteille en verre ou en plastique.<\/p>\n<p>Disponibles dans une vari\u00e9t\u00e9 de finitions telles que l&#039;or, l&#039;argent, l&#039;or rose, le noir mat et le chrome, nos autocollants logo en m\u00e9tal peuvent \u00eatre personnalis\u00e9s pour s&#039;adapter \u00e0 l&#039;esth\u00e9tique de votre marque. Que vous pr\u00e9f\u00e9riez un monogramme minimaliste ou un logo sophistiqu\u00e9, nous proposons des solutions sur mesure pour r\u00e9pondre \u00e0 vos besoins sp\u00e9cifiques.<\/p>\n<p>Ces autocollants sont non seulement esth\u00e9tiques, mais aussi durables\u00a0: ils r\u00e9sistent \u00e0 l&#039;eau, \u00e0 l&#039;huile et aux parfums, garantissant ainsi la p\u00e9rennit\u00e9 de votre image de marque. Parfaits pour les parfums de luxe, les produits cosm\u00e9tiques ou les objets promotionnels haut de gamme.<\/p>\n<p>Notre \u00e9quipe de conception travaillera en \u00e9troite collaboration avec vous pour cr\u00e9er l&#039;autocollant logo id\u00e9al, en harmonie avec l&#039;identit\u00e9 de votre marque. Quantit\u00e9 minimale de commande et prix de gros disponibles pour les commandes en gros.<\/p>\n<p>Am\u00e9liorez votre emballage avec \u00e9l\u00e9gance et distinction \u2014 choisissez nos autocollants de logo de transfert en m\u00e9tal personnalis\u00e9s pour une touche finale sophistiqu\u00e9e.<\/p>\n<div style=\"width: 480px;\" class=\"wp-video\"><!--[if lt IE 9]><script>document.createElement('video');<\/script><![endif]--><br \/>\n<video class=\"wp-video-shortcode\" id=\"video-2634-1\" width=\"480\" height=\"480\" preload=\"metadata\" controls=\"controls\"><source type=\"video\/mp4\" src=\"https:\/\/cmykprinted.com\/wp-content\/uploads\/2025\/05\/Metal-Transfer-Logo-Stickers-For-Perfume-Bottle.mp4?_=1\" \/><a href=\"https:\/\/cmykprinted.com\/wp-content\/uploads\/2025\/05\/Metal-Transfer-Logo-Stickers-For-Perfume-Bottle.mp4\">https:\/\/cmykprinted.com\/wp-content\/uploads\/2025\/05\/Metal-Transfer-Logo-Stickers-For-Perfume-Bottle.mp4<\/a><\/video><\/div>","protected":false},"featured_media":2635,"template":"","meta":{"_kad_post_transparent":"default","_kad_post_title":"hide","_kad_post_layout":"fullwidth","_kad_post_sidebar_id":"","_kad_post_content_style":"unboxed","_kad_post_vertical_padding":"hide","_kad_post_feature":"hide","_kad_post_feature_position":"","_kad_post_header":false,"_kad_post_footer":false},"product_cat":[101,102],"product_tag":[596,594,595,597],"class_list":{"0":"post-2634","1":"product","2":"type-product","3":"status-publish","4":"has-post-thumbnail","6":"product_cat-transfer-stickers","7":"product_cat-metal-transfer-stickers","8":"product_tag-custom-metal-transfer-logo-stickers","9":"product_tag-logo-stickers-for-perfume-bottle","10":"product_tag-metal-transfer-logo-stickers","11":"product_tag-transfer-logo-stickers-for-perfume-bottle","13":"first","14":"instock","15":"shipping-taxable","16":"product-type-simple","17":"entry","18":"content-bg","19":"loop-entry"},"_links":{"self":[{"href":"https:\/\/cmykprinted.com\/fr\/wp-json\/wp\/v2\/product\/2634","targetHints":{"allow":["GET"]}}],"collection":[{"href":"https:\/\/cmykprinted.com\/fr\/wp-json\/wp\/v2\/product"}],"about":[{"href":"https:\/\/cmykprinted.com\/fr\/wp-json\/wp\/v2\/types\/product"}],"version-history":[{"count":1,"href":"https:\/\/cmykprinted.com\/fr\/wp-json\/wp\/v2\/product\/2634\/revisions"}],"predecessor-version":[{"id":2640,"href":"https:\/\/cmykprinted.com\/fr\/wp-json\/wp\/v2\/product\/2634\/revisions\/2640"}],"wp:featuredmedia":[{"embeddable":true,"href":"https:\/\/cmykprinted.com\/fr\/wp-json\/wp\/v2\/media\/2635"}],"wp:attachment":[{"href":"https:\/\/cmykprinted.com\/fr\/wp-json\/wp\/v2\/media?parent=2634"}],"wp:term":[{"taxonomy":"product_cat","embeddable":true,"href":"https:\/\/cmykprinted.com\/fr\/wp-json\/wp\/v2\/product_cat?post=2634"},{"taxonomy":"product_tag","embeddable":true,"href":"https:\/\/cmykprinted.com\/fr\/wp-json\/wp\/v2\/product_tag?post=2634"}],"curies":[{"name":"wp","href":"https:\/\/api.w.org\/{rel}","templated":true}]}}